{"id":405,"date":"2025-09-09T11:47:41","date_gmt":"2025-09-09T11:47:41","guid":{"rendered":"https:\/\/ritualflamenco.com\/ueber\/"},"modified":"2025-10-10T12:57:27","modified_gmt":"2025-10-10T12:57:27","slug":"ueber","status":"publish","type":"page","link":"https:\/\/ritualflamenco.com\/de\/ueber\/","title":{"rendered":"\u00dcber"},"content":{"rendered":"\t\t<div data-elementor-type=\"wp-page\" data-elementor-id=\"405\" class=\"elementor elementor-405 elementor-44\" data-elementor-post-type=\"page\">\n\t\t\t\t<div class=\"elementor-element elementor-element-446e5a4 e-flex e-con-boxed e-con e-parent\" data-id=\"446e5a4\" data-element_type=\"container\">\n\t\t\t\t\t<div class=\"e-con-inner\">\n\t\t<div class=\"elementor-element elementor-element-444dfbe e-con-full e-flex e-con e-child\" data-id=\"444dfbe\" data-element_type=\"container\">\n\t\t\t\t<div class=\"elementor-element elementor-element-5dc82eb elementor-invisible elementor-widget elementor-widget-heading\" data-id=\"5dc82eb\" data-element_type=\"widget\" data-settings=\"{&quot;_animation&quot;:&quot;fadeIn&quot;}\" data-widget_type=\"heading.default\">\n\t\t\t\t\t<h1 class=\"elementor-heading-title elementor-size-default\">\u00dcber<br>Ritual <br>Flamenco<\/h1>\t\t\t\t<\/div>\n\t\t\t\t<\/div>\n\t\t<div class=\"elementor-element elementor-element-52085d8 e-con-full e-flex e-con e-child\" data-id=\"52085d8\" data-element_type=\"container\">\n\t\t\t\t<div class=\"elementor-element elementor-element-c682d7e elementor-invisible elementor-widget elementor-widget-image\" data-id=\"c682d7e\" data-element_type=\"widget\" data-settings=\"{&quot;_animation&quot;:&quot;fadeIn&quot;}\" data-widget_type=\"image.default\">\n\t\t\t\t\t\t\t\t\t\t\t\t\t\t\t<img fetchpriority=\"high\" decoding=\"async\" width=\"920\" height=\"1024\" src=\"https:\/\/ritualflamenco.com\/wp-content\/uploads\/2025\/09\/about-ritual-920x1024.jpg\" class=\"attachment-large size-large wp-image-382\" alt=\"\" srcset=\"https:\/\/ritualflamenco.com\/wp-content\/uploads\/2025\/09\/about-ritual-920x1024.jpg 920w, https:\/\/ritualflamenco.com\/wp-content\/uploads\/2025\/09\/about-ritual-270x300.jpg 270w, https:\/\/ritualflamenco.com\/wp-content\/uploads\/2025\/09\/about-ritual-768x855.jpg 768w, https:\/\/ritualflamenco.com\/wp-content\/uploads\/2025\/09\/about-ritual-1380x1536.jpg 1380w, https:\/\/ritualflamenco.com\/wp-content\/uploads\/2025\/09\/about-ritual-1841x2048.jpg 1841w\" sizes=\"(max-width: 920px) 100vw, 920px\" \/>\t\t\t\t\t\t\t\t\t\t\t\t\t\t\t<\/div>\n\t\t\t\t<\/div>\n\t\t\t\t\t<\/div>\n\t\t\t\t<\/div>\n\t\t<div class=\"elementor-element elementor-element-e40c18f e-flex e-con-boxed e-con e-parent\" data-id=\"e40c18f\" data-element_type=\"container\">\n\t\t\t\t\t<div class=\"e-con-inner\">\n\t\t<div class=\"elementor-element elementor-element-859dc5c e-con-full e-flex e-con e-child\" data-id=\"859dc5c\" data-element_type=\"container\">\n\t\t\t\t<div class=\"elementor-element elementor-element-fed67b3 elementor-invisible elementor-widget elementor-widget-image\" data-id=\"fed67b3\" data-element_type=\"widget\" data-settings=\"{&quot;_animation&quot;:&quot;fadeIn&quot;}\" data-widget_type=\"image.default\">\n\t\t\t\t\t\t\t\t\t\t\t\t\t\t\t<img decoding=\"async\" width=\"770\" height=\"1024\" src=\"https:\/\/ritualflamenco.com\/wp-content\/uploads\/2025\/09\/ritual4-770x1024.jpg\" class=\"attachment-large size-large wp-image-383\" alt=\"\" srcset=\"https:\/\/ritualflamenco.com\/wp-content\/uploads\/2025\/09\/ritual4-770x1024.jpg 770w, https:\/\/ritualflamenco.com\/wp-content\/uploads\/2025\/09\/ritual4-226x300.jpg 226w, https:\/\/ritualflamenco.com\/wp-content\/uploads\/2025\/09\/ritual4-768x1021.jpg 768w, https:\/\/ritualflamenco.com\/wp-content\/uploads\/2025\/09\/ritual4-1155x1536.jpg 1155w, https:\/\/ritualflamenco.com\/wp-content\/uploads\/2025\/09\/ritual4-1540x2048.jpg 1540w, https:\/\/ritualflamenco.com\/wp-content\/uploads\/2025\/09\/ritual4-scaled.jpg 1925w\" sizes=\"(max-width: 770px) 100vw, 770px\" \/>\t\t\t\t\t\t\t\t\t\t\t\t\t\t\t<\/div>\n\t\t\t\t<\/div>\n\t\t<div class=\"elementor-element elementor-element-f99a370 e-con-full e-flex e-con e-child\" data-id=\"f99a370\" data-element_type=\"container\">\n\t\t\t\t<div class=\"elementor-element elementor-element-a7b8a1a elementor-invisible elementor-widget elementor-widget-text-editor\" data-id=\"a7b8a1a\" data-element_type=\"widget\" data-settings=\"{&quot;_animation&quot;:&quot;fadeIn&quot;}\" data-widget_type=\"text-editor.default\">\n\t\t\t\t\t\t\t\t\t<p><strong data-start=\"205\" data-end=\"224\">Ritual Flamenco<\/strong> ist mehr als eine Vorstellung \u2013 es ist eine Reise in die lebendige Seele von Spaniens leidenschaftlichster Kunstform.<\/p><p>In <strong data-start=\"335\" data-end=\"356\">Palma de Mallorca<\/strong>, im <strong data-start=\"365\" data-end=\"389\">Social Club Mallorca<\/strong> am ber\u00fchmten <strong data-start=\"404\" data-end=\"422\">Paseo Mar\u00edtimo<\/strong>, vereinen wir Musik, Tanz und Emotionen zu einem intimen und unvergesslichen Erlebnis.<\/p>\t\t\t\t\t\t\t\t<\/div>\n\t\t\t\t<\/div>\n\t\t\t\t\t<\/div>\n\t\t\t\t<\/div>\n\t\t<div class=\"elementor-element elementor-element-f819b5d e-flex e-con-boxed e-con e-parent\" data-id=\"f819b5d\" data-element_type=\"container\">\n\t\t\t\t\t<div class=\"e-con-inner\">\n\t\t<div class=\"elementor-element elementor-element-6030599 e-con-full e-flex e-con e-child\" data-id=\"6030599\" data-element_type=\"container\">\n\t\t\t\t<div class=\"elementor-element elementor-element-4d06e5a elementor-invisible elementor-widget elementor-widget-image\" data-id=\"4d06e5a\" data-element_type=\"widget\" data-settings=\"{&quot;_animation&quot;:&quot;fadeIn&quot;}\" data-widget_type=\"image.default\">\n\t\t\t\t\t\t\t\t\t\t\t\t\t\t\t<img decoding=\"async\" width=\"725\" height=\"1024\" src=\"https:\/\/ritualflamenco.com\/wp-content\/uploads\/2025\/09\/ritual-5-725x1024.jpg\" class=\"attachment-large size-large wp-image-384\" alt=\"\" srcset=\"https:\/\/ritualflamenco.com\/wp-content\/uploads\/2025\/09\/ritual-5-725x1024.jpg 725w, https:\/\/ritualflamenco.com\/wp-content\/uploads\/2025\/09\/ritual-5-213x300.jpg 213w, https:\/\/ritualflamenco.com\/wp-content\/uploads\/2025\/09\/ritual-5-768x1084.jpg 768w, https:\/\/ritualflamenco.com\/wp-content\/uploads\/2025\/09\/ritual-5-1088x1536.jpg 1088w, https:\/\/ritualflamenco.com\/wp-content\/uploads\/2025\/09\/ritual-5-1451x2048.jpg 1451w, https:\/\/ritualflamenco.com\/wp-content\/uploads\/2025\/09\/ritual-5-scaled.jpg 1813w\" sizes=\"(max-width: 725px) 100vw, 725px\" \/>\t\t\t\t\t\t\t\t\t\t\t\t\t\t\t<\/div>\n\t\t\t\t<\/div>\n\t\t<div class=\"elementor-element elementor-element-6b38da8 e-con-full e-flex e-con e-child\" data-id=\"6b38da8\" data-element_type=\"container\">\n\t\t\t\t<div class=\"elementor-element elementor-element-3d3e11e elementor-invisible elementor-widget elementor-widget-heading\" data-id=\"3d3e11e\" data-element_type=\"widget\" data-settings=\"{&quot;_animation&quot;:&quot;fadeIn&quot;}\" data-widget_type=\"heading.default\">\n\t\t\t\t\t<h2 class=\"elementor-heading-title elementor-size-default\">Was ist Ritual Flamenco?<\/h2>\t\t\t\t<\/div>\n\t\t\t\t<div class=\"elementor-element elementor-element-01508a4 elementor-invisible elementor-widget elementor-widget-text-editor\" data-id=\"01508a4\" data-element_type=\"widget\" data-settings=\"{&quot;_animation&quot;:&quot;fadeIn&quot;}\" data-widget_type=\"text-editor.default\">\n\t\t\t\t\t\t\t\t\t<p data-start=\"547\" data-end=\"811\">Flamenco ist nicht nur Unterhaltung \u2013 es ist ein Ritual des Ausdrucks, geboren in Andalusien und \u00fcber Generationen weitergegeben. Die Mischung aus Gesang (<em data-start=\"682\" data-end=\"689\">cante<\/em>), Gitarre (<em data-start=\"700\" data-end=\"707\">toque<\/em>), Tanz (<em data-start=\"717\" data-end=\"724\">baile<\/em>) und rhythmischem Klatschen (<em data-start=\"750\" data-end=\"758\">palmas<\/em>) erz\u00e4hlt Geschichten von Kampf, Feier und Liebe. <\/p><p data-start=\"813\" data-end=\"1174\">Bei Ritual Flamenco werden unsere K\u00fcnstler \u2013 S\u00e4nger, T\u00e4nzer und Gitarristen \u2013 f\u00fcr ihre Authentizit\u00e4t und Leidenschaft ausgew\u00e4hlt. Jede Show ist lebendig, im Moment improvisiert und voller roher Emotionen. Was uns einzigartig macht, ist die N\u00e4he zwischen Publikum und K\u00fcnstlern. Du schaust nicht einfach nur zu; du sp\u00fcrst jeden Schritt, jeden Akkord, jeden Ruf von <em data-start=\"1142\" data-end=\"1149\">\u00a1ol\u00e9!<\/em> als Teil des Rituals.   <\/p>\t\t\t\t\t\t\t\t<\/div>\n\t\t\t\t<\/div>\n\t\t\t\t\t<\/div>\n\t\t\t\t<\/div>\n\t\t<div class=\"elementor-element elementor-element-0c8e562 e-flex e-con-boxed e-con e-parent\" data-id=\"0c8e562\" data-element_type=\"container\">\n\t\t\t\t\t<div class=\"e-con-inner\">\n\t\t\t\t<div class=\"elementor-element elementor-element-ffbc5d8 elementor-invisible elementor-widget elementor-widget-heading\" data-id=\"ffbc5d8\" data-element_type=\"widget\" data-settings=\"{&quot;_animation&quot;:&quot;fadeIn&quot;}\" data-widget_type=\"heading.default\">\n\t\t\t\t\t<h2 class=\"elementor-heading-title elementor-size-default\">Palma de Mallorca \u2013 Kultur im Herzen des Mittelmeers<\/h2>\t\t\t\t<\/div>\n\t\t\t\t<div class=\"elementor-element elementor-element-0077c38 elementor-invisible elementor-widget elementor-widget-text-editor\" data-id=\"0077c38\" data-element_type=\"widget\" data-settings=\"{&quot;_animation&quot;:&quot;fadeIn&quot;}\" data-widget_type=\"text-editor.default\">\n\t\t\t\t\t\t\t\t\t<p data-start=\"1239\" data-end=\"1489\">Unsere Heimat ist <strong data-start=\"1251\" data-end=\"1260\">Palma<\/strong>, die Hauptstadt der Balearen und eine der lebendigsten St\u00e4dte des Mittelmeers. Ber\u00fchmt f\u00fcr ihre gotische Kathedrale, verwinkelten Altstadtgassen, Kunstgalerien und lebendige Gastronomieszene, ist Palma der Ort, wo Tradition auf moderne Energie trifft. <\/p><p data-start=\"1491\" data-end=\"1784\">Besucher kommen nicht nur wegen der Str\u00e4nde und des Sonnenscheins, sondern auch wegen Erlebnissen, die sie mit dem Geist der Insel verbinden. Flamenco, obwohl in Andalusien verwurzelt, geh\u00f6rt auch hierher. Der Rhythmus der Gitarre hallt durch Palmas Innenh\u00f6fe, w\u00e4hrend die Leidenschaft des Tanzes den Herzschlag der Stadt widerspiegelt.  <\/p>\t\t\t\t\t\t\t\t<\/div>\n\t\t\t\t<div class=\"elementor-element elementor-element-e74cd6b elementor-invisible elementor-widget elementor-widget-image\" data-id=\"e74cd6b\" data-element_type=\"widget\" data-settings=\"{&quot;_animation&quot;:&quot;fadeIn&quot;}\" data-widget_type=\"image.default\">\n\t\t\t\t\t\t\t\t\t\t\t\t\t\t\t<img loading=\"lazy\" decoding=\"async\" width=\"2560\" height=\"1903\" src=\"https:\/\/ritualflamenco.com\/wp-content\/uploads\/2025\/09\/envato-labs-image-edit-scaled.jpg\" class=\"attachment-full size-full wp-image-385\" alt=\"\" srcset=\"https:\/\/ritualflamenco.com\/wp-content\/uploads\/2025\/09\/envato-labs-image-edit-scaled.jpg 2560w, https:\/\/ritualflamenco.com\/wp-content\/uploads\/2025\/09\/envato-labs-image-edit-300x223.jpg 300w, https:\/\/ritualflamenco.com\/wp-content\/uploads\/2025\/09\/envato-labs-image-edit-1024x761.jpg 1024w, https:\/\/ritualflamenco.com\/wp-content\/uploads\/2025\/09\/envato-labs-image-edit-768x571.jpg 768w, https:\/\/ritualflamenco.com\/wp-content\/uploads\/2025\/09\/envato-labs-image-edit-1536x1142.jpg 1536w, https:\/\/ritualflamenco.com\/wp-content\/uploads\/2025\/09\/envato-labs-image-edit-2048x1522.jpg 2048w\" sizes=\"(max-width: 2560px) 100vw, 2560px\" \/>\t\t\t\t\t\t\t\t\t\t\t\t\t\t\t<\/div>\n\t\t\t\t<div class=\"elementor-element elementor-element-6c3fd0a elementor-invisible elementor-widget elementor-widget-heading\" data-id=\"6c3fd0a\" data-element_type=\"widget\" data-settings=\"{&quot;_animation&quot;:&quot;fadeIn&quot;}\" data-widget_type=\"heading.default\">\n\t\t\t\t\t<h2 class=\"elementor-heading-title elementor-size-default\">Der Paseo Mar\u00edtimo \u2013 wo Stadt auf Meer trifft<\/h2>\t\t\t\t<\/div>\n\t\t\t\t<div class=\"elementor-element elementor-element-ae6781e elementor-invisible elementor-widget elementor-widget-text-editor\" data-id=\"ae6781e\" data-element_type=\"widget\" data-settings=\"{&quot;_animation&quot;:&quot;fadeIn&quot;}\" data-widget_type=\"text-editor.default\">\n\t\t\t\t\t\t\t\t\t<p data-start=\"1834\" data-end=\"2158\">Ritual Flamenco findet im Herzen von Palmas <strong data-start=\"1886\" data-end=\"1904\">Paseo Mar\u00edtimo<\/strong> statt, der ikonischsten Uferpromenade der Stadt. Dieser palmenbestandene Boulevard erstreckt sich entlang des Hafens und ist gef\u00fcllt mit Restaurants, Musiklokalen und Luxusyachten. Er ist der Treffpunkt der Kulturen, wo Einheimische und Reisende das Leben am Meer feiern.  <\/p><p data-start=\"2160\" data-end=\"2370\">Unser Veranstaltungsort, der <strong data-start=\"2171\" data-end=\"2195\">Social Club Mallorca<\/strong>, ist einer der stilvollsten Orte am Paseo Mar\u00edtimo. Hier treffen Tradition und Eleganz aufeinander: G\u00e4ste genie\u00dfen modernen Komfort, w\u00e4hrend sie in die rohe Sch\u00f6nheit des Flamenco eintauchen. <\/p>\t\t\t\t\t\t\t\t<\/div>\n\t\t\t\t\t<\/div>\n\t\t\t\t<\/div>\n\t\t<div class=\"elementor-element elementor-element-e89a27a e-flex e-con-boxed e-con e-parent\" data-id=\"e89a27a\" data-element_type=\"container\">\n\t\t\t\t\t<div class=\"e-con-inner\">\n\t\t<div class=\"elementor-element elementor-element-b7d0f43 e-con-full e-flex elementor-invisible e-con e-child\" data-id=\"b7d0f43\" data-element_type=\"container\" data-settings=\"{&quot;background_background&quot;:&quot;classic&quot;,&quot;animation&quot;:&quot;fadeIn&quot;}\">\n\t\t\t\t<div class=\"elementor-element elementor-element-dd6fcc3 elementor-invisible elementor-widget elementor-widget-text-editor\" data-id=\"dd6fcc3\" data-element_type=\"widget\" data-settings=\"{&quot;_animation&quot;:&quot;fadeIn&quot;}\" data-widget_type=\"text-editor.default\">\n\t\t\t\t\t\t\t\t\t<p data-start=\"2758\" data-end=\"3009\">Unsere Mission ist es, den Flamenco in seiner reinsten Form zu bewahren und ihn gleichzeitig mit einem weltweiten Publikum zu teilen. Egal, ob du ihn zum ersten Mal entdeckst oder zu seiner Magie zur\u00fcckkehrst, Ritual Flamenco wird dich bewegen, inspirieren und bei dir bleiben. <\/p><p data-start=\"3011\" data-end=\"3111\">Komm zu uns nach <strong data-start=\"3022\" data-end=\"3043\">Palma de Mallorca<\/strong>, an den ber\u00fchmten <strong data-start=\"3059\" data-end=\"3077\">Paseo Mar\u00edtimo<\/strong>, und werde Teil des Rituals.<\/p>\t\t\t\t\t\t\t\t<\/div>\n\t\t\t\t<div class=\"elementor-element elementor-element-09ee5df elementor-mobile-align-center elementor-align-center elementor-invisible elementor-widget elementor-widget-button\" data-id=\"09ee5df\" data-element_type=\"widget\" data-settings=\"{&quot;_animation&quot;:&quot;fadeIn&quot;,&quot;_animation_delay&quot;:900}\" data-widget_type=\"button.default\">\n\t\t\t\t\t\t\t\t\t\t<a class=\"elementor-button elementor-button-link elementor-size-sm\" href=\"#\">\n\t\t\t\t\t\t<span class=\"elementor-button-content-wrapper\">\n\t\t\t\t\t\t\t\t\t<span class=\"elementor-button-text\">Eintrittskarten<\/span>\n\t\t\t\t\t<\/span>\n\t\t\t\t\t<\/a>\n\t\t\t\t\t\t\t\t<\/div>\n\t\t\t\t<\/div>\n\t\t\t\t\t<\/div>\n\t\t\t\t<\/div>\n\t\t\t\t<\/div>\n\t\t","protected":false},"excerpt":{"rendered":"<p>\u00dcberRitual Flamenco Ritual Flamenco ist mehr als eine Vorstellung \u2013 es ist eine Reise in die lebendige Seele von Spaniens leidenschaftlichster Kunstform. In Palma de Mallorca, im Social Club Mallorca am ber\u00fchmten Paseo Mar\u00edtimo, vereinen wir Musik, Tanz und Emotionen zu einem intimen und unvergesslichen Erlebnis. Was ist Ritual Flamenco? Flamenco ist nicht nur Unterhaltung [&hellip;]<\/p>\n","protected":false},"author":1,"featured_media":0,"parent":0,"menu_order":0,"comment_status":"closed","ping_status":"closed","template":"","meta":{"footnotes":""},"class_list":["post-405","page","type-page","status-publish","hentry"],"blocksy_meta":[],"_links":{"self":[{"href":"https:\/\/ritualflamenco.com\/de\/wp-json\/wp\/v2\/pages\/405","targetHints":{"allow":["GET"]}}],"collection":[{"href":"https:\/\/ritualflamenco.com\/de\/wp-json\/wp\/v2\/pages"}],"about":[{"href":"https:\/\/ritualflamenco.com\/de\/wp-json\/wp\/v2\/types\/page"}],"author":[{"embeddable":true,"href":"https:\/\/ritualflamenco.com\/de\/wp-json\/wp\/v2\/users\/1"}],"replies":[{"embeddable":true,"href":"https:\/\/ritualflamenco.com\/de\/wp-json\/wp\/v2\/comments?post=405"}],"version-history":[{"count":1,"href":"https:\/\/ritualflamenco.com\/de\/wp-json\/wp\/v2\/pages\/405\/revisions"}],"predecessor-version":[{"id":408,"href":"https:\/\/ritualflamenco.com\/de\/wp-json\/wp\/v2\/pages\/405\/revisions\/408"}],"wp:attachment":[{"href":"https:\/\/ritualflamenco.com\/de\/wp-json\/wp\/v2\/media?parent=405"}],"curies":[{"name":"wp","href":"https:\/\/api.w.org\/{rel}","templated":true}]}}