{"id":563,"date":"2025-09-09T12:23:20","date_gmt":"2025-09-09T12:23:20","guid":{"rendered":"https:\/\/ritualflamenco.com\/preise\/"},"modified":"2025-10-10T13:00:48","modified_gmt":"2025-10-10T13:00:48","slug":"preise","status":"publish","type":"page","link":"https:\/\/ritualflamenco.com\/de\/preise\/","title":{"rendered":"Preise"},"content":{"rendered":"\t\t<div data-elementor-type=\"wp-page\" data-elementor-id=\"563\" class=\"elementor elementor-563 elementor-73\" data-elementor-post-type=\"page\">\n\t\t\t\t<div class=\"elementor-element elementor-element-afef9bb e-flex e-con-boxed e-con e-parent\" data-id=\"afef9bb\" data-element_type=\"container\">\n\t\t\t\t\t<div class=\"e-con-inner\">\n\t\t<div class=\"elementor-element elementor-element-8f1b36c e-con-full e-flex e-con e-child\" data-id=\"8f1b36c\" data-element_type=\"container\">\n\t\t\t\t<div class=\"elementor-element elementor-element-a149010 elementor-invisible elementor-widget elementor-widget-heading\" data-id=\"a149010\" data-element_type=\"widget\" data-settings=\"{&quot;_animation&quot;:&quot;fadeIn&quot;}\" data-widget_type=\"heading.default\">\n\t\t\t\t\t<h1 class=\"elementor-heading-title elementor-size-default\">Preise<\/h1>\t\t\t\t<\/div>\n\t\t\t\t<\/div>\n\t\t<div class=\"elementor-element elementor-element-b300773 e-con-full e-flex e-con e-child\" data-id=\"b300773\" data-element_type=\"container\">\n\t\t\t\t<div class=\"elementor-element elementor-element-2343166 elementor-invisible elementor-widget elementor-widget-image\" data-id=\"2343166\" data-element_type=\"widget\" data-settings=\"{&quot;_animation&quot;:&quot;fadeIn&quot;}\" data-widget_type=\"image.default\">\n\t\t\t\t\t\t\t\t\t\t\t\t\t\t\t<img fetchpriority=\"high\" decoding=\"async\" width=\"788\" height=\"1024\" src=\"https:\/\/ritualflamenco.com\/wp-content\/uploads\/2025\/09\/dance-1-788x1024.png\" class=\"attachment-large size-large wp-image-502\" alt=\"\" srcset=\"https:\/\/ritualflamenco.com\/wp-content\/uploads\/2025\/09\/dance-1-788x1024.png 788w, https:\/\/ritualflamenco.com\/wp-content\/uploads\/2025\/09\/dance-1-231x300.png 231w, https:\/\/ritualflamenco.com\/wp-content\/uploads\/2025\/09\/dance-1-768x999.png 768w, https:\/\/ritualflamenco.com\/wp-content\/uploads\/2025\/09\/dance-1-1181x1536.png 1181w, https:\/\/ritualflamenco.com\/wp-content\/uploads\/2025\/09\/dance-1.png 1575w\" sizes=\"(max-width: 788px) 100vw, 788px\" \/>\t\t\t\t\t\t\t\t\t\t\t\t\t\t\t<\/div>\n\t\t\t\t<\/div>\n\t\t\t\t\t<\/div>\n\t\t\t\t<\/div>\n\t\t<div class=\"elementor-element elementor-element-21e0296 e-flex e-con-boxed e-con e-parent\" data-id=\"21e0296\" data-element_type=\"container\">\n\t\t\t\t\t<div class=\"e-con-inner\">\n\t\t<div class=\"elementor-element elementor-element-0ef0441 e-con-full e-flex e-con e-child\" data-id=\"0ef0441\" data-element_type=\"container\">\n\t\t\t\t<div class=\"elementor-element elementor-element-ed2deae elementor-invisible elementor-widget elementor-widget-image\" data-id=\"ed2deae\" data-element_type=\"widget\" data-settings=\"{&quot;sticky&quot;:&quot;top&quot;,&quot;sticky_offset&quot;:20,&quot;sticky_parent&quot;:&quot;yes&quot;,&quot;_animation&quot;:&quot;fadeIn&quot;,&quot;sticky_on&quot;:[&quot;desktop&quot;,&quot;tablet&quot;,&quot;mobile&quot;],&quot;sticky_effects_offset&quot;:0,&quot;sticky_anchor_link_offset&quot;:0}\" data-widget_type=\"image.default\">\n\t\t\t\t\t\t\t\t\t\t\t\t\t\t\t<img decoding=\"async\" width=\"833\" height=\"1024\" src=\"https:\/\/ritualflamenco.com\/wp-content\/uploads\/2025\/09\/Screenshot-2025-09-18-at-11.03.06-833x1024.jpg\" class=\"attachment-large size-large wp-image-503\" alt=\"\" srcset=\"https:\/\/ritualflamenco.com\/wp-content\/uploads\/2025\/09\/Screenshot-2025-09-18-at-11.03.06-833x1024.jpg 833w, https:\/\/ritualflamenco.com\/wp-content\/uploads\/2025\/09\/Screenshot-2025-09-18-at-11.03.06-244x300.jpg 244w, https:\/\/ritualflamenco.com\/wp-content\/uploads\/2025\/09\/Screenshot-2025-09-18-at-11.03.06-768x944.jpg 768w, https:\/\/ritualflamenco.com\/wp-content\/uploads\/2025\/09\/Screenshot-2025-09-18-at-11.03.06-1249x1536.jpg 1249w, https:\/\/ritualflamenco.com\/wp-content\/uploads\/2025\/09\/Screenshot-2025-09-18-at-11.03.06.jpg 1638w\" sizes=\"(max-width: 833px) 100vw, 833px\" \/>\t\t\t\t\t\t\t\t\t\t\t\t\t\t\t<\/div>\n\t\t\t\t<\/div>\n\t\t<div class=\"elementor-element elementor-element-33c9f43 e-con-full e-flex e-con e-child\" data-id=\"33c9f43\" data-element_type=\"container\">\n\t\t<div class=\"elementor-element elementor-element-3a75d67 e-con-full e-flex elementor-invisible e-con e-child\" data-id=\"3a75d67\" data-element_type=\"container\" data-settings=\"{&quot;animation&quot;:&quot;fadeInRight&quot;}\">\n\t\t<div class=\"elementor-element elementor-element-728e94b e-con-full e-flex e-con e-child\" data-id=\"728e94b\" data-element_type=\"container\">\n\t\t\t\t<div class=\"elementor-element elementor-element-6d235fb elementor-widget elementor-widget-heading\" data-id=\"6d235fb\" data-element_type=\"widget\" data-widget_type=\"heading.default\">\n\t\t\t\t\t<h3 class=\"elementor-heading-title elementor-size-default\">VIP<\/h3>\t\t\t\t<\/div>\n\t\t\t\t<div class=\"elementor-element elementor-element-5610d80 elementor-widget elementor-widget-text-editor\" data-id=\"5610d80\" data-element_type=\"widget\" data-widget_type=\"text-editor.default\">\n\t\t\t\t\t\t\t\t\tab <span style=\"font-size: 30px\">65\u20ac<\/span>\t\t\t\t\t\t\t\t<\/div>\n\t\t\t\t<\/div>\n\t\t<div class=\"elementor-element elementor-element-8ad7013 e-con-full e-flex e-con e-child\" data-id=\"8ad7013\" data-element_type=\"container\">\n\t\t\t\t<div class=\"elementor-element elementor-element-b40833e elementor-widget__width-initial elementor-widget elementor-widget-text-editor\" data-id=\"b40833e\" data-element_type=\"widget\" data-widget_type=\"text-editor.default\">\n\t\t\t\t\t\t\t\t\t<p>F\u00fcr alle, die Flamenco mit ihrer Seele sp\u00fcren m\u00f6chten.<br>Dies ist der Kunst am n\u00e4chsten gelegene Bereich: Sofas direkt an der B\u00fchne, wo jeder Blick, jede Geste und jeder Fu\u00dftritt aus der ersten Reihe erlebt werden. Die Atmosph\u00e4re ist intim, einladend und voller Duende. <\/p>\t\t\t\t\t\t\t\t<\/div>\n\t\t\t\t<div class=\"elementor-element elementor-element-0cfeb2d elementor-widget__width-initial elementor-widget elementor-widget-text-editor\" data-id=\"0cfeb2d\" data-element_type=\"widget\" data-widget_type=\"text-editor.default\">\n\t\t\t\t\t\t\t\t\t<p>INKLUSIVE<\/p><ul><li>Sofas direkt an der B\u00fchne, mit bester Sicht und N\u00e4he<\/li><li>Traditionelle Tapas, zubereitet mit andalusischem Geschmack<\/li><li>1 Krug Sangria f\u00fcr je 2 Personen<\/li><li>Exklusives Treffen mit den K\u00fcnstlern<\/li><li>Intime Atmosph\u00e4re und pers\u00f6nlicher Service<\/li><\/ul>\t\t\t\t\t\t\t\t<\/div>\n\t\t\t\t<\/div>\n\t\t\t\t<\/div>\n\t\t<div class=\"elementor-element elementor-element-37c3a3e e-con-full e-flex elementor-invisible e-con e-child\" data-id=\"37c3a3e\" data-element_type=\"container\" data-settings=\"{&quot;animation&quot;:&quot;fadeInRight&quot;}\">\n\t\t<div class=\"elementor-element elementor-element-16e5c67 e-con-full e-flex e-con e-child\" data-id=\"16e5c67\" data-element_type=\"container\">\n\t\t\t\t<div class=\"elementor-element elementor-element-d8896ff elementor-widget elementor-widget-heading\" data-id=\"d8896ff\" data-element_type=\"widget\" data-widget_type=\"heading.default\">\n\t\t\t\t\t<h3 class=\"elementor-heading-title elementor-size-default\">Kategorie 1<\/h3>\t\t\t\t<\/div>\n\t\t\t\t<div class=\"elementor-element elementor-element-6320a15 elementor-widget elementor-widget-text-editor\" data-id=\"6320a15\" data-element_type=\"widget\" data-widget_type=\"text-editor.default\">\n\t\t\t\t\t\t\t\t\t<p>ab <span style=\"font-size: 30px;\">45\u20ac<\/span><\/p>\t\t\t\t\t\t\t\t<\/div>\n\t\t\t\t<\/div>\n\t\t<div class=\"elementor-element elementor-element-35712b1 e-con-full e-flex e-con e-child\" data-id=\"35712b1\" data-element_type=\"container\">\n\t\t\t\t<div class=\"elementor-element elementor-element-d1494b0 elementor-widget__width-initial elementor-widget elementor-widget-text-editor\" data-id=\"d1494b0\" data-element_type=\"widget\" data-widget_type=\"text-editor.default\">\n\t\t\t\t\t\t\t\t\tDie Essenz des Tablao, wie in den alten Gesangscaf\u00e9s von einst. Tische direkt vor der B\u00fchne, wo du speisen und ansto\u00dfen kannst, w\u00e4hrend sich der Flamenco nur wenige Meter entfernt entfaltet. Ein nahes, lebendiges Erlebnis mit der Seele des S\u00fcdens.  \t\t\t\t\t\t\t\t<\/div>\n\t\t\t\t<div class=\"elementor-element elementor-element-383ae7b elementor-widget__width-initial elementor-widget elementor-widget-text-editor\" data-id=\"383ae7b\" data-element_type=\"widget\" data-widget_type=\"text-editor.default\">\n\t\t\t\t\t\t\t\t\t<p data-start=\"311\" data-end=\"325\"><strong data-start=\"311\" data-end=\"323\">INKLUSIVE<\/strong><\/p><ul data-start=\"326\" data-end=\"523\"><li data-start=\"326\" data-end=\"380\"><p data-start=\"328\" data-end=\"380\">Tische im Cabaret-Stil mit direktem Blick auf die B\u00fchne<\/p><\/li><li data-start=\"381\" data-end=\"426\"><p data-start=\"383\" data-end=\"426\">Tapas zum Teilen mit typischen lokalen Aromen<\/p><\/li><li data-start=\"427\" data-end=\"466\"><p data-start=\"429\" data-end=\"466\">1 Krug Sangria f\u00fcr je 2 Personen<\/p><\/li><li data-start=\"467\" data-end=\"523\"><p data-start=\"469\" data-end=\"523\">Perfekte Balance zwischen Komfort, Gastronomie und Kunst<\/p><\/li><\/ul>\t\t\t\t\t\t\t\t<\/div>\n\t\t\t\t<\/div>\n\t\t\t\t<\/div>\n\t\t<div class=\"elementor-element elementor-element-161d48e e-con-full e-flex elementor-invisible e-con e-child\" data-id=\"161d48e\" data-element_type=\"container\" data-settings=\"{&quot;animation&quot;:&quot;fadeInRight&quot;}\">\n\t\t<div class=\"elementor-element elementor-element-4be6160 e-con-full e-flex e-con e-child\" data-id=\"4be6160\" data-element_type=\"container\">\n\t\t\t\t<div class=\"elementor-element elementor-element-7888d64 elementor-widget elementor-widget-heading\" data-id=\"7888d64\" data-element_type=\"widget\" data-widget_type=\"heading.default\">\n\t\t\t\t\t<h3 class=\"elementor-heading-title elementor-size-default\">Kategorie 2<\/h3>\t\t\t\t<\/div>\n\t\t\t\t<div class=\"elementor-element elementor-element-ce38fdf elementor-widget elementor-widget-text-editor\" data-id=\"ce38fdf\" data-element_type=\"widget\" data-widget_type=\"text-editor.default\">\n\t\t\t\t\t\t\t\t\t<p>ab <span style=\"font-size: 30px;\">25\u20ac<\/span><\/p>\t\t\t\t\t\t\t\t<\/div>\n\t\t\t\t<\/div>\n\t\t<div class=\"elementor-element elementor-element-54559bc e-con-full e-flex e-con e-child\" data-id=\"54559bc\" data-element_type=\"container\">\n\t\t\t\t<div class=\"elementor-element elementor-element-b5a3505 elementor-widget__width-initial elementor-widget elementor-widget-text-editor\" data-id=\"b5a3505\" data-element_type=\"widget\" data-widget_type=\"text-editor.default\">\n\t\t\t\t\t\t\t\t\t<p>Die Essenz des <em data-start=\"83\" data-end=\"91\">Tablao<\/em>, wie in den alten Gesangscaf\u00e9s von einst. Hohe Tische im hinteren Bereich, wo du speisen und ansto\u00dfen kannst, w\u00e4hrend sich der Flamenco nur wenige Meter entfernt entfaltet. Ein nahes, lebendiges Erlebnis mit der Seele des S\u00fcdens.  <\/p>\t\t\t\t\t\t\t\t<\/div>\n\t\t\t\t<div class=\"elementor-element elementor-element-e0d2920 elementor-widget__width-initial elementor-widget elementor-widget-text-editor\" data-id=\"e0d2920\" data-element_type=\"widget\" data-widget_type=\"text-editor.default\">\n\t\t\t\t\t\t\t\t\t<p data-start=\"305\" data-end=\"319\"><strong data-start=\"305\" data-end=\"317\">INKLUSIVE<\/strong><\/p><ul data-start=\"320\" data-end=\"442\"><li data-start=\"320\" data-end=\"359\"><p data-start=\"322\" data-end=\"359\">Hohe Tische im hinteren Bereich des Saales<\/p><\/li><li data-start=\"360\" data-end=\"388\"><p data-start=\"362\" data-end=\"388\">Direkter Zugang zur Bar<\/p><\/li><li data-start=\"389\" data-end=\"419\"><p data-start=\"391\" data-end=\"419\">M\u00f6glichkeit, \u00e0 la carte zu bestellen<\/p><\/li><li data-start=\"420\" data-end=\"442\"><p data-start=\"422\" data-end=\"442\">Entspannte Atmosph\u00e4re<\/p><\/li><\/ul>\t\t\t\t\t\t\t\t<\/div>\n\t\t\t\t<\/div>\n\t\t\t\t<\/div>\n\t\t\t\t<\/div>\n\t\t\t\t\t<\/div>\n\t\t\t\t<\/div>\n\t\t<div class=\"elementor-element elementor-element-1b113d8 e-flex e-con-boxed e-con e-parent\" data-id=\"1b113d8\" data-element_type=\"container\">\n\t\t\t\t\t<div class=\"e-con-inner\">\n\t\t<div class=\"elementor-element elementor-element-c06ed65 e-con-full e-flex e-con e-child\" data-id=\"c06ed65\" data-element_type=\"container\">\n\t\t\t\t<div class=\"elementor-element elementor-element-8b8b64a elementor-invisible elementor-widget elementor-widget-heading\" data-id=\"8b8b64a\" data-element_type=\"widget\" data-settings=\"{&quot;_animation&quot;:&quot;fadeIn&quot;}\" data-widget_type=\"heading.default\">\n\t\t\t\t\t<h2 class=\"elementor-heading-title elementor-size-default\">Showzeiten<\/h2>\t\t\t\t<\/div>\n\t\t\t\t<div class=\"elementor-element elementor-element-c16a765 elementor-invisible elementor-widget elementor-widget-heading\" data-id=\"c16a765\" data-element_type=\"widget\" data-settings=\"{&quot;_animation&quot;:&quot;fadeIn&quot;}\" data-widget_type=\"heading.default\">\n\t\t\t\t\t<h3 class=\"elementor-heading-title elementor-size-default\">Mai - Oktober<\/h3>\t\t\t\t<\/div>\n\t\t<div class=\"elementor-element elementor-element-acfc590 e-con-full e-flex e-con e-child\" data-id=\"acfc590\" data-element_type=\"container\">\n\t\t\t\t<div class=\"elementor-element elementor-element-fd25122 elementor-widget__width-auto elementor-invisible elementor-widget elementor-widget-text-editor\" data-id=\"fd25122\" data-element_type=\"widget\" data-settings=\"{&quot;_animation&quot;:&quot;fadeIn&quot;,&quot;_animation_delay&quot;:600}\" data-widget_type=\"text-editor.default\">\n\t\t\t\t\t\t\t\t\t<p>Donnerstag<\/p>\t\t\t\t\t\t\t\t<\/div>\n\t\t\t\t<div class=\"elementor-element elementor-element-7794d24 elementor-widget__width-auto elementor-invisible elementor-widget elementor-widget-text-editor\" data-id=\"7794d24\" data-element_type=\"widget\" data-settings=\"{&quot;_animation&quot;:&quot;fadeIn&quot;,&quot;_animation_delay&quot;:800}\" data-widget_type=\"text-editor.default\">\n\t\t\t\t\t\t\t\t\t<p>Freitag<\/p>\t\t\t\t\t\t\t\t<\/div>\n\t\t\t\t<div class=\"elementor-element elementor-element-2f82934 elementor-widget__width-auto elementor-invisible elementor-widget elementor-widget-text-editor\" data-id=\"2f82934\" data-element_type=\"widget\" data-settings=\"{&quot;_animation&quot;:&quot;fadeIn&quot;,&quot;_animation_delay&quot;:1000}\" data-widget_type=\"text-editor.default\">\n\t\t\t\t\t\t\t\t\t<p>Samstag<\/p>\t\t\t\t\t\t\t\t<\/div>\n\t\t\t\t<\/div>\n\t\t<div class=\"elementor-element elementor-element-a638a96 e-con-full e-flex e-con e-child\" data-id=\"a638a96\" data-element_type=\"container\">\n\t\t\t\t<div class=\"elementor-element elementor-element-34572b8 elementor-widget elementor-widget-heading\" data-id=\"34572b8\" data-element_type=\"widget\" data-widget_type=\"heading.default\">\n\t\t\t\t\t<h4 class=\"elementor-heading-title elementor-size-default\">Legada<\/h4>\t\t\t\t<\/div>\n\t\t\t\t<div class=\"elementor-element elementor-element-b1a9f80 elementor-widget elementor-widget-heading\" data-id=\"b1a9f80\" data-element_type=\"widget\" data-widget_type=\"heading.default\">\n\t\t\t\t\t<h4 class=\"elementor-heading-title elementor-size-default\">19:00<\/h4>\t\t\t\t<\/div>\n\t\t\t\t<\/div>\n\t\t<div class=\"elementor-element elementor-element-4169a7b e-con-full e-flex e-con e-child\" data-id=\"4169a7b\" data-element_type=\"container\">\n\t\t\t\t<div class=\"elementor-element elementor-element-1411c18 elementor-widget elementor-widget-heading\" data-id=\"1411c18\" data-element_type=\"widget\" data-widget_type=\"heading.default\">\n\t\t\t\t\t<h4 class=\"elementor-heading-title elementor-size-default\">Vorprogramm<\/h4>\t\t\t\t<\/div>\n\t\t\t\t<div class=\"elementor-element elementor-element-7cfbfe5 elementor-widget elementor-widget-heading\" data-id=\"7cfbfe5\" data-element_type=\"widget\" data-widget_type=\"heading.default\">\n\t\t\t\t\t<h4 class=\"elementor-heading-title elementor-size-default\">19:15<\/h4>\t\t\t\t<\/div>\n\t\t\t\t<\/div>\n\t\t<div class=\"elementor-element elementor-element-c614a16 e-con-full e-flex e-con e-child\" data-id=\"c614a16\" data-element_type=\"container\">\n\t\t\t\t<div class=\"elementor-element elementor-element-72d3df7 elementor-widget elementor-widget-heading\" data-id=\"72d3df7\" data-element_type=\"widget\" data-widget_type=\"heading.default\">\n\t\t\t\t\t<h4 class=\"elementor-heading-title elementor-size-default\">anzeigen<\/h4>\t\t\t\t<\/div>\n\t\t\t\t<div class=\"elementor-element elementor-element-2c33fb3 elementor-widget elementor-widget-heading\" data-id=\"2c33fb3\" data-element_type=\"widget\" data-widget_type=\"heading.default\">\n\t\t\t\t\t<h4 class=\"elementor-heading-title elementor-size-default\">19:30<\/h4>\t\t\t\t<\/div>\n\t\t\t\t<\/div>\n\t\t\t\t<div class=\"elementor-element elementor-element-0fec610 elementor-widget elementor-widget-text-editor\" data-id=\"0fec610\" data-element_type=\"widget\" data-widget_type=\"text-editor.default\">\n\t\t\t\t\t\t\t\t\t<p class=\"p1\">(Dauer 1 Std. 5 Min.) mit 15 Min. Pause<\/p>\t\t\t\t\t\t\t\t<\/div>\n\t\t\t\t<\/div>\n\t\t<div class=\"elementor-element elementor-element-1f9230a e-con-full e-flex e-con e-child\" data-id=\"1f9230a\" data-element_type=\"container\">\n\t\t\t\t<div class=\"elementor-element elementor-element-6f9d5df elementor-invisible elementor-widget elementor-widget-image\" data-id=\"6f9d5df\" data-element_type=\"widget\" data-settings=\"{&quot;_animation&quot;:&quot;fadeIn&quot;}\" data-widget_type=\"image.default\">\n\t\t\t\t\t\t\t\t\t\t\t\t\t\t\t<img decoding=\"async\" width=\"827\" height=\"1024\" src=\"https:\/\/ritualflamenco.com\/wp-content\/uploads\/2025\/09\/dancers-2-827x1024.jpg\" class=\"attachment-large size-large wp-image-504\" alt=\"\" srcset=\"https:\/\/ritualflamenco.com\/wp-content\/uploads\/2025\/09\/dancers-2-827x1024.jpg 827w, https:\/\/ritualflamenco.com\/wp-content\/uploads\/2025\/09\/dancers-2-242x300.jpg 242w, https:\/\/ritualflamenco.com\/wp-content\/uploads\/2025\/09\/dancers-2-768x951.jpg 768w, https:\/\/ritualflamenco.com\/wp-content\/uploads\/2025\/09\/dancers-2-1241x1536.jpg 1241w, https:\/\/ritualflamenco.com\/wp-content\/uploads\/2025\/09\/dancers-2.jpg 1654w\" sizes=\"(max-width: 827px) 100vw, 827px\" \/>\t\t\t\t\t\t\t\t\t\t\t\t\t\t\t<\/div>\n\t\t\t\t<\/div>\n\t\t\t\t\t<\/div>\n\t\t\t\t<\/div>\n\t\t\t\t<\/div>\n\t\t","protected":false},"excerpt":{"rendered":"<p>Preise VIP ab 65\u20ac F\u00fcr alle, die Flamenco mit ihrer Seele sp\u00fcren m\u00f6chten.Dies ist der Kunst am n\u00e4chsten gelegene Bereich: Sofas direkt an der B\u00fchne, wo jeder Blick, jede Geste und jeder Fu\u00dftritt aus der ersten Reihe erlebt werden. Die Atmosph\u00e4re ist intim, einladend und voller Duende. INKLUSIVE Sofas direkt an der B\u00fchne, mit bester [&hellip;]<\/p>\n","protected":false},"author":1,"featured_media":0,"parent":0,"menu_order":0,"comment_status":"closed","ping_status":"closed","template":"","meta":{"footnotes":""},"class_list":["post-563","page","type-page","status-publish","hentry"],"blocksy_meta":[],"_links":{"self":[{"href":"https:\/\/ritualflamenco.com\/de\/wp-json\/wp\/v2\/pages\/563","targetHints":{"allow":["GET"]}}],"collection":[{"href":"https:\/\/ritualflamenco.com\/de\/wp-json\/wp\/v2\/pages"}],"about":[{"href":"https:\/\/ritualflamenco.com\/de\/wp-json\/wp\/v2\/types\/page"}],"author":[{"embeddable":true,"href":"https:\/\/ritualflamenco.com\/de\/wp-json\/wp\/v2\/users\/1"}],"replies":[{"embeddable":true,"href":"https:\/\/ritualflamenco.com\/de\/wp-json\/wp\/v2\/comments?post=563"}],"version-history":[{"count":1,"href":"https:\/\/ritualflamenco.com\/de\/wp-json\/wp\/v2\/pages\/563\/revisions"}],"predecessor-version":[{"id":564,"href":"https:\/\/ritualflamenco.com\/de\/wp-json\/wp\/v2\/pages\/563\/revisions\/564"}],"wp:attachment":[{"href":"https:\/\/ritualflamenco.com\/de\/wp-json\/wp\/v2\/media?parent=563"}],"curies":[{"name":"wp","href":"https:\/\/api.w.org\/{rel}","templated":true}]}}