{"id":614,"date":"2025-09-09T11:47:32","date_gmt":"2025-09-09T11:47:32","guid":{"rendered":"https:\/\/ritualflamenco.com\/startseite\/"},"modified":"2025-10-10T13:02:12","modified_gmt":"2025-10-10T13:02:12","slug":"startseite","status":"publish","type":"page","link":"https:\/\/ritualflamenco.com\/de\/","title":{"rendered":"Startseite"},"content":{"rendered":"\t\t<div data-elementor-type=\"wp-page\" data-elementor-id=\"614\" class=\"elementor elementor-614 elementor-42\" data-elementor-post-type=\"page\">\n\t\t\t\t<div class=\"elementor-element elementor-element-ba850f2 e-flex e-con-boxed e-con e-parent\" data-id=\"ba850f2\" data-element_type=\"container\">\n\t\t\t\t\t<div class=\"e-con-inner\">\n\t\t<div class=\"elementor-element elementor-element-d17fb20 e-con-full e-flex e-con e-child\" data-id=\"d17fb20\" data-element_type=\"container\">\n\t\t\t\t<div class=\"elementor-element elementor-element-b8028cb elementor-invisible elementor-widget elementor-widget-heading\" data-id=\"b8028cb\" data-element_type=\"widget\" data-settings=\"{&quot;_animation&quot;:&quot;fadeIn&quot;}\" data-widget_type=\"heading.default\">\n\t\t\t\t\t<h1 class=\"elementor-heading-title elementor-size-default\">Ritual<br>Flamenco <br>Mallorca<\/h1>\t\t\t\t<\/div>\n\t\t\t\t<div class=\"elementor-element elementor-element-b8fcd36 elementor-invisible elementor-widget elementor-widget-rating\" data-id=\"b8fcd36\" data-element_type=\"widget\" data-settings=\"{&quot;_animation&quot;:&quot;fadeIn&quot;,&quot;_animation_delay&quot;:200}\" data-widget_type=\"rating.default\">\n\t\t\t\t\t\t\t<div class=\"e-rating\" itemtype=\"https:\/\/schema.org\/Rating\" itemscope=\"\" itemprop=\"reviewRating\">\n\t\t\t<meta itemprop=\"worstRating\" content=\"0\">\n\t\t\t<meta itemprop=\"bestRating\" content=\"5\">\n\t\t\t<div class=\"e-rating-wrapper\" itemprop=\"ratingValue\" content=\"5\" role=\"img\" aria-label=\"Bewertet mit 5 von 5\">\n\t\t\t\t\t\t\t<div class=\"e-icon\">\n\t\t\t\t<div class=\"e-icon-wrapper e-icon-marked\">\n\t\t\t\t\t<svg aria-hidden=\"true\" class=\"e-font-icon-svg e-fas-star\" viewBox=\"0 0 576 512\" xmlns=\"http:\/\/www.w3.org\/2000\/svg\"><path d=\"M259.3 17.8L194 150.2 47.9 171.5c-26.2 3.8-36.7 36.1-17.7 54.6l105.7 103-25 145.5c-4.5 26.3 23.2 46 46.4 33.7L288 439.6l130.7 68.7c23.2 12.2 50.9-7.4 46.4-33.7l-25-145.5 105.7-103c19-18.5 8.5-50.8-17.7-54.6L382 150.2 316.7 17.8c-11.7-23.6-45.6-23.9-57.4 0z\"><\/path><\/svg>\t\t\t\t<\/div>\n\t\t\t\t<div class=\"e-icon-wrapper e-icon-unmarked\">\n\t\t\t\t\t<svg aria-hidden=\"true\" class=\"e-font-icon-svg e-fas-star\" viewBox=\"0 0 576 512\" xmlns=\"http:\/\/www.w3.org\/2000\/svg\"><path d=\"M259.3 17.8L194 150.2 47.9 171.5c-26.2 3.8-36.7 36.1-17.7 54.6l105.7 103-25 145.5c-4.5 26.3 23.2 46 46.4 33.7L288 439.6l130.7 68.7c23.2 12.2 50.9-7.4 46.4-33.7l-25-145.5 105.7-103c19-18.5 8.5-50.8-17.7-54.6L382 150.2 316.7 17.8c-11.7-23.6-45.6-23.9-57.4 0z\"><\/path><\/svg>\t\t\t\t<\/div>\n\t\t\t<\/div>\n\t\t\t\t\t\t<div class=\"e-icon\">\n\t\t\t\t<div class=\"e-icon-wrapper e-icon-marked\">\n\t\t\t\t\t<svg aria-hidden=\"true\" class=\"e-font-icon-svg e-fas-star\" viewBox=\"0 0 576 512\" xmlns=\"http:\/\/www.w3.org\/2000\/svg\"><path d=\"M259.3 17.8L194 150.2 47.9 171.5c-26.2 3.8-36.7 36.1-17.7 54.6l105.7 103-25 145.5c-4.5 26.3 23.2 46 46.4 33.7L288 439.6l130.7 68.7c23.2 12.2 50.9-7.4 46.4-33.7l-25-145.5 105.7-103c19-18.5 8.5-50.8-17.7-54.6L382 150.2 316.7 17.8c-11.7-23.6-45.6-23.9-57.4 0z\"><\/path><\/svg>\t\t\t\t<\/div>\n\t\t\t\t<div class=\"e-icon-wrapper e-icon-unmarked\">\n\t\t\t\t\t<svg aria-hidden=\"true\" class=\"e-font-icon-svg e-fas-star\" viewBox=\"0 0 576 512\" xmlns=\"http:\/\/www.w3.org\/2000\/svg\"><path d=\"M259.3 17.8L194 150.2 47.9 171.5c-26.2 3.8-36.7 36.1-17.7 54.6l105.7 103-25 145.5c-4.5 26.3 23.2 46 46.4 33.7L288 439.6l130.7 68.7c23.2 12.2 50.9-7.4 46.4-33.7l-25-145.5 105.7-103c19-18.5 8.5-50.8-17.7-54.6L382 150.2 316.7 17.8c-11.7-23.6-45.6-23.9-57.4 0z\"><\/path><\/svg>\t\t\t\t<\/div>\n\t\t\t<\/div>\n\t\t\t\t\t\t<div class=\"e-icon\">\n\t\t\t\t<div class=\"e-icon-wrapper e-icon-marked\">\n\t\t\t\t\t<svg aria-hidden=\"true\" class=\"e-font-icon-svg e-fas-star\" viewBox=\"0 0 576 512\" xmlns=\"http:\/\/www.w3.org\/2000\/svg\"><path d=\"M259.3 17.8L194 150.2 47.9 171.5c-26.2 3.8-36.7 36.1-17.7 54.6l105.7 103-25 145.5c-4.5 26.3 23.2 46 46.4 33.7L288 439.6l130.7 68.7c23.2 12.2 50.9-7.4 46.4-33.7l-25-145.5 105.7-103c19-18.5 8.5-50.8-17.7-54.6L382 150.2 316.7 17.8c-11.7-23.6-45.6-23.9-57.4 0z\"><\/path><\/svg>\t\t\t\t<\/div>\n\t\t\t\t<div class=\"e-icon-wrapper e-icon-unmarked\">\n\t\t\t\t\t<svg aria-hidden=\"true\" class=\"e-font-icon-svg e-fas-star\" viewBox=\"0 0 576 512\" xmlns=\"http:\/\/www.w3.org\/2000\/svg\"><path d=\"M259.3 17.8L194 150.2 47.9 171.5c-26.2 3.8-36.7 36.1-17.7 54.6l105.7 103-25 145.5c-4.5 26.3 23.2 46 46.4 33.7L288 439.6l130.7 68.7c23.2 12.2 50.9-7.4 46.4-33.7l-25-145.5 105.7-103c19-18.5 8.5-50.8-17.7-54.6L382 150.2 316.7 17.8c-11.7-23.6-45.6-23.9-57.4 0z\"><\/path><\/svg>\t\t\t\t<\/div>\n\t\t\t<\/div>\n\t\t\t\t\t\t<div class=\"e-icon\">\n\t\t\t\t<div class=\"e-icon-wrapper e-icon-marked\">\n\t\t\t\t\t<svg aria-hidden=\"true\" class=\"e-font-icon-svg e-fas-star\" viewBox=\"0 0 576 512\" xmlns=\"http:\/\/www.w3.org\/2000\/svg\"><path d=\"M259.3 17.8L194 150.2 47.9 171.5c-26.2 3.8-36.7 36.1-17.7 54.6l105.7 103-25 145.5c-4.5 26.3 23.2 46 46.4 33.7L288 439.6l130.7 68.7c23.2 12.2 50.9-7.4 46.4-33.7l-25-145.5 105.7-103c19-18.5 8.5-50.8-17.7-54.6L382 150.2 316.7 17.8c-11.7-23.6-45.6-23.9-57.4 0z\"><\/path><\/svg>\t\t\t\t<\/div>\n\t\t\t\t<div class=\"e-icon-wrapper e-icon-unmarked\">\n\t\t\t\t\t<svg aria-hidden=\"true\" class=\"e-font-icon-svg e-fas-star\" viewBox=\"0 0 576 512\" xmlns=\"http:\/\/www.w3.org\/2000\/svg\"><path d=\"M259.3 17.8L194 150.2 47.9 171.5c-26.2 3.8-36.7 36.1-17.7 54.6l105.7 103-25 145.5c-4.5 26.3 23.2 46 46.4 33.7L288 439.6l130.7 68.7c23.2 12.2 50.9-7.4 46.4-33.7l-25-145.5 105.7-103c19-18.5 8.5-50.8-17.7-54.6L382 150.2 316.7 17.8c-11.7-23.6-45.6-23.9-57.4 0z\"><\/path><\/svg>\t\t\t\t<\/div>\n\t\t\t<\/div>\n\t\t\t\t\t\t<div class=\"e-icon\">\n\t\t\t\t<div class=\"e-icon-wrapper e-icon-marked\">\n\t\t\t\t\t<svg aria-hidden=\"true\" class=\"e-font-icon-svg e-fas-star\" viewBox=\"0 0 576 512\" xmlns=\"http:\/\/www.w3.org\/2000\/svg\"><path d=\"M259.3 17.8L194 150.2 47.9 171.5c-26.2 3.8-36.7 36.1-17.7 54.6l105.7 103-25 145.5c-4.5 26.3 23.2 46 46.4 33.7L288 439.6l130.7 68.7c23.2 12.2 50.9-7.4 46.4-33.7l-25-145.5 105.7-103c19-18.5 8.5-50.8-17.7-54.6L382 150.2 316.7 17.8c-11.7-23.6-45.6-23.9-57.4 0z\"><\/path><\/svg>\t\t\t\t<\/div>\n\t\t\t\t<div class=\"e-icon-wrapper e-icon-unmarked\">\n\t\t\t\t\t<svg aria-hidden=\"true\" class=\"e-font-icon-svg e-fas-star\" viewBox=\"0 0 576 512\" xmlns=\"http:\/\/www.w3.org\/2000\/svg\"><path d=\"M259.3 17.8L194 150.2 47.9 171.5c-26.2 3.8-36.7 36.1-17.7 54.6l105.7 103-25 145.5c-4.5 26.3 23.2 46 46.4 33.7L288 439.6l130.7 68.7c23.2 12.2 50.9-7.4 46.4-33.7l-25-145.5 105.7-103c19-18.5 8.5-50.8-17.7-54.6L382 150.2 316.7 17.8c-11.7-23.6-45.6-23.9-57.4 0z\"><\/path><\/svg>\t\t\t\t<\/div>\n\t\t\t<\/div>\n\t\t\t\t\t\t<\/div>\n\t\t<\/div>\n\t\t\t\t\t\t<\/div>\n\t\t\t\t<div class=\"elementor-element elementor-element-4edbbd8 elementor-invisible elementor-widget elementor-widget-text-editor\" data-id=\"4edbbd8\" data-element_type=\"widget\" data-settings=\"{&quot;_animation&quot;:&quot;fadeIn&quot;,&quot;_animation_delay&quot;:400}\" data-widget_type=\"text-editor.default\">\n\t\t\t\t\t\t\t\t\t<p>\u201eEin Abend im Tablao ist nicht nur eine Show, es ist eine Sinnesreise in die Tiefen der spanischen Kultur\u201c<\/p>\t\t\t\t\t\t\t\t<\/div>\n\t\t\t\t<\/div>\n\t\t<div class=\"elementor-element elementor-element-8f395dc e-con-full e-flex e-con e-child\" data-id=\"8f395dc\" data-element_type=\"container\">\n\t\t\t\t<div class=\"elementor-element elementor-element-1dcff3a elementor-invisible elementor-widget elementor-widget-image\" data-id=\"1dcff3a\" data-element_type=\"widget\" data-settings=\"{&quot;_animation&quot;:&quot;fadeIn&quot;}\" data-widget_type=\"image.default\">\n\t\t\t\t\t\t\t\t\t\t\t\t\t\t\t<img fetchpriority=\"high\" decoding=\"async\" width=\"891\" height=\"1024\" src=\"https:\/\/ritualflamenco.com\/wp-content\/uploads\/2025\/09\/ritual-891x1024.jpg\" class=\"attachment-large size-large wp-image-581\" alt=\"\" srcset=\"https:\/\/ritualflamenco.com\/wp-content\/uploads\/2025\/09\/ritual-891x1024.jpg 891w, https:\/\/ritualflamenco.com\/wp-content\/uploads\/2025\/09\/ritual-261x300.jpg 261w, https:\/\/ritualflamenco.com\/wp-content\/uploads\/2025\/09\/ritual-768x883.jpg 768w, https:\/\/ritualflamenco.com\/wp-content\/uploads\/2025\/09\/ritual-1337x1536.jpg 1337w, https:\/\/ritualflamenco.com\/wp-content\/uploads\/2025\/09\/ritual.jpg 1782w\" sizes=\"(max-width: 891px) 100vw, 891px\" \/>\t\t\t\t\t\t\t\t\t\t\t\t\t\t\t<\/div>\n\t\t\t\t<\/div>\n\t\t\t\t\t<\/div>\n\t\t\t\t<\/div>\n\t\t<div class=\"elementor-element elementor-element-cf7e8b2 e-flex e-con-boxed e-con e-parent\" data-id=\"cf7e8b2\" data-element_type=\"container\">\n\t\t\t\t\t<div class=\"e-con-inner\">\n\t\t<div class=\"elementor-element elementor-element-abee549 e-con-full e-flex e-con e-child\" data-id=\"abee549\" data-element_type=\"container\">\n\t\t\t\t<div class=\"elementor-element elementor-element-52e78bd elementor-invisible elementor-widget elementor-widget-image\" data-id=\"52e78bd\" data-element_type=\"widget\" data-settings=\"{&quot;_animation&quot;:&quot;fadeIn&quot;}\" data-widget_type=\"image.default\">\n\t\t\t\t\t\t\t\t\t\t\t\t\t\t\t<img decoding=\"async\" width=\"769\" height=\"1024\" src=\"https:\/\/ritualflamenco.com\/wp-content\/uploads\/2025\/09\/rit2-769x1024.jpg\" class=\"attachment-large size-large wp-image-582\" alt=\"\" srcset=\"https:\/\/ritualflamenco.com\/wp-content\/uploads\/2025\/09\/rit2-769x1024.jpg 769w, https:\/\/ritualflamenco.com\/wp-content\/uploads\/2025\/09\/rit2-225x300.jpg 225w, https:\/\/ritualflamenco.com\/wp-content\/uploads\/2025\/09\/rit2-768x1023.jpg 768w, https:\/\/ritualflamenco.com\/wp-content\/uploads\/2025\/09\/rit2-1153x1536.jpg 1153w, https:\/\/ritualflamenco.com\/wp-content\/uploads\/2025\/09\/rit2.jpg 1537w\" sizes=\"(max-width: 769px) 100vw, 769px\" \/>\t\t\t\t\t\t\t\t\t\t\t\t\t\t\t<\/div>\n\t\t\t\t<\/div>\n\t\t<div class=\"elementor-element elementor-element-6233216 e-con-full e-flex e-con e-child\" data-id=\"6233216\" data-element_type=\"container\">\n\t\t\t\t<div class=\"elementor-element elementor-element-af79797 elementor-widget__width-inherit elementor-invisible elementor-widget elementor-widget-heading\" data-id=\"af79797\" data-element_type=\"widget\" data-settings=\"{&quot;_animation&quot;:&quot;fadeIn&quot;,&quot;_animation_delay&quot;:300}\" data-widget_type=\"heading.default\">\n\t\t\t\t\t<h2 class=\"elementor-heading-title elementor-size-default\">Traditionelles Tablao Flamenco in Palma de Mallorca<\/h2>\t\t\t\t<\/div>\n\t\t\t\t<div class=\"elementor-element elementor-element-45e39f3 elementor-invisible elementor-widget elementor-widget-text-editor\" data-id=\"45e39f3\" data-element_type=\"widget\" data-settings=\"{&quot;_animation&quot;:&quot;fadeIn&quot;,&quot;_animation_delay&quot;:600}\" data-widget_type=\"text-editor.default\">\n\t\t\t\t\t\t\t\t\t<p>Tauche ein in die Leidenschaft und Kunstfertigkeit des Flamenco in einem authentischen Tablao, wo die Tradition jede Nacht lebendig wird. Im sp\u00e4ten 19. Jahrhundert entstanden, waren Tablaos die Nachfolger der alten Caf\u00e9s Cantantes \u2013 lebendige Orte, an denen die andalusische Kultur durch Gesang, Tanz und Gitarre ihren vollen Ausdruck fand. <\/p><p>In einem warmen und intimen Ambiente erleben Besucher etwas zutiefst Spanisches, gepr\u00e4gt von der Emotion, Intensit\u00e4t und Spontaneit\u00e4t des reinen Flamenco. Jede Vorstellung ist einzigartig: ein tiefgehender Dialog zwischen Kunst und Seele, zum Leben erweckt von renommierten K\u00fcnstlern, die mit jeder Bewegung die lebendige Geschichte S\u00fcdspaniens verk\u00f6rpern. <\/p>\t\t\t\t\t\t\t\t<\/div>\n\t\t\t\t<\/div>\n\t\t\t\t\t<\/div>\n\t\t\t\t<\/div>\n\t\t<div class=\"elementor-element elementor-element-970e340 e-flex e-con-boxed e-con e-parent\" data-id=\"970e340\" data-element_type=\"container\">\n\t\t\t\t\t<div class=\"e-con-inner\">\n\t\t\t\t<div class=\"elementor-element elementor-element-a01a679 elementor-widget__width-inherit elementor-invisible elementor-widget elementor-widget-heading\" data-id=\"a01a679\" data-element_type=\"widget\" data-settings=\"{&quot;_animation&quot;:&quot;fadeIn&quot;}\" data-widget_type=\"heading.default\">\n\t\t\t\t\t<h2 class=\"elementor-heading-title elementor-size-default\">Kommende Shows<\/h2>\t\t\t\t<\/div>\n\t\t\t\t<div class=\"elementor-element elementor-element-4307465 elementor-widget elementor-widget-shortcode\" data-id=\"4307465\" data-element_type=\"widget\" data-widget_type=\"shortcode.default\">\n\t\t\t\t\t\t\t<div class=\"elementor-shortcode\">        <div class=\"scm-events\">\n          <div class=\"scm-wrap\">\n            <section class=\"scm-grid\">\n                            <a class=\"scm-card-link\" href=\"https:\/\/tickets.socialclubmallorca.com\/#\/427d1ea7-3bea-4ad5-876d-b605c5edf13d\/select-tickets\" target=\"_blank\" rel=\"noopener\">                <article class=\"scm-card\">\n                  <div class=\"scm-poster\"><img decoding=\"async\" src=\"https:\/\/ritualflamenco.com\/wp-content\/uploads\/2025\/09\/40bfaf3a-d190-4ba3-90b0-474426ccb01a-728x1024.jpeg\" alt=\"Ritual Flamenco\"><\/div>\n                  <div class=\"scm-body-row\">\n                    <div class=\"scm-date\">\n                      <div class=\"scm-day\">15<\/div>\n                      <div class=\"scm-month\">MAY<\/div>\n                    <\/div>\n                    <div class=\"scm-info\">\n                      <h3 class=\"scm-title\">Ritual Flamenco<\/h3>\n                      <div class=\"scm-place\">Social Club Mallorca<\/div>                      <div class=\"scm-time\">Freitag, 19:30<\/div>\n                    <\/div>\n                  <\/div>\n                <\/article>\n              <\/a>                            <a class=\"scm-card-link\" href=\"https:\/\/tickets.socialclubmallorca.com\/#\/bdba2095-4460-49c8-897c-9190ac1e45fc\/select-tickets\" target=\"_blank\" rel=\"noopener\">                <article class=\"scm-card\">\n                  <div class=\"scm-poster\"><img decoding=\"async\" src=\"https:\/\/ritualflamenco.com\/wp-content\/uploads\/2025\/09\/40bfaf3a-d190-4ba3-90b0-474426ccb01a-728x1024.jpeg\" alt=\"Ritual Flamenco\"><\/div>\n                  <div class=\"scm-body-row\">\n                    <div class=\"scm-date\">\n                      <div class=\"scm-day\">22<\/div>\n                      <div class=\"scm-month\">MAY<\/div>\n                    <\/div>\n                    <div class=\"scm-info\">\n                      <h3 class=\"scm-title\">Ritual Flamenco<\/h3>\n                      <div class=\"scm-place\">Social Club Mallorca<\/div>                      <div class=\"scm-time\">Freitag, 19:30<\/div>\n                    <\/div>\n                  <\/div>\n                <\/article>\n              <\/a>                            <a class=\"scm-card-link\" href=\"https:\/\/tickets.socialclubmallorca.com\/#\/023aa751-b052-4cc1-8f36-88634429fdf9\/select-tickets\" target=\"_blank\" rel=\"noopener\">                <article class=\"scm-card\">\n                  <div class=\"scm-poster\"><img decoding=\"async\" src=\"https:\/\/ritualflamenco.com\/wp-content\/uploads\/2025\/09\/40bfaf3a-d190-4ba3-90b0-474426ccb01a-728x1024.jpeg\" alt=\"Ritual Flamenco\"><\/div>\n                  <div class=\"scm-body-row\">\n                    <div class=\"scm-date\">\n                      <div class=\"scm-day\">29<\/div>\n                      <div class=\"scm-month\">MAY<\/div>\n                    <\/div>\n                    <div class=\"scm-info\">\n                      <h3 class=\"scm-title\">Ritual Flamenco<\/h3>\n                      <div class=\"scm-place\">Social Club Mallorca<\/div>                      <div class=\"scm-time\">Freitag, 19:30<\/div>\n                    <\/div>\n                  <\/div>\n                <\/article>\n              <\/a>                            <a class=\"scm-card-link\" href=\"https:\/\/tickets.socialclubmallorca.com\/#\/2cfd82d8-4304-42c6-953d-1614aa847885\/select-tickets\" target=\"_blank\" rel=\"noopener\">                <article class=\"scm-card\">\n                  <div class=\"scm-poster\"><img decoding=\"async\" src=\"https:\/\/ritualflamenco.com\/wp-content\/uploads\/2025\/09\/40bfaf3a-d190-4ba3-90b0-474426ccb01a-728x1024.jpeg\" alt=\"Ritual Flamenco\"><\/div>\n                  <div class=\"scm-body-row\">\n                    <div class=\"scm-date\">\n                      <div class=\"scm-day\">5<\/div>\n                      <div class=\"scm-month\">JUN<\/div>\n                    <\/div>\n                    <div class=\"scm-info\">\n                      <h3 class=\"scm-title\">Ritual Flamenco<\/h3>\n                      <div class=\"scm-place\">Social Club Mallorca<\/div>                      <div class=\"scm-time\">Freitag, 19:30<\/div>\n                    <\/div>\n                  <\/div>\n                <\/article>\n              <\/a>                          <\/section>\n          <\/div>\n        <\/div>\n        <\/div>\n\t\t\t\t\t\t<\/div>\n\t\t\t\t\t<\/div>\n\t\t\t\t<\/div>\n\t\t<div class=\"elementor-element elementor-element-2a875bb e-flex e-con-boxed e-con e-parent\" data-id=\"2a875bb\" data-element_type=\"container\">\n\t\t\t\t\t<div class=\"e-con-inner\">\n\t\t<div class=\"elementor-element elementor-element-8165881 e-con-full e-flex e-con e-child\" data-id=\"8165881\" data-element_type=\"container\">\n\t\t\t\t<div class=\"elementor-element elementor-element-c50a26d elementor-invisible elementor-widget elementor-widget-image\" data-id=\"c50a26d\" data-element_type=\"widget\" data-settings=\"{&quot;_animation&quot;:&quot;fadeIn&quot;}\" data-widget_type=\"image.default\">\n\t\t\t\t\t\t\t\t\t\t\t\t\t\t\t<img decoding=\"async\" width=\"916\" height=\"1024\" src=\"https:\/\/ritualflamenco.com\/wp-content\/uploads\/2025\/09\/tapas-916x1024.png\" class=\"attachment-large size-large wp-image-583\" alt=\"\" srcset=\"https:\/\/ritualflamenco.com\/wp-content\/uploads\/2025\/09\/tapas-916x1024.png 916w, https:\/\/ritualflamenco.com\/wp-content\/uploads\/2025\/09\/tapas-268x300.png 268w, https:\/\/ritualflamenco.com\/wp-content\/uploads\/2025\/09\/tapas-768x859.png 768w, https:\/\/ritualflamenco.com\/wp-content\/uploads\/2025\/09\/tapas-1374x1536.png 1374w, https:\/\/ritualflamenco.com\/wp-content\/uploads\/2025\/09\/tapas-1831x2048.png 1831w\" sizes=\"(max-width: 916px) 100vw, 916px\" \/>\t\t\t\t\t\t\t\t\t\t\t\t\t\t\t<\/div>\n\t\t\t\t<\/div>\n\t\t<div class=\"elementor-element elementor-element-b1477fe e-con-full e-flex e-con e-child\" data-id=\"b1477fe\" data-element_type=\"container\">\n\t\t\t\t<div class=\"elementor-element elementor-element-7b62d01 elementor-widget__width-inherit elementor-invisible elementor-widget elementor-widget-heading\" data-id=\"7b62d01\" data-element_type=\"widget\" data-settings=\"{&quot;_animation&quot;:&quot;fadeIn&quot;,&quot;_animation_delay&quot;:300}\" data-widget_type=\"heading.default\">\n\t\t\t\t\t<h2 class=\"elementor-heading-title elementor-size-default\">Ein wahrer Geschmack Spaniens<\/h2>\t\t\t\t<\/div>\n\t\t\t\t<div class=\"elementor-element elementor-element-b252aef elementor-invisible elementor-widget elementor-widget-text-editor\" data-id=\"b252aef\" data-element_type=\"widget\" data-settings=\"{&quot;_animation&quot;:&quot;fadeIn&quot;,&quot;_animation_delay&quot;:600}\" data-widget_type=\"text-editor.default\">\n\t\t\t\t\t\t\t\t\t<p>Um das einzigartige Erlebnis unserer Flamenco-Tanzshow zu erg\u00e4nzen, haben G\u00e4ste die M\u00f6glichkeit, ein traditionelles spanisches Men\u00fc zu genie\u00dfen, zubereitet mit lokalen Produkten und authentischen Aromen, die das Wesen unserer Kultur einfangen.<\/p>\t\t\t\t\t\t\t\t<\/div>\n\t\t\t\t<div class=\"elementor-element elementor-element-2f22ade elementor-mobile-align-center elementor-invisible elementor-widget elementor-widget-button\" data-id=\"2f22ade\" data-element_type=\"widget\" data-settings=\"{&quot;_animation&quot;:&quot;fadeIn&quot;,&quot;_animation_delay&quot;:900}\" data-widget_type=\"button.default\">\n\t\t\t\t\t\t\t\t\t\t<a class=\"elementor-button elementor-button-link elementor-size-sm\" href=\"#\">\n\t\t\t\t\t\t<span class=\"elementor-button-content-wrapper\">\n\t\t\t\t\t\t\t\t\t<span class=\"elementor-button-text\">Men\u00fc ansehen<\/span>\n\t\t\t\t\t<\/span>\n\t\t\t\t\t<\/a>\n\t\t\t\t\t\t\t\t<\/div>\n\t\t\t\t<\/div>\n\t\t\t\t\t<\/div>\n\t\t\t\t<\/div>\n\t\t<div class=\"elementor-element elementor-element-fda38f7 e-flex e-con-boxed e-con e-parent\" data-id=\"fda38f7\" data-element_type=\"container\">\n\t\t\t\t\t<div class=\"e-con-inner\">\n\t\t<div class=\"elementor-element elementor-element-344c9bc e-con-full e-flex e-con e-child\" data-id=\"344c9bc\" data-element_type=\"container\">\n\t\t\t\t<div class=\"elementor-element elementor-element-bea3c0e elementor-invisible elementor-widget elementor-widget-image\" data-id=\"bea3c0e\" data-element_type=\"widget\" data-settings=\"{&quot;_animation&quot;:&quot;fadeIn&quot;}\" data-widget_type=\"image.default\">\n\t\t\t\t\t\t\t\t\t\t\t\t\t\t\t<img loading=\"lazy\" decoding=\"async\" width=\"726\" height=\"1024\" src=\"https:\/\/ritualflamenco.com\/wp-content\/uploads\/2025\/09\/flam4-726x1024.jpg\" class=\"attachment-large size-large wp-image-584\" alt=\"\" srcset=\"https:\/\/ritualflamenco.com\/wp-content\/uploads\/2025\/09\/flam4-726x1024.jpg 726w, https:\/\/ritualflamenco.com\/wp-content\/uploads\/2025\/09\/flam4-213x300.jpg 213w, https:\/\/ritualflamenco.com\/wp-content\/uploads\/2025\/09\/flam4-768x1084.jpg 768w, https:\/\/ritualflamenco.com\/wp-content\/uploads\/2025\/09\/flam4-1088x1536.jpg 1088w, https:\/\/ritualflamenco.com\/wp-content\/uploads\/2025\/09\/flam4.jpg 1451w\" sizes=\"(max-width: 726px) 100vw, 726px\" \/>\t\t\t\t\t\t\t\t\t\t\t\t\t\t\t<\/div>\n\t\t\t\t<\/div>\n\t\t<div class=\"elementor-element elementor-element-fbda5ce e-con-full e-flex e-con e-child\" data-id=\"fbda5ce\" data-element_type=\"container\">\n\t\t\t\t<div class=\"elementor-element elementor-element-d3936c2 elementor-widget__width-inherit elementor-invisible elementor-widget elementor-widget-heading\" data-id=\"d3936c2\" data-element_type=\"widget\" data-settings=\"{&quot;_animation&quot;:&quot;fadeIn&quot;,&quot;_animation_delay&quot;:300}\" data-widget_type=\"heading.default\">\n\t\t\t\t\t<h2 class=\"elementor-heading-title elementor-size-default\">Flamenco-Meisterkurs<\/h2>\t\t\t\t<\/div>\n\t\t<div class=\"elementor-element elementor-element-458a88c e-con-full e-flex e-con e-child\" data-id=\"458a88c\" data-element_type=\"container\">\n\t\t\t\t<div class=\"elementor-element elementor-element-06bbda3 elementor-widget__width-auto elementor-invisible elementor-widget elementor-widget-text-editor\" data-id=\"06bbda3\" data-element_type=\"widget\" data-settings=\"{&quot;_animation&quot;:&quot;fadeIn&quot;,&quot;_animation_delay&quot;:600}\" data-widget_type=\"text-editor.default\">\n\t\t\t\t\t\t\t\t\t<p>Private Mietoptionen<\/p>\t\t\t\t\t\t\t\t<\/div>\n\t\t\t\t<div class=\"elementor-element elementor-element-b39cb76 elementor-widget__width-auto elementor-invisible elementor-widget elementor-widget-text-editor\" data-id=\"b39cb76\" data-element_type=\"widget\" data-settings=\"{&quot;_animation&quot;:&quot;fadeIn&quot;,&quot;_animation_delay&quot;:800}\" data-widget_type=\"text-editor.default\">\n\t\t\t\t\t\t\t\t\t<p>Essen &amp; Trinken<\/p>\t\t\t\t\t\t\t\t<\/div>\n\t\t\t\t<div class=\"elementor-element elementor-element-841813c elementor-widget__width-auto elementor-invisible elementor-widget elementor-widget-text-editor\" data-id=\"841813c\" data-element_type=\"widget\" data-settings=\"{&quot;_animation&quot;:&quot;fadeIn&quot;,&quot;_animation_delay&quot;:1000}\" data-widget_type=\"text-editor.default\">\n\t\t\t\t\t\t\t\t\t<p>Sangria-Verkostung<\/p>\t\t\t\t\t\t\t\t<\/div>\n\t\t\t\t<\/div>\n\t\t\t\t<div class=\"elementor-element elementor-element-ee01aaf elementor-invisible elementor-widget elementor-widget-text-editor\" data-id=\"ee01aaf\" data-element_type=\"widget\" data-settings=\"{&quot;_animation&quot;:&quot;fadeIn&quot;,&quot;_animation_delay&quot;:1300}\" data-widget_type=\"text-editor.default\">\n\t\t\t\t\t\t\t\t\t<p>Die Einf\u00fchrungskurse in Flamenco-Tanz im Tablao Ritual sind als sowohl theoretische als auch praktische Reise in diese reiche kulturelle Tradition konzipiert.<\/p>\t\t\t\t\t\t\t\t<\/div>\n\t\t\t\t<div class=\"elementor-element elementor-element-0dcdec7 elementor-mobile-align-center elementor-invisible elementor-widget elementor-widget-button\" data-id=\"0dcdec7\" data-element_type=\"widget\" data-settings=\"{&quot;_animation&quot;:&quot;fadeIn&quot;,&quot;_animation_delay&quot;:1600}\" data-widget_type=\"button.default\">\n\t\t\t\t\t\t\t\t\t\t<a class=\"elementor-button elementor-button-link elementor-size-sm\" href=\"#\">\n\t\t\t\t\t\t<span class=\"elementor-button-content-wrapper\">\n\t\t\t\t\t\t\t\t\t<span class=\"elementor-button-text\">Mehr erfahren<\/span>\n\t\t\t\t\t<\/span>\n\t\t\t\t\t<\/a>\n\t\t\t\t\t\t\t\t<\/div>\n\t\t\t\t<\/div>\n\t\t\t\t\t<\/div>\n\t\t\t\t<\/div>\n\t\t\t\t<\/div>\n\t\t","protected":false},"excerpt":{"rendered":"<p>RitualFlamenco Mallorca \u201eEin Abend im Tablao ist nicht nur eine Show, es ist eine Sinnesreise in die Tiefen der spanischen Kultur\u201c Traditionelles Tablao Flamenco in Palma de Mallorca Tauche ein in die Leidenschaft und Kunstfertigkeit des Flamenco in einem authentischen Tablao, wo die Tradition jede Nacht lebendig wird. Im sp\u00e4ten 19. Jahrhundert entstanden, waren Tablaos [&hellip;]<\/p>\n","protected":false},"author":1,"featured_media":0,"parent":0,"menu_order":0,"comment_status":"closed","ping_status":"closed","template":"","meta":{"footnotes":""},"class_list":["post-614","page","type-page","status-publish","hentry"],"blocksy_meta":[],"_links":{"self":[{"href":"https:\/\/ritualflamenco.com\/de\/wp-json\/wp\/v2\/pages\/614","targetHints":{"allow":["GET"]}}],"collection":[{"href":"https:\/\/ritualflamenco.com\/de\/wp-json\/wp\/v2\/pages"}],"about":[{"href":"https:\/\/ritualflamenco.com\/de\/wp-json\/wp\/v2\/types\/page"}],"author":[{"embeddable":true,"href":"https:\/\/ritualflamenco.com\/de\/wp-json\/wp\/v2\/users\/1"}],"replies":[{"embeddable":true,"href":"https:\/\/ritualflamenco.com\/de\/wp-json\/wp\/v2\/comments?post=614"}],"version-history":[{"count":1,"href":"https:\/\/ritualflamenco.com\/de\/wp-json\/wp\/v2\/pages\/614\/revisions"}],"predecessor-version":[{"id":619,"href":"https:\/\/ritualflamenco.com\/de\/wp-json\/wp\/v2\/pages\/614\/revisions\/619"}],"wp:attachment":[{"href":"https:\/\/ritualflamenco.com\/de\/wp-json\/wp\/v2\/media?parent=614"}],"curies":[{"name":"wp","href":"https:\/\/api.w.org\/{rel}","templated":true}]}}