{"id":401,"date":"2025-09-09T11:47:41","date_gmt":"2025-09-09T11:47:41","guid":{"rendered":"https:\/\/ritualflamenco.com\/acerca-de\/"},"modified":"2025-10-10T12:57:22","modified_gmt":"2025-10-10T12:57:22","slug":"acerca-de","status":"publish","type":"page","link":"https:\/\/ritualflamenco.com\/es\/acerca-de\/","title":{"rendered":"Acerca de"},"content":{"rendered":"\t\t<div data-elementor-type=\"wp-page\" data-elementor-id=\"401\" class=\"elementor elementor-401 elementor-44\" data-elementor-post-type=\"page\">\n\t\t\t\t<div class=\"elementor-element elementor-element-446e5a4 e-flex e-con-boxed e-con e-parent\" data-id=\"446e5a4\" data-element_type=\"container\">\n\t\t\t\t\t<div class=\"e-con-inner\">\n\t\t<div class=\"elementor-element elementor-element-444dfbe e-con-full e-flex e-con e-child\" data-id=\"444dfbe\" data-element_type=\"container\">\n\t\t\t\t<div class=\"elementor-element elementor-element-5dc82eb elementor-invisible elementor-widget elementor-widget-heading\" data-id=\"5dc82eb\" data-element_type=\"widget\" data-settings=\"{&quot;_animation&quot;:&quot;fadeIn&quot;}\" data-widget_type=\"heading.default\">\n\t\t\t\t\t<h1 class=\"elementor-heading-title elementor-size-default\">Acerca de<br>Ritual <br>Flamenco<\/h1>\t\t\t\t<\/div>\n\t\t\t\t<\/div>\n\t\t<div class=\"elementor-element elementor-element-52085d8 e-con-full e-flex e-con e-child\" data-id=\"52085d8\" data-element_type=\"container\">\n\t\t\t\t<div class=\"elementor-element elementor-element-c682d7e elementor-invisible elementor-widget elementor-widget-image\" data-id=\"c682d7e\" data-element_type=\"widget\" data-settings=\"{&quot;_animation&quot;:&quot;fadeIn&quot;}\" data-widget_type=\"image.default\">\n\t\t\t\t\t\t\t\t\t\t\t\t\t\t\t<img fetchpriority=\"high\" decoding=\"async\" width=\"920\" height=\"1024\" src=\"https:\/\/ritualflamenco.com\/wp-content\/uploads\/2025\/09\/about-ritual-920x1024.jpg\" class=\"attachment-large size-large wp-image-392\" alt=\"\" srcset=\"https:\/\/ritualflamenco.com\/wp-content\/uploads\/2025\/09\/about-ritual-920x1024.jpg 920w, https:\/\/ritualflamenco.com\/wp-content\/uploads\/2025\/09\/about-ritual-270x300.jpg 270w, https:\/\/ritualflamenco.com\/wp-content\/uploads\/2025\/09\/about-ritual-768x855.jpg 768w, https:\/\/ritualflamenco.com\/wp-content\/uploads\/2025\/09\/about-ritual-1380x1536.jpg 1380w, https:\/\/ritualflamenco.com\/wp-content\/uploads\/2025\/09\/about-ritual-1841x2048.jpg 1841w\" sizes=\"(max-width: 920px) 100vw, 920px\" \/>\t\t\t\t\t\t\t\t\t\t\t\t\t\t\t<\/div>\n\t\t\t\t<\/div>\n\t\t\t\t\t<\/div>\n\t\t\t\t<\/div>\n\t\t<div class=\"elementor-element elementor-element-e40c18f e-flex e-con-boxed e-con e-parent\" data-id=\"e40c18f\" data-element_type=\"container\">\n\t\t\t\t\t<div class=\"e-con-inner\">\n\t\t<div class=\"elementor-element elementor-element-859dc5c e-con-full e-flex e-con e-child\" data-id=\"859dc5c\" data-element_type=\"container\">\n\t\t\t\t<div class=\"elementor-element elementor-element-fed67b3 elementor-invisible elementor-widget elementor-widget-image\" data-id=\"fed67b3\" data-element_type=\"widget\" data-settings=\"{&quot;_animation&quot;:&quot;fadeIn&quot;}\" data-widget_type=\"image.default\">\n\t\t\t\t\t\t\t\t\t\t\t\t\t\t\t<img decoding=\"async\" width=\"770\" height=\"1024\" src=\"https:\/\/ritualflamenco.com\/wp-content\/uploads\/2025\/09\/ritual4-770x1024.jpg\" class=\"attachment-large size-large wp-image-393\" alt=\"\" srcset=\"https:\/\/ritualflamenco.com\/wp-content\/uploads\/2025\/09\/ritual4-770x1024.jpg 770w, https:\/\/ritualflamenco.com\/wp-content\/uploads\/2025\/09\/ritual4-226x300.jpg 226w, https:\/\/ritualflamenco.com\/wp-content\/uploads\/2025\/09\/ritual4-768x1021.jpg 768w, https:\/\/ritualflamenco.com\/wp-content\/uploads\/2025\/09\/ritual4-1155x1536.jpg 1155w, https:\/\/ritualflamenco.com\/wp-content\/uploads\/2025\/09\/ritual4-1540x2048.jpg 1540w, https:\/\/ritualflamenco.com\/wp-content\/uploads\/2025\/09\/ritual4-scaled.jpg 1925w\" sizes=\"(max-width: 770px) 100vw, 770px\" \/>\t\t\t\t\t\t\t\t\t\t\t\t\t\t\t<\/div>\n\t\t\t\t<\/div>\n\t\t<div class=\"elementor-element elementor-element-f99a370 e-con-full e-flex e-con e-child\" data-id=\"f99a370\" data-element_type=\"container\">\n\t\t\t\t<div class=\"elementor-element elementor-element-a7b8a1a elementor-invisible elementor-widget elementor-widget-text-editor\" data-id=\"a7b8a1a\" data-element_type=\"widget\" data-settings=\"{&quot;_animation&quot;:&quot;fadeIn&quot;}\" data-widget_type=\"text-editor.default\">\n\t\t\t\t\t\t\t\t\t<p><strong data-start=\"205\" data-end=\"224\">Ritual Flamenco<\/strong> es m\u00e1s que un espect\u00e1culo: es un viaje al alma viva de la forma de arte m\u00e1s apasionada de Espa\u00f1a.<\/p><p>Con sede en <strong data-start=\"335\" data-end=\"356\">Palma de Mallorca<\/strong>, dentro de <strong data-start=\"365\" data-end=\"389\">Social Club Mallorca<\/strong> en el famoso <strong data-start=\"404\" data-end=\"422\">Paseo Mar\u00edtimo<\/strong>, unimos m\u00fasica, danza y emoci\u00f3n en una experiencia \u00edntima e inolvidable.<\/p>\t\t\t\t\t\t\t\t<\/div>\n\t\t\t\t<\/div>\n\t\t\t\t\t<\/div>\n\t\t\t\t<\/div>\n\t\t<div class=\"elementor-element elementor-element-f819b5d e-flex e-con-boxed e-con e-parent\" data-id=\"f819b5d\" data-element_type=\"container\">\n\t\t\t\t\t<div class=\"e-con-inner\">\n\t\t<div class=\"elementor-element elementor-element-6030599 e-con-full e-flex e-con e-child\" data-id=\"6030599\" data-element_type=\"container\">\n\t\t\t\t<div class=\"elementor-element elementor-element-4d06e5a elementor-invisible elementor-widget elementor-widget-image\" data-id=\"4d06e5a\" data-element_type=\"widget\" data-settings=\"{&quot;_animation&quot;:&quot;fadeIn&quot;}\" data-widget_type=\"image.default\">\n\t\t\t\t\t\t\t\t\t\t\t\t\t\t\t<img decoding=\"async\" width=\"725\" height=\"1024\" src=\"https:\/\/ritualflamenco.com\/wp-content\/uploads\/2025\/09\/ritual-5-725x1024.jpg\" class=\"attachment-large size-large wp-image-394\" alt=\"\" srcset=\"https:\/\/ritualflamenco.com\/wp-content\/uploads\/2025\/09\/ritual-5-725x1024.jpg 725w, https:\/\/ritualflamenco.com\/wp-content\/uploads\/2025\/09\/ritual-5-213x300.jpg 213w, https:\/\/ritualflamenco.com\/wp-content\/uploads\/2025\/09\/ritual-5-768x1084.jpg 768w, https:\/\/ritualflamenco.com\/wp-content\/uploads\/2025\/09\/ritual-5-1088x1536.jpg 1088w, https:\/\/ritualflamenco.com\/wp-content\/uploads\/2025\/09\/ritual-5-1451x2048.jpg 1451w, https:\/\/ritualflamenco.com\/wp-content\/uploads\/2025\/09\/ritual-5-scaled.jpg 1813w\" sizes=\"(max-width: 725px) 100vw, 725px\" \/>\t\t\t\t\t\t\t\t\t\t\t\t\t\t\t<\/div>\n\t\t\t\t<\/div>\n\t\t<div class=\"elementor-element elementor-element-6b38da8 e-con-full e-flex e-con e-child\" data-id=\"6b38da8\" data-element_type=\"container\">\n\t\t\t\t<div class=\"elementor-element elementor-element-3d3e11e elementor-invisible elementor-widget elementor-widget-heading\" data-id=\"3d3e11e\" data-element_type=\"widget\" data-settings=\"{&quot;_animation&quot;:&quot;fadeIn&quot;}\" data-widget_type=\"heading.default\">\n\t\t\t\t\t<h2 class=\"elementor-heading-title elementor-size-default\">\u00bfQu\u00e9 es Ritual Flamenco?<\/h2>\t\t\t\t<\/div>\n\t\t\t\t<div class=\"elementor-element elementor-element-01508a4 elementor-invisible elementor-widget elementor-widget-text-editor\" data-id=\"01508a4\" data-element_type=\"widget\" data-settings=\"{&quot;_animation&quot;:&quot;fadeIn&quot;}\" data-widget_type=\"text-editor.default\">\n\t\t\t\t\t\t\t\t\t<p data-start=\"547\" data-end=\"811\">El flamenco no es solo entretenimiento, es un ritual de expresi\u00f3n, nacido en Andaluc\u00eda y transmitido de generaci\u00f3n en generaci\u00f3n. La mezcla de cante (<em data-start=\"682\" data-end=\"689\">cante<\/em>), guitarra (<em data-start=\"700\" data-end=\"707\">toque<\/em>), baile (<em data-start=\"717\" data-end=\"724\">baile<\/em>) y palmas r\u00edtmicas (<em data-start=\"750\" data-end=\"758\">palmas<\/em>) cuenta historias de lucha, celebraci\u00f3n y amor. <\/p><p data-start=\"813\" data-end=\"1174\">En Ritual Flamenco, nuestros artistas (cantantes, bailarines y guitarristas) son elegidos por su autenticidad y pasi\u00f3n. Cada espect\u00e1culo est\u00e1 vivo, improvisado en el momento y cargado de emoci\u00f3n pura. Lo que nos hace \u00fanicos es la cercan\u00eda entre el p\u00fablico y el artista. No te limitas a mirar; sientes cada paso, cada acorde, cada grito de <em data-start=\"1142\" data-end=\"1149\">\u00a1ol\u00e9!<\/em> como parte del ritual.   <\/p>\t\t\t\t\t\t\t\t<\/div>\n\t\t\t\t<\/div>\n\t\t\t\t\t<\/div>\n\t\t\t\t<\/div>\n\t\t<div class=\"elementor-element elementor-element-0c8e562 e-flex e-con-boxed e-con e-parent\" data-id=\"0c8e562\" data-element_type=\"container\">\n\t\t\t\t\t<div class=\"e-con-inner\">\n\t\t\t\t<div class=\"elementor-element elementor-element-ffbc5d8 elementor-invisible elementor-widget elementor-widget-heading\" data-id=\"ffbc5d8\" data-element_type=\"widget\" data-settings=\"{&quot;_animation&quot;:&quot;fadeIn&quot;}\" data-widget_type=\"heading.default\">\n\t\t\t\t\t<h2 class=\"elementor-heading-title elementor-size-default\">Palma de Mallorca: cultura en el coraz\u00f3n del Mediterr\u00e1neo<\/h2>\t\t\t\t<\/div>\n\t\t\t\t<div class=\"elementor-element elementor-element-0077c38 elementor-invisible elementor-widget elementor-widget-text-editor\" data-id=\"0077c38\" data-element_type=\"widget\" data-settings=\"{&quot;_animation&quot;:&quot;fadeIn&quot;}\" data-widget_type=\"text-editor.default\">\n\t\t\t\t\t\t\t\t\t<p data-start=\"1239\" data-end=\"1489\">Nuestro hogar es <strong data-start=\"1251\" data-end=\"1260\">Palma<\/strong>, la capital de las Islas Baleares y una de las ciudades m\u00e1s vibrantes del Mediterr\u00e1neo. Famosa por su catedral g\u00f3tica, sus sinuosas calles antiguas, sus galer\u00edas de arte y su animada escena gastron\u00f3mica, Palma es donde la tradici\u00f3n se une a la energ\u00eda moderna. <\/p><p data-start=\"1491\" data-end=\"1784\">Los visitantes vienen no solo por las playas y el sol, sino por experiencias que los conectan con el esp\u00edritu de la isla. El flamenco, aunque arraigado en Andaluc\u00eda, tambi\u00e9n pertenece aqu\u00ed. El ritmo de la guitarra resuena en los patios de Palma, mientras que la pasi\u00f3n del baile refleja el propio latido de la ciudad.  <\/p>\t\t\t\t\t\t\t\t<\/div>\n\t\t\t\t<div class=\"elementor-element elementor-element-e74cd6b elementor-invisible elementor-widget elementor-widget-image\" data-id=\"e74cd6b\" data-element_type=\"widget\" data-settings=\"{&quot;_animation&quot;:&quot;fadeIn&quot;}\" data-widget_type=\"image.default\">\n\t\t\t\t\t\t\t\t\t\t\t\t\t\t\t<img loading=\"lazy\" decoding=\"async\" width=\"2560\" height=\"1903\" src=\"https:\/\/ritualflamenco.com\/wp-content\/uploads\/2025\/09\/envato-labs-image-edit-scaled.jpg\" class=\"attachment-full size-full wp-image-395\" alt=\"\" srcset=\"https:\/\/ritualflamenco.com\/wp-content\/uploads\/2025\/09\/envato-labs-image-edit-scaled.jpg 2560w, https:\/\/ritualflamenco.com\/wp-content\/uploads\/2025\/09\/envato-labs-image-edit-300x223.jpg 300w, https:\/\/ritualflamenco.com\/wp-content\/uploads\/2025\/09\/envato-labs-image-edit-1024x761.jpg 1024w, https:\/\/ritualflamenco.com\/wp-content\/uploads\/2025\/09\/envato-labs-image-edit-768x571.jpg 768w, https:\/\/ritualflamenco.com\/wp-content\/uploads\/2025\/09\/envato-labs-image-edit-1536x1142.jpg 1536w, https:\/\/ritualflamenco.com\/wp-content\/uploads\/2025\/09\/envato-labs-image-edit-2048x1522.jpg 2048w\" sizes=\"(max-width: 2560px) 100vw, 2560px\" \/>\t\t\t\t\t\t\t\t\t\t\t\t\t\t\t<\/div>\n\t\t\t\t<div class=\"elementor-element elementor-element-6c3fd0a elementor-invisible elementor-widget elementor-widget-heading\" data-id=\"6c3fd0a\" data-element_type=\"widget\" data-settings=\"{&quot;_animation&quot;:&quot;fadeIn&quot;}\" data-widget_type=\"heading.default\">\n\t\t\t\t\t<h2 class=\"elementor-heading-title elementor-size-default\">El paseo mar\u00edtimo: donde la ciudad se encuentra con el mar<\/h2>\t\t\t\t<\/div>\n\t\t\t\t<div class=\"elementor-element elementor-element-ae6781e elementor-invisible elementor-widget elementor-widget-text-editor\" data-id=\"ae6781e\" data-element_type=\"widget\" data-settings=\"{&quot;_animation&quot;:&quot;fadeIn&quot;}\" data-widget_type=\"text-editor.default\">\n\t\t\t\t\t\t\t\t\t<p data-start=\"1834\" data-end=\"2158\">Ritual Flamenco tiene lugar en el coraz\u00f3n del <strong data-start=\"1886\" data-end=\"1904\">Paseo Mar\u00edtimo<\/strong> de Palma, la avenida costera m\u00e1s emblem\u00e1tica de la ciudad. Este bulevar bordeado de palmeras, que se extiende a lo largo del puerto, est\u00e1 repleto de restaurantes, locales de m\u00fasica y yates de lujo. Es el punto de encuentro de culturas, donde lugare\u00f1os y viajeros celebran la vida junto al mar.  <\/p><p data-start=\"2160\" data-end=\"2370\">Nuestro local, <strong data-start=\"2171\" data-end=\"2195\">Social Club Mallorca<\/strong>, es uno de los espacios m\u00e1s elegantes del Paseo Mar\u00edtimo. Aqu\u00ed, la tradici\u00f3n y la elegancia se unen: los hu\u00e9spedes disfrutan de la comodidad moderna mientras se sumergen en la belleza cruda del flamenco. <\/p>\t\t\t\t\t\t\t\t<\/div>\n\t\t\t\t\t<\/div>\n\t\t\t\t<\/div>\n\t\t<div class=\"elementor-element elementor-element-e89a27a e-flex e-con-boxed e-con e-parent\" data-id=\"e89a27a\" data-element_type=\"container\">\n\t\t\t\t\t<div class=\"e-con-inner\">\n\t\t<div class=\"elementor-element elementor-element-b7d0f43 e-con-full e-flex elementor-invisible e-con e-child\" data-id=\"b7d0f43\" data-element_type=\"container\" data-settings=\"{&quot;background_background&quot;:&quot;classic&quot;,&quot;animation&quot;:&quot;fadeIn&quot;}\">\n\t\t\t\t<div class=\"elementor-element elementor-element-dd6fcc3 elementor-invisible elementor-widget elementor-widget-text-editor\" data-id=\"dd6fcc3\" data-element_type=\"widget\" data-settings=\"{&quot;_animation&quot;:&quot;fadeIn&quot;}\" data-widget_type=\"text-editor.default\">\n\t\t\t\t\t\t\t\t\t<p data-start=\"2758\" data-end=\"3009\">Nuestra misi\u00f3n es preservar el flamenco en su forma m\u00e1s pura y compartirlo con el p\u00fablico de todo el mundo. Tanto si lo descubres por primera vez como si vuelves a su magia, Ritual Flamenco te emocionar\u00e1, te inspirar\u00e1 y se quedar\u00e1 contigo. <\/p><p data-start=\"3011\" data-end=\"3111\">\u00danete a nosotros en <strong data-start=\"3022\" data-end=\"3043\">Palma de Mallorca<\/strong>, en el famoso <strong data-start=\"3059\" data-end=\"3077\">Paseo Mar\u00edtimo<\/strong>, y forma parte del ritual.<\/p>\t\t\t\t\t\t\t\t<\/div>\n\t\t\t\t<div class=\"elementor-element elementor-element-09ee5df elementor-mobile-align-center elementor-align-center elementor-invisible elementor-widget elementor-widget-button\" data-id=\"09ee5df\" data-element_type=\"widget\" data-settings=\"{&quot;_animation&quot;:&quot;fadeIn&quot;,&quot;_animation_delay&quot;:900}\" data-widget_type=\"button.default\">\n\t\t\t\t\t\t\t\t\t\t<a class=\"elementor-button elementor-button-link elementor-size-sm\" href=\"#\">\n\t\t\t\t\t\t<span class=\"elementor-button-content-wrapper\">\n\t\t\t\t\t\t\t\t\t<span class=\"elementor-button-text\">Entradas<\/span>\n\t\t\t\t\t<\/span>\n\t\t\t\t\t<\/a>\n\t\t\t\t\t\t\t\t<\/div>\n\t\t\t\t<\/div>\n\t\t\t\t\t<\/div>\n\t\t\t\t<\/div>\n\t\t\t\t<\/div>\n\t\t","protected":false},"excerpt":{"rendered":"<p>Acerca deRitual Flamenco Ritual Flamenco es m\u00e1s que un espect\u00e1culo: es un viaje al alma viva de la forma de arte m\u00e1s apasionada de Espa\u00f1a. Con sede en Palma de Mallorca, dentro de Social Club Mallorca en el famoso Paseo Mar\u00edtimo, unimos m\u00fasica, danza y emoci\u00f3n en una experiencia \u00edntima e inolvidable. \u00bfQu\u00e9 es Ritual [&hellip;]<\/p>\n","protected":false},"author":1,"featured_media":0,"parent":0,"menu_order":0,"comment_status":"closed","ping_status":"closed","template":"","meta":{"footnotes":""},"class_list":["post-401","page","type-page","status-publish","hentry"],"blocksy_meta":[],"_links":{"self":[{"href":"https:\/\/ritualflamenco.com\/es\/wp-json\/wp\/v2\/pages\/401","targetHints":{"allow":["GET"]}}],"collection":[{"href":"https:\/\/ritualflamenco.com\/es\/wp-json\/wp\/v2\/pages"}],"about":[{"href":"https:\/\/ritualflamenco.com\/es\/wp-json\/wp\/v2\/types\/page"}],"author":[{"embeddable":true,"href":"https:\/\/ritualflamenco.com\/es\/wp-json\/wp\/v2\/users\/1"}],"replies":[{"embeddable":true,"href":"https:\/\/ritualflamenco.com\/es\/wp-json\/wp\/v2\/comments?post=401"}],"version-history":[{"count":1,"href":"https:\/\/ritualflamenco.com\/es\/wp-json\/wp\/v2\/pages\/401\/revisions"}],"predecessor-version":[{"id":404,"href":"https:\/\/ritualflamenco.com\/es\/wp-json\/wp\/v2\/pages\/401\/revisions\/404"}],"wp:attachment":[{"href":"https:\/\/ritualflamenco.com\/es\/wp-json\/wp\/v2\/media?parent=401"}],"curies":[{"name":"wp","href":"https:\/\/api.w.org\/{rel}","templated":true}]}}