{"id":559,"date":"2025-09-09T12:23:20","date_gmt":"2025-09-09T12:23:20","guid":{"rendered":"https:\/\/ritualflamenco.com\/precios\/"},"modified":"2025-10-10T13:00:48","modified_gmt":"2025-10-10T13:00:48","slug":"precios","status":"publish","type":"page","link":"https:\/\/ritualflamenco.com\/es\/precios\/","title":{"rendered":"Precios"},"content":{"rendered":"\t\t<div data-elementor-type=\"wp-page\" data-elementor-id=\"559\" class=\"elementor elementor-559 elementor-73\" data-elementor-post-type=\"page\">\n\t\t\t\t<div class=\"elementor-element elementor-element-afef9bb e-flex e-con-boxed e-con e-parent\" data-id=\"afef9bb\" data-element_type=\"container\">\n\t\t\t\t\t<div class=\"e-con-inner\">\n\t\t<div class=\"elementor-element elementor-element-8f1b36c e-con-full e-flex e-con e-child\" data-id=\"8f1b36c\" data-element_type=\"container\">\n\t\t\t\t<div class=\"elementor-element elementor-element-a149010 elementor-invisible elementor-widget elementor-widget-heading\" data-id=\"a149010\" data-element_type=\"widget\" data-settings=\"{&quot;_animation&quot;:&quot;fadeIn&quot;}\" data-widget_type=\"heading.default\">\n\t\t\t\t\t<h1 class=\"elementor-heading-title elementor-size-default\">Precios<\/h1>\t\t\t\t<\/div>\n\t\t\t\t<\/div>\n\t\t<div class=\"elementor-element elementor-element-b300773 e-con-full e-flex e-con e-child\" data-id=\"b300773\" data-element_type=\"container\">\n\t\t\t\t<div class=\"elementor-element elementor-element-2343166 elementor-invisible elementor-widget elementor-widget-image\" data-id=\"2343166\" data-element_type=\"widget\" data-settings=\"{&quot;_animation&quot;:&quot;fadeIn&quot;}\" data-widget_type=\"image.default\">\n\t\t\t\t\t\t\t\t\t\t\t\t\t\t\t<img fetchpriority=\"high\" decoding=\"async\" width=\"788\" height=\"1024\" src=\"https:\/\/ritualflamenco.com\/wp-content\/uploads\/2025\/09\/dance-1-788x1024.png\" class=\"attachment-large size-large wp-image-508\" alt=\"\" srcset=\"https:\/\/ritualflamenco.com\/wp-content\/uploads\/2025\/09\/dance-1-788x1024.png 788w, https:\/\/ritualflamenco.com\/wp-content\/uploads\/2025\/09\/dance-1-231x300.png 231w, https:\/\/ritualflamenco.com\/wp-content\/uploads\/2025\/09\/dance-1-768x999.png 768w, https:\/\/ritualflamenco.com\/wp-content\/uploads\/2025\/09\/dance-1-1181x1536.png 1181w, https:\/\/ritualflamenco.com\/wp-content\/uploads\/2025\/09\/dance-1.png 1575w\" sizes=\"(max-width: 788px) 100vw, 788px\" \/>\t\t\t\t\t\t\t\t\t\t\t\t\t\t\t<\/div>\n\t\t\t\t<\/div>\n\t\t\t\t\t<\/div>\n\t\t\t\t<\/div>\n\t\t<div class=\"elementor-element elementor-element-21e0296 e-flex e-con-boxed e-con e-parent\" data-id=\"21e0296\" data-element_type=\"container\">\n\t\t\t\t\t<div class=\"e-con-inner\">\n\t\t<div class=\"elementor-element elementor-element-0ef0441 e-con-full e-flex e-con e-child\" data-id=\"0ef0441\" data-element_type=\"container\">\n\t\t\t\t<div class=\"elementor-element elementor-element-ed2deae elementor-invisible elementor-widget elementor-widget-image\" data-id=\"ed2deae\" data-element_type=\"widget\" data-settings=\"{&quot;sticky&quot;:&quot;top&quot;,&quot;sticky_offset&quot;:20,&quot;sticky_parent&quot;:&quot;yes&quot;,&quot;_animation&quot;:&quot;fadeIn&quot;,&quot;sticky_on&quot;:[&quot;desktop&quot;,&quot;tablet&quot;,&quot;mobile&quot;],&quot;sticky_effects_offset&quot;:0,&quot;sticky_anchor_link_offset&quot;:0}\" data-widget_type=\"image.default\">\n\t\t\t\t\t\t\t\t\t\t\t\t\t\t\t<img decoding=\"async\" width=\"833\" height=\"1024\" src=\"https:\/\/ritualflamenco.com\/wp-content\/uploads\/2025\/09\/Screenshot-2025-09-18-at-11.03.06-833x1024.jpg\" class=\"attachment-large size-large wp-image-509\" alt=\"\" srcset=\"https:\/\/ritualflamenco.com\/wp-content\/uploads\/2025\/09\/Screenshot-2025-09-18-at-11.03.06-833x1024.jpg 833w, https:\/\/ritualflamenco.com\/wp-content\/uploads\/2025\/09\/Screenshot-2025-09-18-at-11.03.06-244x300.jpg 244w, https:\/\/ritualflamenco.com\/wp-content\/uploads\/2025\/09\/Screenshot-2025-09-18-at-11.03.06-768x944.jpg 768w, https:\/\/ritualflamenco.com\/wp-content\/uploads\/2025\/09\/Screenshot-2025-09-18-at-11.03.06-1249x1536.jpg 1249w, https:\/\/ritualflamenco.com\/wp-content\/uploads\/2025\/09\/Screenshot-2025-09-18-at-11.03.06.jpg 1638w\" sizes=\"(max-width: 833px) 100vw, 833px\" \/>\t\t\t\t\t\t\t\t\t\t\t\t\t\t\t<\/div>\n\t\t\t\t<\/div>\n\t\t<div class=\"elementor-element elementor-element-33c9f43 e-con-full e-flex e-con e-child\" data-id=\"33c9f43\" data-element_type=\"container\">\n\t\t<div class=\"elementor-element elementor-element-3a75d67 e-con-full e-flex elementor-invisible e-con e-child\" data-id=\"3a75d67\" data-element_type=\"container\" data-settings=\"{&quot;animation&quot;:&quot;fadeInRight&quot;}\">\n\t\t<div class=\"elementor-element elementor-element-728e94b e-con-full e-flex e-con e-child\" data-id=\"728e94b\" data-element_type=\"container\">\n\t\t\t\t<div class=\"elementor-element elementor-element-6d235fb elementor-widget elementor-widget-heading\" data-id=\"6d235fb\" data-element_type=\"widget\" data-widget_type=\"heading.default\">\n\t\t\t\t\t<h3 class=\"elementor-heading-title elementor-size-default\">VIP<\/h3>\t\t\t\t<\/div>\n\t\t\t\t<div class=\"elementor-element elementor-element-5610d80 elementor-widget elementor-widget-text-editor\" data-id=\"5610d80\" data-element_type=\"widget\" data-widget_type=\"text-editor.default\">\n\t\t\t\t\t\t\t\t\tdesde <span style=\"font-size: 30px\">65 \u20ac<\/span>\t\t\t\t\t\t\t\t<\/div>\n\t\t\t\t<\/div>\n\t\t<div class=\"elementor-element elementor-element-8ad7013 e-con-full e-flex e-con e-child\" data-id=\"8ad7013\" data-element_type=\"container\">\n\t\t\t\t<div class=\"elementor-element elementor-element-b40833e elementor-widget__width-initial elementor-widget elementor-widget-text-editor\" data-id=\"b40833e\" data-element_type=\"widget\" data-widget_type=\"text-editor.default\">\n\t\t\t\t\t\t\t\t\t<p>Para quienes desean sentir el flamenco con el alma.<br>Esta es la zona m\u00e1s cercana al arte: sof\u00e1s junto al escenario donde cada mirada, cada gesto y cada paso se experimentan en primera fila. El ambiente es \u00edntimo, acogedor y lleno de duende. <\/p>\t\t\t\t\t\t\t\t<\/div>\n\t\t\t\t<div class=\"elementor-element elementor-element-0cfeb2d elementor-widget__width-initial elementor-widget elementor-widget-text-editor\" data-id=\"0cfeb2d\" data-element_type=\"widget\" data-widget_type=\"text-editor.default\">\n\t\t\t\t\t\t\t\t\t<p>INCLUYE<\/p><ul><li>Sof\u00e1s junto al escenario, con la mejor visibilidad y cercan\u00eda<\/li><li>Tapas tradicionales preparadas con sabor andaluz<\/li><li>1 jarra de sangr\u00eda cada 2 personas<\/li><li>Encuentro exclusivo con los artistas<\/li><li>Ambiente \u00edntimo y servicio personalizado<\/li><\/ul>\t\t\t\t\t\t\t\t<\/div>\n\t\t\t\t<\/div>\n\t\t\t\t<\/div>\n\t\t<div class=\"elementor-element elementor-element-37c3a3e e-con-full e-flex elementor-invisible e-con e-child\" data-id=\"37c3a3e\" data-element_type=\"container\" data-settings=\"{&quot;animation&quot;:&quot;fadeInRight&quot;}\">\n\t\t<div class=\"elementor-element elementor-element-16e5c67 e-con-full e-flex e-con e-child\" data-id=\"16e5c67\" data-element_type=\"container\">\n\t\t\t\t<div class=\"elementor-element elementor-element-d8896ff elementor-widget elementor-widget-heading\" data-id=\"d8896ff\" data-element_type=\"widget\" data-widget_type=\"heading.default\">\n\t\t\t\t\t<h3 class=\"elementor-heading-title elementor-size-default\">Categor\u00eda 1<\/h3>\t\t\t\t<\/div>\n\t\t\t\t<div class=\"elementor-element elementor-element-6320a15 elementor-widget elementor-widget-text-editor\" data-id=\"6320a15\" data-element_type=\"widget\" data-widget_type=\"text-editor.default\">\n\t\t\t\t\t\t\t\t\t<p>desde <span style=\"font-size: 30px;\">45 \u20ac<\/span><\/p>\t\t\t\t\t\t\t\t<\/div>\n\t\t\t\t<\/div>\n\t\t<div class=\"elementor-element elementor-element-35712b1 e-con-full e-flex e-con e-child\" data-id=\"35712b1\" data-element_type=\"container\">\n\t\t\t\t<div class=\"elementor-element elementor-element-d1494b0 elementor-widget__width-initial elementor-widget elementor-widget-text-editor\" data-id=\"d1494b0\" data-element_type=\"widget\" data-widget_type=\"text-editor.default\">\n\t\t\t\t\t\t\t\t\tLa esencia del tablao, como en los antiguos caf\u00e9s cantantes de anta\u00f1o. Mesas dispuestas frente al escenario, donde se puede cenar y brindar mientras el flamenco se desarrolla a pocos metros. Una experiencia cercana y vibrante con el alma del sur.  \t\t\t\t\t\t\t\t<\/div>\n\t\t\t\t<div class=\"elementor-element elementor-element-383ae7b elementor-widget__width-initial elementor-widget elementor-widget-text-editor\" data-id=\"383ae7b\" data-element_type=\"widget\" data-widget_type=\"text-editor.default\">\n\t\t\t\t\t\t\t\t\t<p data-start=\"311\" data-end=\"325\"><strong data-start=\"311\" data-end=\"323\">INCLUYE<\/strong><\/p><ul data-start=\"326\" data-end=\"523\"><li data-start=\"326\" data-end=\"380\"><p data-start=\"328\" data-end=\"380\">Mesas estilo cabaret con vista directa al escenario<\/p><\/li><li data-start=\"381\" data-end=\"426\"><p data-start=\"383\" data-end=\"426\">Tapas para compartir con sabores t\u00edpicos de la zona<\/p><\/li><li data-start=\"427\" data-end=\"466\"><p data-start=\"429\" data-end=\"466\">1 jarra de sangr\u00eda cada 2 personas<\/p><\/li><li data-start=\"467\" data-end=\"523\"><p data-start=\"469\" data-end=\"523\">Equilibrio perfecto entre comodidad, gastronom\u00eda y arte<\/p><\/li><\/ul>\t\t\t\t\t\t\t\t<\/div>\n\t\t\t\t<\/div>\n\t\t\t\t<\/div>\n\t\t<div class=\"elementor-element elementor-element-161d48e e-con-full e-flex elementor-invisible e-con e-child\" data-id=\"161d48e\" data-element_type=\"container\" data-settings=\"{&quot;animation&quot;:&quot;fadeInRight&quot;}\">\n\t\t<div class=\"elementor-element elementor-element-4be6160 e-con-full e-flex e-con e-child\" data-id=\"4be6160\" data-element_type=\"container\">\n\t\t\t\t<div class=\"elementor-element elementor-element-7888d64 elementor-widget elementor-widget-heading\" data-id=\"7888d64\" data-element_type=\"widget\" data-widget_type=\"heading.default\">\n\t\t\t\t\t<h3 class=\"elementor-heading-title elementor-size-default\">Categor\u00eda 2<\/h3>\t\t\t\t<\/div>\n\t\t\t\t<div class=\"elementor-element elementor-element-ce38fdf elementor-widget elementor-widget-text-editor\" data-id=\"ce38fdf\" data-element_type=\"widget\" data-widget_type=\"text-editor.default\">\n\t\t\t\t\t\t\t\t\t<p>desde <span style=\"font-size: 30px;\">25 \u20ac<\/span><\/p>\t\t\t\t\t\t\t\t<\/div>\n\t\t\t\t<\/div>\n\t\t<div class=\"elementor-element elementor-element-54559bc e-con-full e-flex e-con e-child\" data-id=\"54559bc\" data-element_type=\"container\">\n\t\t\t\t<div class=\"elementor-element elementor-element-b5a3505 elementor-widget__width-initial elementor-widget elementor-widget-text-editor\" data-id=\"b5a3505\" data-element_type=\"widget\" data-widget_type=\"text-editor.default\">\n\t\t\t\t\t\t\t\t\t<p>La esencia del <em data-start=\"83\" data-end=\"91\">tablao<\/em>, como en los antiguos caf\u00e9s cantantes de anta\u00f1o. Mesas altas dispuestas en la parte de atr\u00e1s, donde se puede cenar y brindar mientras el flamenco se desarrolla a pocos metros. Una experiencia cercana y vibrante con el alma del sur.  <\/p>\t\t\t\t\t\t\t\t<\/div>\n\t\t\t\t<div class=\"elementor-element elementor-element-e0d2920 elementor-widget__width-initial elementor-widget elementor-widget-text-editor\" data-id=\"e0d2920\" data-element_type=\"widget\" data-widget_type=\"text-editor.default\">\n\t\t\t\t\t\t\t\t\t<p data-start=\"305\" data-end=\"319\"><strong data-start=\"305\" data-end=\"317\">INCLUYE<\/strong><\/p><ul data-start=\"320\" data-end=\"442\"><li data-start=\"320\" data-end=\"359\"><p data-start=\"322\" data-end=\"359\">Mesas altas en la parte trasera de la sala<\/p><\/li><li data-start=\"360\" data-end=\"388\"><p data-start=\"362\" data-end=\"388\">Acceso directo a la barra<\/p><\/li><li data-start=\"389\" data-end=\"419\"><p data-start=\"391\" data-end=\"419\">Opci\u00f3n de pedir a la carta<\/p><\/li><li data-start=\"420\" data-end=\"442\"><p data-start=\"422\" data-end=\"442\">Ambiente relajado<\/p><\/li><\/ul>\t\t\t\t\t\t\t\t<\/div>\n\t\t\t\t<\/div>\n\t\t\t\t<\/div>\n\t\t\t\t<\/div>\n\t\t\t\t\t<\/div>\n\t\t\t\t<\/div>\n\t\t<div class=\"elementor-element elementor-element-1b113d8 e-flex e-con-boxed e-con e-parent\" data-id=\"1b113d8\" data-element_type=\"container\">\n\t\t\t\t\t<div class=\"e-con-inner\">\n\t\t<div class=\"elementor-element elementor-element-c06ed65 e-con-full e-flex e-con e-child\" data-id=\"c06ed65\" data-element_type=\"container\">\n\t\t\t\t<div class=\"elementor-element elementor-element-8b8b64a elementor-invisible elementor-widget elementor-widget-heading\" data-id=\"8b8b64a\" data-element_type=\"widget\" data-settings=\"{&quot;_animation&quot;:&quot;fadeIn&quot;}\" data-widget_type=\"heading.default\">\n\t\t\t\t\t<h2 class=\"elementor-heading-title elementor-size-default\">Horarios del espect\u00e1culo<\/h2>\t\t\t\t<\/div>\n\t\t\t\t<div class=\"elementor-element elementor-element-c16a765 elementor-invisible elementor-widget elementor-widget-heading\" data-id=\"c16a765\" data-element_type=\"widget\" data-settings=\"{&quot;_animation&quot;:&quot;fadeIn&quot;}\" data-widget_type=\"heading.default\">\n\t\t\t\t\t<h3 class=\"elementor-heading-title elementor-size-default\">Mayo - Octubre<\/h3>\t\t\t\t<\/div>\n\t\t<div class=\"elementor-element elementor-element-acfc590 e-con-full e-flex e-con e-child\" data-id=\"acfc590\" data-element_type=\"container\">\n\t\t\t\t<div class=\"elementor-element elementor-element-fd25122 elementor-widget__width-auto elementor-invisible elementor-widget elementor-widget-text-editor\" data-id=\"fd25122\" data-element_type=\"widget\" data-settings=\"{&quot;_animation&quot;:&quot;fadeIn&quot;,&quot;_animation_delay&quot;:600}\" data-widget_type=\"text-editor.default\">\n\t\t\t\t\t\t\t\t\t<p>Jueves<\/p>\t\t\t\t\t\t\t\t<\/div>\n\t\t\t\t<div class=\"elementor-element elementor-element-7794d24 elementor-widget__width-auto elementor-invisible elementor-widget elementor-widget-text-editor\" data-id=\"7794d24\" data-element_type=\"widget\" data-settings=\"{&quot;_animation&quot;:&quot;fadeIn&quot;,&quot;_animation_delay&quot;:800}\" data-widget_type=\"text-editor.default\">\n\t\t\t\t\t\t\t\t\t<p>Viernes<\/p>\t\t\t\t\t\t\t\t<\/div>\n\t\t\t\t<div class=\"elementor-element elementor-element-2f82934 elementor-widget__width-auto elementor-invisible elementor-widget elementor-widget-text-editor\" data-id=\"2f82934\" data-element_type=\"widget\" data-settings=\"{&quot;_animation&quot;:&quot;fadeIn&quot;,&quot;_animation_delay&quot;:1000}\" data-widget_type=\"text-editor.default\">\n\t\t\t\t\t\t\t\t\t<p>S\u00e1bado<\/p>\t\t\t\t\t\t\t\t<\/div>\n\t\t\t\t<\/div>\n\t\t<div class=\"elementor-element elementor-element-a638a96 e-con-full e-flex e-con e-child\" data-id=\"a638a96\" data-element_type=\"container\">\n\t\t\t\t<div class=\"elementor-element elementor-element-34572b8 elementor-widget elementor-widget-heading\" data-id=\"34572b8\" data-element_type=\"widget\" data-widget_type=\"heading.default\">\n\t\t\t\t\t<h4 class=\"elementor-heading-title elementor-size-default\">Legada<\/h4>\t\t\t\t<\/div>\n\t\t\t\t<div class=\"elementor-element elementor-element-b1a9f80 elementor-widget elementor-widget-heading\" data-id=\"b1a9f80\" data-element_type=\"widget\" data-widget_type=\"heading.default\">\n\t\t\t\t\t<h4 class=\"elementor-heading-title elementor-size-default\">19:00<\/h4>\t\t\t\t<\/div>\n\t\t\t\t<\/div>\n\t\t<div class=\"elementor-element elementor-element-4169a7b e-con-full e-flex e-con e-child\" data-id=\"4169a7b\" data-element_type=\"container\">\n\t\t\t\t<div class=\"elementor-element elementor-element-1411c18 elementor-widget elementor-widget-heading\" data-id=\"1411c18\" data-element_type=\"widget\" data-widget_type=\"heading.default\">\n\t\t\t\t\t<h4 class=\"elementor-heading-title elementor-size-default\">Pre-show<\/h4>\t\t\t\t<\/div>\n\t\t\t\t<div class=\"elementor-element elementor-element-7cfbfe5 elementor-widget elementor-widget-heading\" data-id=\"7cfbfe5\" data-element_type=\"widget\" data-widget_type=\"heading.default\">\n\t\t\t\t\t<h4 class=\"elementor-heading-title elementor-size-default\">19:15<\/h4>\t\t\t\t<\/div>\n\t\t\t\t<\/div>\n\t\t<div class=\"elementor-element elementor-element-c614a16 e-con-full e-flex e-con e-child\" data-id=\"c614a16\" data-element_type=\"container\">\n\t\t\t\t<div class=\"elementor-element elementor-element-72d3df7 elementor-widget elementor-widget-heading\" data-id=\"72d3df7\" data-element_type=\"widget\" data-widget_type=\"heading.default\">\n\t\t\t\t\t<h4 class=\"elementor-heading-title elementor-size-default\">Espect\u00e1culo<\/h4>\t\t\t\t<\/div>\n\t\t\t\t<div class=\"elementor-element elementor-element-2c33fb3 elementor-widget elementor-widget-heading\" data-id=\"2c33fb3\" data-element_type=\"widget\" data-widget_type=\"heading.default\">\n\t\t\t\t\t<h4 class=\"elementor-heading-title elementor-size-default\">19:30<\/h4>\t\t\t\t<\/div>\n\t\t\t\t<\/div>\n\t\t\t\t<div class=\"elementor-element elementor-element-0fec610 elementor-widget elementor-widget-text-editor\" data-id=\"0fec610\" data-element_type=\"widget\" data-widget_type=\"text-editor.default\">\n\t\t\t\t\t\t\t\t\t<p class=\"p1\">(Duraci\u00f3n 1h. 5 min.) con 15 min. de descanso<\/p>\t\t\t\t\t\t\t\t<\/div>\n\t\t\t\t<\/div>\n\t\t<div class=\"elementor-element elementor-element-1f9230a e-con-full e-flex e-con e-child\" data-id=\"1f9230a\" data-element_type=\"container\">\n\t\t\t\t<div class=\"elementor-element elementor-element-6f9d5df elementor-invisible elementor-widget elementor-widget-image\" data-id=\"6f9d5df\" data-element_type=\"widget\" data-settings=\"{&quot;_animation&quot;:&quot;fadeIn&quot;}\" data-widget_type=\"image.default\">\n\t\t\t\t\t\t\t\t\t\t\t\t\t\t\t<img decoding=\"async\" width=\"827\" height=\"1024\" src=\"https:\/\/ritualflamenco.com\/wp-content\/uploads\/2025\/09\/dancers-2-827x1024.jpg\" class=\"attachment-large size-large wp-image-510\" alt=\"\" srcset=\"https:\/\/ritualflamenco.com\/wp-content\/uploads\/2025\/09\/dancers-2-827x1024.jpg 827w, https:\/\/ritualflamenco.com\/wp-content\/uploads\/2025\/09\/dancers-2-242x300.jpg 242w, https:\/\/ritualflamenco.com\/wp-content\/uploads\/2025\/09\/dancers-2-768x951.jpg 768w, https:\/\/ritualflamenco.com\/wp-content\/uploads\/2025\/09\/dancers-2-1241x1536.jpg 1241w, https:\/\/ritualflamenco.com\/wp-content\/uploads\/2025\/09\/dancers-2.jpg 1654w\" sizes=\"(max-width: 827px) 100vw, 827px\" \/>\t\t\t\t\t\t\t\t\t\t\t\t\t\t\t<\/div>\n\t\t\t\t<\/div>\n\t\t\t\t\t<\/div>\n\t\t\t\t<\/div>\n\t\t\t\t<\/div>\n\t\t","protected":false},"excerpt":{"rendered":"<p>Precios VIP desde 65 \u20ac Para quienes desean sentir el flamenco con el alma.Esta es la zona m\u00e1s cercana al arte: sof\u00e1s junto al escenario donde cada mirada, cada gesto y cada paso se experimentan en primera fila. El ambiente es \u00edntimo, acogedor y lleno de duende. INCLUYE Sof\u00e1s junto al escenario, con la mejor [&hellip;]<\/p>\n","protected":false},"author":1,"featured_media":0,"parent":0,"menu_order":0,"comment_status":"closed","ping_status":"closed","template":"","meta":{"footnotes":""},"class_list":["post-559","page","type-page","status-publish","hentry"],"blocksy_meta":[],"_links":{"self":[{"href":"https:\/\/ritualflamenco.com\/es\/wp-json\/wp\/v2\/pages\/559","targetHints":{"allow":["GET"]}}],"collection":[{"href":"https:\/\/ritualflamenco.com\/es\/wp-json\/wp\/v2\/pages"}],"about":[{"href":"https:\/\/ritualflamenco.com\/es\/wp-json\/wp\/v2\/types\/page"}],"author":[{"embeddable":true,"href":"https:\/\/ritualflamenco.com\/es\/wp-json\/wp\/v2\/users\/1"}],"replies":[{"embeddable":true,"href":"https:\/\/ritualflamenco.com\/es\/wp-json\/wp\/v2\/comments?post=559"}],"version-history":[{"count":1,"href":"https:\/\/ritualflamenco.com\/es\/wp-json\/wp\/v2\/pages\/559\/revisions"}],"predecessor-version":[{"id":560,"href":"https:\/\/ritualflamenco.com\/es\/wp-json\/wp\/v2\/pages\/559\/revisions\/560"}],"wp:attachment":[{"href":"https:\/\/ritualflamenco.com\/es\/wp-json\/wp\/v2\/media?parent=559"}],"curies":[{"name":"wp","href":"https:\/\/api.w.org\/{rel}","templated":true}]}}