{"id":409,"date":"2025-09-09T11:47:41","date_gmt":"2025-09-09T11:47:41","guid":{"rendered":"https:\/\/ritualflamenco.com\/a-propos-de\/"},"modified":"2025-10-10T12:57:46","modified_gmt":"2025-10-10T12:57:46","slug":"a-propos-de","status":"publish","type":"page","link":"https:\/\/ritualflamenco.com\/fr\/a-propos-de\/","title":{"rendered":"\u00c0 propos de"},"content":{"rendered":"\t\t<div data-elementor-type=\"wp-page\" data-elementor-id=\"409\" class=\"elementor elementor-409 elementor-44\" data-elementor-post-type=\"page\">\n\t\t\t\t<div class=\"elementor-element elementor-element-446e5a4 e-flex e-con-boxed e-con e-parent\" data-id=\"446e5a4\" data-element_type=\"container\">\n\t\t\t\t\t<div class=\"e-con-inner\">\n\t\t<div class=\"elementor-element elementor-element-444dfbe e-con-full e-flex e-con e-child\" data-id=\"444dfbe\" data-element_type=\"container\">\n\t\t\t\t<div class=\"elementor-element elementor-element-5dc82eb elementor-invisible elementor-widget elementor-widget-heading\" data-id=\"5dc82eb\" data-element_type=\"widget\" data-settings=\"{&quot;_animation&quot;:&quot;fadeIn&quot;}\" data-widget_type=\"heading.default\">\n\t\t\t\t\t<h1 class=\"elementor-heading-title elementor-size-default\">\u00c0 propos<br>de Ritual <br>Flamenco<\/h1>\t\t\t\t<\/div>\n\t\t\t\t<\/div>\n\t\t<div class=\"elementor-element elementor-element-52085d8 e-con-full e-flex e-con e-child\" data-id=\"52085d8\" data-element_type=\"container\">\n\t\t\t\t<div class=\"elementor-element elementor-element-c682d7e elementor-invisible elementor-widget elementor-widget-image\" data-id=\"c682d7e\" data-element_type=\"widget\" data-settings=\"{&quot;_animation&quot;:&quot;fadeIn&quot;}\" data-widget_type=\"image.default\">\n\t\t\t\t\t\t\t\t\t\t\t\t\t\t\t<img fetchpriority=\"high\" decoding=\"async\" width=\"920\" height=\"1024\" src=\"https:\/\/ritualflamenco.com\/wp-content\/uploads\/2025\/09\/about-ritual-920x1024.jpg\" class=\"attachment-large size-large wp-image-377\" alt=\"\" srcset=\"https:\/\/ritualflamenco.com\/wp-content\/uploads\/2025\/09\/about-ritual-920x1024.jpg 920w, https:\/\/ritualflamenco.com\/wp-content\/uploads\/2025\/09\/about-ritual-270x300.jpg 270w, https:\/\/ritualflamenco.com\/wp-content\/uploads\/2025\/09\/about-ritual-768x855.jpg 768w, https:\/\/ritualflamenco.com\/wp-content\/uploads\/2025\/09\/about-ritual-1380x1536.jpg 1380w, https:\/\/ritualflamenco.com\/wp-content\/uploads\/2025\/09\/about-ritual-1841x2048.jpg 1841w\" sizes=\"(max-width: 920px) 100vw, 920px\" \/>\t\t\t\t\t\t\t\t\t\t\t\t\t\t\t<\/div>\n\t\t\t\t<\/div>\n\t\t\t\t\t<\/div>\n\t\t\t\t<\/div>\n\t\t<div class=\"elementor-element elementor-element-e40c18f e-flex e-con-boxed e-con e-parent\" data-id=\"e40c18f\" data-element_type=\"container\">\n\t\t\t\t\t<div class=\"e-con-inner\">\n\t\t<div class=\"elementor-element elementor-element-859dc5c e-con-full e-flex e-con e-child\" data-id=\"859dc5c\" data-element_type=\"container\">\n\t\t\t\t<div class=\"elementor-element elementor-element-fed67b3 elementor-invisible elementor-widget elementor-widget-image\" data-id=\"fed67b3\" data-element_type=\"widget\" data-settings=\"{&quot;_animation&quot;:&quot;fadeIn&quot;}\" data-widget_type=\"image.default\">\n\t\t\t\t\t\t\t\t\t\t\t\t\t\t\t<img decoding=\"async\" width=\"770\" height=\"1024\" src=\"https:\/\/ritualflamenco.com\/wp-content\/uploads\/2025\/09\/ritual4-770x1024.jpg\" class=\"attachment-large size-large wp-image-378\" alt=\"\" srcset=\"https:\/\/ritualflamenco.com\/wp-content\/uploads\/2025\/09\/ritual4-770x1024.jpg 770w, https:\/\/ritualflamenco.com\/wp-content\/uploads\/2025\/09\/ritual4-226x300.jpg 226w, https:\/\/ritualflamenco.com\/wp-content\/uploads\/2025\/09\/ritual4-768x1021.jpg 768w, https:\/\/ritualflamenco.com\/wp-content\/uploads\/2025\/09\/ritual4-1155x1536.jpg 1155w, https:\/\/ritualflamenco.com\/wp-content\/uploads\/2025\/09\/ritual4-1540x2048.jpg 1540w, https:\/\/ritualflamenco.com\/wp-content\/uploads\/2025\/09\/ritual4-scaled.jpg 1925w\" sizes=\"(max-width: 770px) 100vw, 770px\" \/>\t\t\t\t\t\t\t\t\t\t\t\t\t\t\t<\/div>\n\t\t\t\t<\/div>\n\t\t<div class=\"elementor-element elementor-element-f99a370 e-con-full e-flex e-con e-child\" data-id=\"f99a370\" data-element_type=\"container\">\n\t\t\t\t<div class=\"elementor-element elementor-element-a7b8a1a elementor-invisible elementor-widget elementor-widget-text-editor\" data-id=\"a7b8a1a\" data-element_type=\"widget\" data-settings=\"{&quot;_animation&quot;:&quot;fadeIn&quot;}\" data-widget_type=\"text-editor.default\">\n\t\t\t\t\t\t\t\t\t<p><strong data-start=\"205\" data-end=\"224\">Ritual Flamenco<\/strong> est plus qu&rsquo;un spectacle\u2014c&rsquo;est un voyage au c\u0153ur de l&rsquo;\u00e2me vivante de l&rsquo;art le plus passionn\u00e9 d&rsquo;Espagne.<\/p><p>Bas\u00e9 \u00e0 <strong data-start=\"335\" data-end=\"356\">Palma de Mallorca<\/strong>, \u00e0 l&rsquo;int\u00e9rieur du <strong data-start=\"365\" data-end=\"389\">Social Club Mallorca<\/strong> sur le c\u00e9l\u00e8bre <strong data-start=\"404\" data-end=\"422\">Paseo Mar\u00edtimo<\/strong>, nous r\u00e9unissons musique, danse et \u00e9motion dans une exp\u00e9rience intime et inoubliable.<\/p>\t\t\t\t\t\t\t\t<\/div>\n\t\t\t\t<\/div>\n\t\t\t\t\t<\/div>\n\t\t\t\t<\/div>\n\t\t<div class=\"elementor-element elementor-element-f819b5d e-flex e-con-boxed e-con e-parent\" data-id=\"f819b5d\" data-element_type=\"container\">\n\t\t\t\t\t<div class=\"e-con-inner\">\n\t\t<div class=\"elementor-element elementor-element-6030599 e-con-full e-flex e-con e-child\" data-id=\"6030599\" data-element_type=\"container\">\n\t\t\t\t<div class=\"elementor-element elementor-element-4d06e5a elementor-invisible elementor-widget elementor-widget-image\" data-id=\"4d06e5a\" data-element_type=\"widget\" data-settings=\"{&quot;_animation&quot;:&quot;fadeIn&quot;}\" data-widget_type=\"image.default\">\n\t\t\t\t\t\t\t\t\t\t\t\t\t\t\t<img decoding=\"async\" width=\"725\" height=\"1024\" src=\"https:\/\/ritualflamenco.com\/wp-content\/uploads\/2025\/09\/ritual-5-725x1024.jpg\" class=\"attachment-large size-large wp-image-379\" alt=\"\" srcset=\"https:\/\/ritualflamenco.com\/wp-content\/uploads\/2025\/09\/ritual-5-725x1024.jpg 725w, https:\/\/ritualflamenco.com\/wp-content\/uploads\/2025\/09\/ritual-5-213x300.jpg 213w, https:\/\/ritualflamenco.com\/wp-content\/uploads\/2025\/09\/ritual-5-768x1084.jpg 768w, https:\/\/ritualflamenco.com\/wp-content\/uploads\/2025\/09\/ritual-5-1088x1536.jpg 1088w, https:\/\/ritualflamenco.com\/wp-content\/uploads\/2025\/09\/ritual-5-1451x2048.jpg 1451w, https:\/\/ritualflamenco.com\/wp-content\/uploads\/2025\/09\/ritual-5-scaled.jpg 1813w\" sizes=\"(max-width: 725px) 100vw, 725px\" \/>\t\t\t\t\t\t\t\t\t\t\t\t\t\t\t<\/div>\n\t\t\t\t<\/div>\n\t\t<div class=\"elementor-element elementor-element-6b38da8 e-con-full e-flex e-con e-child\" data-id=\"6b38da8\" data-element_type=\"container\">\n\t\t\t\t<div class=\"elementor-element elementor-element-3d3e11e elementor-invisible elementor-widget elementor-widget-heading\" data-id=\"3d3e11e\" data-element_type=\"widget\" data-settings=\"{&quot;_animation&quot;:&quot;fadeIn&quot;}\" data-widget_type=\"heading.default\">\n\t\t\t\t\t<h2 class=\"elementor-heading-title elementor-size-default\">Qu'est-ce que Ritual Flamenco ?<\/h2>\t\t\t\t<\/div>\n\t\t\t\t<div class=\"elementor-element elementor-element-01508a4 elementor-invisible elementor-widget elementor-widget-text-editor\" data-id=\"01508a4\" data-element_type=\"widget\" data-settings=\"{&quot;_animation&quot;:&quot;fadeIn&quot;}\" data-widget_type=\"text-editor.default\">\n\t\t\t\t\t\t\t\t\t<p data-start=\"547\" data-end=\"811\">Le flamenco n&rsquo;est pas seulement du divertissement\u2014c&rsquo;est un rituel d&rsquo;expression, n\u00e9 en Andalousie et transmis \u00e0 travers les g\u00e9n\u00e9rations. Le m\u00e9lange de chant (<em data-start=\"682\" data-end=\"689\">cante<\/em>), de guitare (<em data-start=\"700\" data-end=\"707\">toque<\/em>), de danse (<em data-start=\"717\" data-end=\"724\">baile<\/em>) et de claquements rythm\u00e9s (<em data-start=\"750\" data-end=\"758\">palmas<\/em>) raconte des histoires de lutte, de c\u00e9l\u00e9bration et d&rsquo;amour. <\/p><p data-start=\"813\" data-end=\"1174\">Chez Ritual Flamenco, nos artistes\u2014chanteurs, danseurs et guitaristes\u2014sont choisis pour leur authenticit\u00e9 et leur passion. Chaque spectacle est vivant, improvis\u00e9 dans l&rsquo;instant, et charg\u00e9 d&rsquo;\u00e9motion brute. Ce qui nous rend uniques, c&rsquo;est la proximit\u00e9 entre le public et l&rsquo;interpr\u00e8te. Vous ne regardez pas simplement ; vous ressentez chaque pas, chaque accord, chaque cri de <em data-start=\"1142\" data-end=\"1149\">\u00a1ol\u00e9!<\/em> comme partie int\u00e9grante du rituel.   <\/p>\t\t\t\t\t\t\t\t<\/div>\n\t\t\t\t<\/div>\n\t\t\t\t\t<\/div>\n\t\t\t\t<\/div>\n\t\t<div class=\"elementor-element elementor-element-0c8e562 e-flex e-con-boxed e-con e-parent\" data-id=\"0c8e562\" data-element_type=\"container\">\n\t\t\t\t\t<div class=\"e-con-inner\">\n\t\t\t\t<div class=\"elementor-element elementor-element-ffbc5d8 elementor-invisible elementor-widget elementor-widget-heading\" data-id=\"ffbc5d8\" data-element_type=\"widget\" data-settings=\"{&quot;_animation&quot;:&quot;fadeIn&quot;}\" data-widget_type=\"heading.default\">\n\t\t\t\t\t<h2 class=\"elementor-heading-title elementor-size-default\">Palma de Mallorca \u2013 La culture au c\u0153ur de la M\u00e9diterran\u00e9e<\/h2>\t\t\t\t<\/div>\n\t\t\t\t<div class=\"elementor-element elementor-element-0077c38 elementor-invisible elementor-widget elementor-widget-text-editor\" data-id=\"0077c38\" data-element_type=\"widget\" data-settings=\"{&quot;_animation&quot;:&quot;fadeIn&quot;}\" data-widget_type=\"text-editor.default\">\n\t\t\t\t\t\t\t\t\t<p data-start=\"1239\" data-end=\"1489\">Notre maison est <strong data-start=\"1251\" data-end=\"1260\">Palma<\/strong>, la capitale des \u00eeles Bal\u00e9ares et l&rsquo;une des villes les plus dynamiques de la M\u00e9diterran\u00e9e. C\u00e9l\u00e8bre pour sa cath\u00e9drale gothique, ses rues anciennes sinueuses, ses galeries d&rsquo;art et sa sc\u00e8ne gastronomique anim\u00e9e, Palma est l&rsquo;endroit o\u00f9 la tradition rencontre l&rsquo;\u00e9nergie moderne. <\/p><p data-start=\"1491\" data-end=\"1784\">Les visiteurs viennent non seulement pour les plages et le soleil, mais pour des exp\u00e9riences qui les connectent \u00e0 l&rsquo;esprit de l&rsquo;\u00eele. Le flamenco, bien qu&rsquo;enracin\u00e9 en Andalousie, appartient aussi \u00e0 cet endroit. Le rythme de la guitare r\u00e9sonne dans les cours de Palma, tandis que la passion de la danse refl\u00e8te le battement de c\u0153ur de la ville.  <\/p>\t\t\t\t\t\t\t\t<\/div>\n\t\t\t\t<div class=\"elementor-element elementor-element-e74cd6b elementor-invisible elementor-widget elementor-widget-image\" data-id=\"e74cd6b\" data-element_type=\"widget\" data-settings=\"{&quot;_animation&quot;:&quot;fadeIn&quot;}\" data-widget_type=\"image.default\">\n\t\t\t\t\t\t\t\t\t\t\t\t\t\t\t<img loading=\"lazy\" decoding=\"async\" width=\"2560\" height=\"1903\" src=\"https:\/\/ritualflamenco.com\/wp-content\/uploads\/2025\/09\/envato-labs-image-edit-scaled.jpg\" class=\"attachment-full size-full wp-image-380\" alt=\"\" srcset=\"https:\/\/ritualflamenco.com\/wp-content\/uploads\/2025\/09\/envato-labs-image-edit-scaled.jpg 2560w, https:\/\/ritualflamenco.com\/wp-content\/uploads\/2025\/09\/envato-labs-image-edit-300x223.jpg 300w, https:\/\/ritualflamenco.com\/wp-content\/uploads\/2025\/09\/envato-labs-image-edit-1024x761.jpg 1024w, https:\/\/ritualflamenco.com\/wp-content\/uploads\/2025\/09\/envato-labs-image-edit-768x571.jpg 768w, https:\/\/ritualflamenco.com\/wp-content\/uploads\/2025\/09\/envato-labs-image-edit-1536x1142.jpg 1536w, https:\/\/ritualflamenco.com\/wp-content\/uploads\/2025\/09\/envato-labs-image-edit-2048x1522.jpg 2048w\" sizes=\"(max-width: 2560px) 100vw, 2560px\" \/>\t\t\t\t\t\t\t\t\t\t\t\t\t\t\t<\/div>\n\t\t\t\t<div class=\"elementor-element elementor-element-6c3fd0a elementor-invisible elementor-widget elementor-widget-heading\" data-id=\"6c3fd0a\" data-element_type=\"widget\" data-settings=\"{&quot;_animation&quot;:&quot;fadeIn&quot;}\" data-widget_type=\"heading.default\">\n\t\t\t\t\t<h2 class=\"elementor-heading-title elementor-size-default\">Le paseo mar\u00edtimo \u2013 o\u00f9 la ville rencontre la mer<\/h2>\t\t\t\t<\/div>\n\t\t\t\t<div class=\"elementor-element elementor-element-ae6781e elementor-invisible elementor-widget elementor-widget-text-editor\" data-id=\"ae6781e\" data-element_type=\"widget\" data-settings=\"{&quot;_animation&quot;:&quot;fadeIn&quot;}\" data-widget_type=\"text-editor.default\">\n\t\t\t\t\t\t\t\t\t<p data-start=\"1834\" data-end=\"2158\">Ritual Flamenco se d\u00e9roule au c\u0153ur du <strong data-start=\"1886\" data-end=\"1904\">Paseo Mar\u00edtimo<\/strong> de Palma, l&rsquo;avenue du front de mer la plus embl\u00e9matique de la ville. S&rsquo;\u00e9tendant le long du port, ce boulevard bord\u00e9 de palmiers regorge de restaurants, de lieux musicaux et de yachts de luxe. C&rsquo;est le point de rencontre des cultures, o\u00f9 habitants et voyageurs c\u00e9l\u00e8brent la vie au bord de la mer.  <\/p><p data-start=\"2160\" data-end=\"2370\">Notre lieu, le <strong data-start=\"2171\" data-end=\"2195\">Social Club Mallorca<\/strong>, est l&rsquo;un des espaces les plus \u00e9l\u00e9gants du Paseo Mar\u00edtimo. Ici, tradition et \u00e9l\u00e9gance se rejoignent : les invit\u00e9s profitent du confort moderne tout en \u00e9tant immerg\u00e9s dans la beaut\u00e9 brute du flamenco. <\/p>\t\t\t\t\t\t\t\t<\/div>\n\t\t\t\t\t<\/div>\n\t\t\t\t<\/div>\n\t\t<div class=\"elementor-element elementor-element-e89a27a e-flex e-con-boxed e-con e-parent\" data-id=\"e89a27a\" data-element_type=\"container\">\n\t\t\t\t\t<div class=\"e-con-inner\">\n\t\t<div class=\"elementor-element elementor-element-b7d0f43 e-con-full e-flex elementor-invisible e-con e-child\" data-id=\"b7d0f43\" data-element_type=\"container\" data-settings=\"{&quot;background_background&quot;:&quot;classic&quot;,&quot;animation&quot;:&quot;fadeIn&quot;}\">\n\t\t\t\t<div class=\"elementor-element elementor-element-dd6fcc3 elementor-invisible elementor-widget elementor-widget-text-editor\" data-id=\"dd6fcc3\" data-element_type=\"widget\" data-settings=\"{&quot;_animation&quot;:&quot;fadeIn&quot;}\" data-widget_type=\"text-editor.default\">\n\t\t\t\t\t\t\t\t\t<p data-start=\"2758\" data-end=\"3009\">Notre mission est de pr\u00e9server le flamenco dans sa forme la plus pure tout en le partageant avec des publics du monde entier. Que vous le d\u00e9couvriez pour la premi\u00e8re fois ou que vous reveniez \u00e0 sa magie, Ritual Flamenco vous \u00e9mouvra, vous inspirera et restera avec vous. <\/p><p data-start=\"3011\" data-end=\"3111\">Rejoignez-nous \u00e0 <strong data-start=\"3022\" data-end=\"3043\">Palma de Mallorca<\/strong>, sur le c\u00e9l\u00e8bre <strong data-start=\"3059\" data-end=\"3077\">Paseo Mar\u00edtimo<\/strong>, et devenez partie int\u00e9grante du rituel.<\/p>\t\t\t\t\t\t\t\t<\/div>\n\t\t\t\t<div class=\"elementor-element elementor-element-09ee5df elementor-mobile-align-center elementor-align-center elementor-invisible elementor-widget elementor-widget-button\" data-id=\"09ee5df\" data-element_type=\"widget\" data-settings=\"{&quot;_animation&quot;:&quot;fadeIn&quot;,&quot;_animation_delay&quot;:900}\" data-widget_type=\"button.default\">\n\t\t\t\t\t\t\t\t\t\t<a class=\"elementor-button elementor-button-link elementor-size-sm\" href=\"#\">\n\t\t\t\t\t\t<span class=\"elementor-button-content-wrapper\">\n\t\t\t\t\t\t\t\t\t<span class=\"elementor-button-text\">Billets<\/span>\n\t\t\t\t\t<\/span>\n\t\t\t\t\t<\/a>\n\t\t\t\t\t\t\t\t<\/div>\n\t\t\t\t<\/div>\n\t\t\t\t\t<\/div>\n\t\t\t\t<\/div>\n\t\t\t\t<\/div>\n\t\t","protected":false},"excerpt":{"rendered":"<p>\u00c0 proposde Ritual Flamenco Ritual Flamenco est plus qu&rsquo;un spectacle\u2014c&rsquo;est un voyage au c\u0153ur de l&rsquo;\u00e2me vivante de l&rsquo;art le plus passionn\u00e9 d&rsquo;Espagne. Bas\u00e9 \u00e0 Palma de Mallorca, \u00e0 l&rsquo;int\u00e9rieur du Social Club Mallorca sur le c\u00e9l\u00e8bre Paseo Mar\u00edtimo, nous r\u00e9unissons musique, danse et \u00e9motion dans une exp\u00e9rience intime et inoubliable. Qu&rsquo;est-ce que Ritual Flamenco [&hellip;]<\/p>\n","protected":false},"author":1,"featured_media":0,"parent":0,"menu_order":0,"comment_status":"closed","ping_status":"closed","template":"","meta":{"footnotes":""},"class_list":["post-409","page","type-page","status-publish","hentry"],"blocksy_meta":[],"_links":{"self":[{"href":"https:\/\/ritualflamenco.com\/fr\/wp-json\/wp\/v2\/pages\/409","targetHints":{"allow":["GET"]}}],"collection":[{"href":"https:\/\/ritualflamenco.com\/fr\/wp-json\/wp\/v2\/pages"}],"about":[{"href":"https:\/\/ritualflamenco.com\/fr\/wp-json\/wp\/v2\/types\/page"}],"author":[{"embeddable":true,"href":"https:\/\/ritualflamenco.com\/fr\/wp-json\/wp\/v2\/users\/1"}],"replies":[{"embeddable":true,"href":"https:\/\/ritualflamenco.com\/fr\/wp-json\/wp\/v2\/comments?post=409"}],"version-history":[{"count":1,"href":"https:\/\/ritualflamenco.com\/fr\/wp-json\/wp\/v2\/pages\/409\/revisions"}],"predecessor-version":[{"id":412,"href":"https:\/\/ritualflamenco.com\/fr\/wp-json\/wp\/v2\/pages\/409\/revisions\/412"}],"wp:attachment":[{"href":"https:\/\/ritualflamenco.com\/fr\/wp-json\/wp\/v2\/media?parent=409"}],"curies":[{"name":"wp","href":"https:\/\/api.w.org\/{rel}","templated":true}]}}