{"id":549,"date":"2025-09-09T12:23:20","date_gmt":"2025-09-09T12:23:20","guid":{"rendered":"https:\/\/ritualflamenco.com\/prix\/"},"modified":"2025-10-10T13:00:37","modified_gmt":"2025-10-10T13:00:37","slug":"prix","status":"publish","type":"page","link":"https:\/\/ritualflamenco.com\/fr\/prix\/","title":{"rendered":"Prix"},"content":{"rendered":"\t\t<div data-elementor-type=\"wp-page\" data-elementor-id=\"549\" class=\"elementor elementor-549 elementor-73\" data-elementor-post-type=\"page\">\n\t\t\t\t<div class=\"elementor-element elementor-element-afef9bb e-flex e-con-boxed e-con e-parent\" data-id=\"afef9bb\" data-element_type=\"container\">\n\t\t\t\t\t<div class=\"e-con-inner\">\n\t\t<div class=\"elementor-element elementor-element-8f1b36c e-con-full e-flex e-con e-child\" data-id=\"8f1b36c\" data-element_type=\"container\">\n\t\t\t\t<div class=\"elementor-element elementor-element-a149010 elementor-invisible elementor-widget elementor-widget-heading\" data-id=\"a149010\" data-element_type=\"widget\" data-settings=\"{&quot;_animation&quot;:&quot;fadeIn&quot;}\" data-widget_type=\"heading.default\">\n\t\t\t\t\t<h1 class=\"elementor-heading-title elementor-size-default\">Prix<\/h1>\t\t\t\t<\/div>\n\t\t\t\t<\/div>\n\t\t<div class=\"elementor-element elementor-element-b300773 e-con-full e-flex e-con e-child\" data-id=\"b300773\" data-element_type=\"container\">\n\t\t\t\t<div class=\"elementor-element elementor-element-2343166 elementor-invisible elementor-widget elementor-widget-image\" data-id=\"2343166\" data-element_type=\"widget\" data-settings=\"{&quot;_animation&quot;:&quot;fadeIn&quot;}\" data-widget_type=\"image.default\">\n\t\t\t\t\t\t\t\t\t\t\t\t\t\t\t<img fetchpriority=\"high\" decoding=\"async\" width=\"788\" height=\"1024\" src=\"https:\/\/ritualflamenco.com\/wp-content\/uploads\/2025\/09\/dance-1-788x1024.png\" class=\"attachment-large size-large wp-image-499\" alt=\"\" srcset=\"https:\/\/ritualflamenco.com\/wp-content\/uploads\/2025\/09\/dance-1-788x1024.png 788w, https:\/\/ritualflamenco.com\/wp-content\/uploads\/2025\/09\/dance-1-231x300.png 231w, https:\/\/ritualflamenco.com\/wp-content\/uploads\/2025\/09\/dance-1-768x999.png 768w, https:\/\/ritualflamenco.com\/wp-content\/uploads\/2025\/09\/dance-1-1181x1536.png 1181w, https:\/\/ritualflamenco.com\/wp-content\/uploads\/2025\/09\/dance-1.png 1575w\" sizes=\"(max-width: 788px) 100vw, 788px\" \/>\t\t\t\t\t\t\t\t\t\t\t\t\t\t\t<\/div>\n\t\t\t\t<\/div>\n\t\t\t\t\t<\/div>\n\t\t\t\t<\/div>\n\t\t<div class=\"elementor-element elementor-element-21e0296 e-flex e-con-boxed e-con e-parent\" data-id=\"21e0296\" data-element_type=\"container\">\n\t\t\t\t\t<div class=\"e-con-inner\">\n\t\t<div class=\"elementor-element elementor-element-0ef0441 e-con-full e-flex e-con e-child\" data-id=\"0ef0441\" data-element_type=\"container\">\n\t\t\t\t<div class=\"elementor-element elementor-element-ed2deae elementor-invisible elementor-widget elementor-widget-image\" data-id=\"ed2deae\" data-element_type=\"widget\" data-settings=\"{&quot;sticky&quot;:&quot;top&quot;,&quot;sticky_offset&quot;:20,&quot;sticky_parent&quot;:&quot;yes&quot;,&quot;_animation&quot;:&quot;fadeIn&quot;,&quot;sticky_on&quot;:[&quot;desktop&quot;,&quot;tablet&quot;,&quot;mobile&quot;],&quot;sticky_effects_offset&quot;:0,&quot;sticky_anchor_link_offset&quot;:0}\" data-widget_type=\"image.default\">\n\t\t\t\t\t\t\t\t\t\t\t\t\t\t\t<img decoding=\"async\" width=\"833\" height=\"1024\" src=\"https:\/\/ritualflamenco.com\/wp-content\/uploads\/2025\/09\/Screenshot-2025-09-18-at-11.03.06-833x1024.jpg\" class=\"attachment-large size-large wp-image-500\" alt=\"\" srcset=\"https:\/\/ritualflamenco.com\/wp-content\/uploads\/2025\/09\/Screenshot-2025-09-18-at-11.03.06-833x1024.jpg 833w, https:\/\/ritualflamenco.com\/wp-content\/uploads\/2025\/09\/Screenshot-2025-09-18-at-11.03.06-244x300.jpg 244w, https:\/\/ritualflamenco.com\/wp-content\/uploads\/2025\/09\/Screenshot-2025-09-18-at-11.03.06-768x944.jpg 768w, https:\/\/ritualflamenco.com\/wp-content\/uploads\/2025\/09\/Screenshot-2025-09-18-at-11.03.06-1249x1536.jpg 1249w, https:\/\/ritualflamenco.com\/wp-content\/uploads\/2025\/09\/Screenshot-2025-09-18-at-11.03.06.jpg 1638w\" sizes=\"(max-width: 833px) 100vw, 833px\" \/>\t\t\t\t\t\t\t\t\t\t\t\t\t\t\t<\/div>\n\t\t\t\t<\/div>\n\t\t<div class=\"elementor-element elementor-element-33c9f43 e-con-full e-flex e-con e-child\" data-id=\"33c9f43\" data-element_type=\"container\">\n\t\t<div class=\"elementor-element elementor-element-3a75d67 e-con-full e-flex elementor-invisible e-con e-child\" data-id=\"3a75d67\" data-element_type=\"container\" data-settings=\"{&quot;animation&quot;:&quot;fadeInRight&quot;}\">\n\t\t<div class=\"elementor-element elementor-element-728e94b e-con-full e-flex e-con e-child\" data-id=\"728e94b\" data-element_type=\"container\">\n\t\t\t\t<div class=\"elementor-element elementor-element-6d235fb elementor-widget elementor-widget-heading\" data-id=\"6d235fb\" data-element_type=\"widget\" data-widget_type=\"heading.default\">\n\t\t\t\t\t<h3 class=\"elementor-heading-title elementor-size-default\">VIP<\/h3>\t\t\t\t<\/div>\n\t\t\t\t<div class=\"elementor-element elementor-element-5610d80 elementor-widget elementor-widget-text-editor\" data-id=\"5610d80\" data-element_type=\"widget\" data-widget_type=\"text-editor.default\">\n\t\t\t\t\t\t\t\t\t\u00e0 partir de <span style=\"font-size: 30px\">65\u20ac<\/span>\t\t\t\t\t\t\t\t<\/div>\n\t\t\t\t<\/div>\n\t\t<div class=\"elementor-element elementor-element-8ad7013 e-con-full e-flex e-con e-child\" data-id=\"8ad7013\" data-element_type=\"container\">\n\t\t\t\t<div class=\"elementor-element elementor-element-b40833e elementor-widget__width-initial elementor-widget elementor-widget-text-editor\" data-id=\"b40833e\" data-element_type=\"widget\" data-widget_type=\"text-editor.default\">\n\t\t\t\t\t\t\t\t\t<p>Pour ceux qui veulent ressentir le flamenco avec leur \u00e2me.<br>C&rsquo;est la zone la plus proche de l&rsquo;art : des canap\u00e9s pr\u00e8s de la sc\u00e8ne o\u00f9 chaque regard, chaque geste et chaque pas se vivent au premier rang. L&rsquo;ambiance est intime, accueillante et pleine de duende. <\/p>\t\t\t\t\t\t\t\t<\/div>\n\t\t\t\t<div class=\"elementor-element elementor-element-0cfeb2d elementor-widget__width-initial elementor-widget elementor-widget-text-editor\" data-id=\"0cfeb2d\" data-element_type=\"widget\" data-widget_type=\"text-editor.default\">\n\t\t\t\t\t\t\t\t\t<p>INCLUS<\/p><ul><li>Canap\u00e9s pr\u00e8s de la sc\u00e8ne, avec la meilleure visibilit\u00e9 et proximit\u00e9<\/li><li>Tapas traditionnels pr\u00e9par\u00e9s avec des saveurs andalouses<\/li><li>1 pichet de sangria pour 2 personnes<\/li><li>Rencontre exclusive avec les artistes<\/li><li>Ambiance intime et service personnalis\u00e9<\/li><\/ul>\t\t\t\t\t\t\t\t<\/div>\n\t\t\t\t<\/div>\n\t\t\t\t<\/div>\n\t\t<div class=\"elementor-element elementor-element-37c3a3e e-con-full e-flex elementor-invisible e-con e-child\" data-id=\"37c3a3e\" data-element_type=\"container\" data-settings=\"{&quot;animation&quot;:&quot;fadeInRight&quot;}\">\n\t\t<div class=\"elementor-element elementor-element-16e5c67 e-con-full e-flex e-con e-child\" data-id=\"16e5c67\" data-element_type=\"container\">\n\t\t\t\t<div class=\"elementor-element elementor-element-d8896ff elementor-widget elementor-widget-heading\" data-id=\"d8896ff\" data-element_type=\"widget\" data-widget_type=\"heading.default\">\n\t\t\t\t\t<h3 class=\"elementor-heading-title elementor-size-default\">Cat\u00e9gorie 1<\/h3>\t\t\t\t<\/div>\n\t\t\t\t<div class=\"elementor-element elementor-element-6320a15 elementor-widget elementor-widget-text-editor\" data-id=\"6320a15\" data-element_type=\"widget\" data-widget_type=\"text-editor.default\">\n\t\t\t\t\t\t\t\t\t<p>\u00e0 partir de <span style=\"font-size: 30px;\">45\u20ac<\/span><\/p>\t\t\t\t\t\t\t\t<\/div>\n\t\t\t\t<\/div>\n\t\t<div class=\"elementor-element elementor-element-35712b1 e-con-full e-flex e-con e-child\" data-id=\"35712b1\" data-element_type=\"container\">\n\t\t\t\t<div class=\"elementor-element elementor-element-d1494b0 elementor-widget__width-initial elementor-widget elementor-widget-text-editor\" data-id=\"d1494b0\" data-element_type=\"widget\" data-widget_type=\"text-editor.default\">\n\t\t\t\t\t\t\t\t\tL&rsquo;essence du tablao, comme dans les anciens caf\u00e9s chantants d&rsquo;autrefois. Des tables dispos\u00e9es face \u00e0 la sc\u00e8ne, o\u00f9 tu peux d\u00eener et trinquer pendant que le flamenco se d\u00e9ploie \u00e0 quelques m\u00e8tres seulement. Une exp\u00e9rience proche et vibrante avec l&rsquo;\u00e2me du sud.  \t\t\t\t\t\t\t\t<\/div>\n\t\t\t\t<div class=\"elementor-element elementor-element-383ae7b elementor-widget__width-initial elementor-widget elementor-widget-text-editor\" data-id=\"383ae7b\" data-element_type=\"widget\" data-widget_type=\"text-editor.default\">\n\t\t\t\t\t\t\t\t\t<p data-start=\"311\" data-end=\"325\"><strong data-start=\"311\" data-end=\"323\">INCLUS<\/strong><\/p><ul data-start=\"326\" data-end=\"523\"><li data-start=\"326\" data-end=\"380\"><p data-start=\"328\" data-end=\"380\">Tables style cabaret avec vue directe sur la sc\u00e8ne<\/p><\/li><li data-start=\"381\" data-end=\"426\"><p data-start=\"383\" data-end=\"426\">Tapas \u00e0 partager aux saveurs locales typiques<\/p><\/li><li data-start=\"427\" data-end=\"466\"><p data-start=\"429\" data-end=\"466\">1 pichet de sangria pour 2 personnes<\/p><\/li><li data-start=\"467\" data-end=\"523\"><p data-start=\"469\" data-end=\"523\">\u00c9quilibre parfait entre confort, gastronomie et art<\/p><\/li><\/ul>\t\t\t\t\t\t\t\t<\/div>\n\t\t\t\t<\/div>\n\t\t\t\t<\/div>\n\t\t<div class=\"elementor-element elementor-element-161d48e e-con-full e-flex elementor-invisible e-con e-child\" data-id=\"161d48e\" data-element_type=\"container\" data-settings=\"{&quot;animation&quot;:&quot;fadeInRight&quot;}\">\n\t\t<div class=\"elementor-element elementor-element-4be6160 e-con-full e-flex e-con e-child\" data-id=\"4be6160\" data-element_type=\"container\">\n\t\t\t\t<div class=\"elementor-element elementor-element-7888d64 elementor-widget elementor-widget-heading\" data-id=\"7888d64\" data-element_type=\"widget\" data-widget_type=\"heading.default\">\n\t\t\t\t\t<h3 class=\"elementor-heading-title elementor-size-default\">Cat\u00e9gorie 2<\/h3>\t\t\t\t<\/div>\n\t\t\t\t<div class=\"elementor-element elementor-element-ce38fdf elementor-widget elementor-widget-text-editor\" data-id=\"ce38fdf\" data-element_type=\"widget\" data-widget_type=\"text-editor.default\">\n\t\t\t\t\t\t\t\t\t<p>\u00e0 partir de <span style=\"font-size: 30px;\">25\u20ac<\/span><\/p>\t\t\t\t\t\t\t\t<\/div>\n\t\t\t\t<\/div>\n\t\t<div class=\"elementor-element elementor-element-54559bc e-con-full e-flex e-con e-child\" data-id=\"54559bc\" data-element_type=\"container\">\n\t\t\t\t<div class=\"elementor-element elementor-element-b5a3505 elementor-widget__width-initial elementor-widget elementor-widget-text-editor\" data-id=\"b5a3505\" data-element_type=\"widget\" data-widget_type=\"text-editor.default\">\n\t\t\t\t\t\t\t\t\t<p>L&rsquo;essence du <em data-start=\"83\" data-end=\"91\">tablao<\/em>, comme dans les anciens caf\u00e9s chantants d&rsquo;autrefois. Des tables hautes dispos\u00e9es au fond, o\u00f9 tu peux d\u00eener et trinquer pendant que le flamenco se d\u00e9ploie \u00e0 quelques m\u00e8tres seulement. Une exp\u00e9rience proche et vibrante avec l&rsquo;\u00e2me du sud.  <\/p>\t\t\t\t\t\t\t\t<\/div>\n\t\t\t\t<div class=\"elementor-element elementor-element-e0d2920 elementor-widget__width-initial elementor-widget elementor-widget-text-editor\" data-id=\"e0d2920\" data-element_type=\"widget\" data-widget_type=\"text-editor.default\">\n\t\t\t\t\t\t\t\t\t<p data-start=\"305\" data-end=\"319\"><strong data-start=\"305\" data-end=\"317\">INCLUS<\/strong><\/p><ul data-start=\"320\" data-end=\"442\"><li data-start=\"320\" data-end=\"359\"><p data-start=\"322\" data-end=\"359\">Tables hautes au fond de la salle<\/p><\/li><li data-start=\"360\" data-end=\"388\"><p data-start=\"362\" data-end=\"388\">Acc\u00e8s direct au bar<\/p><\/li><li data-start=\"389\" data-end=\"419\"><p data-start=\"391\" data-end=\"419\">Option de commander \u00e0 la carte<\/p><\/li><li data-start=\"420\" data-end=\"442\"><p data-start=\"422\" data-end=\"442\">Ambiance d\u00e9contract\u00e9e<\/p><\/li><\/ul>\t\t\t\t\t\t\t\t<\/div>\n\t\t\t\t<\/div>\n\t\t\t\t<\/div>\n\t\t\t\t<\/div>\n\t\t\t\t\t<\/div>\n\t\t\t\t<\/div>\n\t\t<div class=\"elementor-element elementor-element-1b113d8 e-flex e-con-boxed e-con e-parent\" data-id=\"1b113d8\" data-element_type=\"container\">\n\t\t\t\t\t<div class=\"e-con-inner\">\n\t\t<div class=\"elementor-element elementor-element-c06ed65 e-con-full e-flex e-con e-child\" data-id=\"c06ed65\" data-element_type=\"container\">\n\t\t\t\t<div class=\"elementor-element elementor-element-8b8b64a elementor-invisible elementor-widget elementor-widget-heading\" data-id=\"8b8b64a\" data-element_type=\"widget\" data-settings=\"{&quot;_animation&quot;:&quot;fadeIn&quot;}\" data-widget_type=\"heading.default\">\n\t\t\t\t\t<h2 class=\"elementor-heading-title elementor-size-default\">Horaires des spectacles<\/h2>\t\t\t\t<\/div>\n\t\t\t\t<div class=\"elementor-element elementor-element-c16a765 elementor-invisible elementor-widget elementor-widget-heading\" data-id=\"c16a765\" data-element_type=\"widget\" data-settings=\"{&quot;_animation&quot;:&quot;fadeIn&quot;}\" data-widget_type=\"heading.default\">\n\t\t\t\t\t<h3 class=\"elementor-heading-title elementor-size-default\">Mai - Octobre<\/h3>\t\t\t\t<\/div>\n\t\t<div class=\"elementor-element elementor-element-acfc590 e-con-full e-flex e-con e-child\" data-id=\"acfc590\" data-element_type=\"container\">\n\t\t\t\t<div class=\"elementor-element elementor-element-fd25122 elementor-widget__width-auto elementor-invisible elementor-widget elementor-widget-text-editor\" data-id=\"fd25122\" data-element_type=\"widget\" data-settings=\"{&quot;_animation&quot;:&quot;fadeIn&quot;,&quot;_animation_delay&quot;:600}\" data-widget_type=\"text-editor.default\">\n\t\t\t\t\t\t\t\t\t<p>Jeudi<\/p>\t\t\t\t\t\t\t\t<\/div>\n\t\t\t\t<div class=\"elementor-element elementor-element-7794d24 elementor-widget__width-auto elementor-invisible elementor-widget elementor-widget-text-editor\" data-id=\"7794d24\" data-element_type=\"widget\" data-settings=\"{&quot;_animation&quot;:&quot;fadeIn&quot;,&quot;_animation_delay&quot;:800}\" data-widget_type=\"text-editor.default\">\n\t\t\t\t\t\t\t\t\t<p>Vendredi<\/p>\t\t\t\t\t\t\t\t<\/div>\n\t\t\t\t<div class=\"elementor-element elementor-element-2f82934 elementor-widget__width-auto elementor-invisible elementor-widget elementor-widget-text-editor\" data-id=\"2f82934\" data-element_type=\"widget\" data-settings=\"{&quot;_animation&quot;:&quot;fadeIn&quot;,&quot;_animation_delay&quot;:1000}\" data-widget_type=\"text-editor.default\">\n\t\t\t\t\t\t\t\t\t<p>Samedi<\/p>\t\t\t\t\t\t\t\t<\/div>\n\t\t\t\t<\/div>\n\t\t<div class=\"elementor-element elementor-element-a638a96 e-con-full e-flex e-con e-child\" data-id=\"a638a96\" data-element_type=\"container\">\n\t\t\t\t<div class=\"elementor-element elementor-element-34572b8 elementor-widget elementor-widget-heading\" data-id=\"34572b8\" data-element_type=\"widget\" data-widget_type=\"heading.default\">\n\t\t\t\t\t<h4 class=\"elementor-heading-title elementor-size-default\">Legada<\/h4>\t\t\t\t<\/div>\n\t\t\t\t<div class=\"elementor-element elementor-element-b1a9f80 elementor-widget elementor-widget-heading\" data-id=\"b1a9f80\" data-element_type=\"widget\" data-widget_type=\"heading.default\">\n\t\t\t\t\t<h4 class=\"elementor-heading-title elementor-size-default\">19:00<\/h4>\t\t\t\t<\/div>\n\t\t\t\t<\/div>\n\t\t<div class=\"elementor-element elementor-element-4169a7b e-con-full e-flex e-con e-child\" data-id=\"4169a7b\" data-element_type=\"container\">\n\t\t\t\t<div class=\"elementor-element elementor-element-1411c18 elementor-widget elementor-widget-heading\" data-id=\"1411c18\" data-element_type=\"widget\" data-widget_type=\"heading.default\">\n\t\t\t\t\t<h4 class=\"elementor-heading-title elementor-size-default\">Pr\u00e9-spectacle<\/h4>\t\t\t\t<\/div>\n\t\t\t\t<div class=\"elementor-element elementor-element-7cfbfe5 elementor-widget elementor-widget-heading\" data-id=\"7cfbfe5\" data-element_type=\"widget\" data-widget_type=\"heading.default\">\n\t\t\t\t\t<h4 class=\"elementor-heading-title elementor-size-default\">19:15<\/h4>\t\t\t\t<\/div>\n\t\t\t\t<\/div>\n\t\t<div class=\"elementor-element elementor-element-c614a16 e-con-full e-flex e-con e-child\" data-id=\"c614a16\" data-element_type=\"container\">\n\t\t\t\t<div class=\"elementor-element elementor-element-72d3df7 elementor-widget elementor-widget-heading\" data-id=\"72d3df7\" data-element_type=\"widget\" data-widget_type=\"heading.default\">\n\t\t\t\t\t<h4 class=\"elementor-heading-title elementor-size-default\">Spectacle<\/h4>\t\t\t\t<\/div>\n\t\t\t\t<div class=\"elementor-element elementor-element-2c33fb3 elementor-widget elementor-widget-heading\" data-id=\"2c33fb3\" data-element_type=\"widget\" data-widget_type=\"heading.default\">\n\t\t\t\t\t<h4 class=\"elementor-heading-title elementor-size-default\">19:30<\/h4>\t\t\t\t<\/div>\n\t\t\t\t<\/div>\n\t\t\t\t<div class=\"elementor-element elementor-element-0fec610 elementor-widget elementor-widget-text-editor\" data-id=\"0fec610\" data-element_type=\"widget\" data-widget_type=\"text-editor.default\">\n\t\t\t\t\t\t\t\t\t<p class=\"p1\">(Dur\u00e9e 1h 5 min.) avec 15 min. de pause<\/p>\t\t\t\t\t\t\t\t<\/div>\n\t\t\t\t<\/div>\n\t\t<div class=\"elementor-element elementor-element-1f9230a e-con-full e-flex e-con e-child\" data-id=\"1f9230a\" data-element_type=\"container\">\n\t\t\t\t<div class=\"elementor-element elementor-element-6f9d5df elementor-invisible elementor-widget elementor-widget-image\" data-id=\"6f9d5df\" data-element_type=\"widget\" data-settings=\"{&quot;_animation&quot;:&quot;fadeIn&quot;}\" data-widget_type=\"image.default\">\n\t\t\t\t\t\t\t\t\t\t\t\t\t\t\t<img decoding=\"async\" width=\"827\" height=\"1024\" src=\"https:\/\/ritualflamenco.com\/wp-content\/uploads\/2025\/09\/dancers-2-827x1024.jpg\" class=\"attachment-large size-large wp-image-501\" alt=\"\" srcset=\"https:\/\/ritualflamenco.com\/wp-content\/uploads\/2025\/09\/dancers-2-827x1024.jpg 827w, https:\/\/ritualflamenco.com\/wp-content\/uploads\/2025\/09\/dancers-2-242x300.jpg 242w, https:\/\/ritualflamenco.com\/wp-content\/uploads\/2025\/09\/dancers-2-768x951.jpg 768w, https:\/\/ritualflamenco.com\/wp-content\/uploads\/2025\/09\/dancers-2-1241x1536.jpg 1241w, https:\/\/ritualflamenco.com\/wp-content\/uploads\/2025\/09\/dancers-2.jpg 1654w\" sizes=\"(max-width: 827px) 100vw, 827px\" \/>\t\t\t\t\t\t\t\t\t\t\t\t\t\t\t<\/div>\n\t\t\t\t<\/div>\n\t\t\t\t\t<\/div>\n\t\t\t\t<\/div>\n\t\t\t\t<\/div>\n\t\t","protected":false},"excerpt":{"rendered":"<p>Prix VIP \u00e0 partir de 65\u20ac Pour ceux qui veulent ressentir le flamenco avec leur \u00e2me.C&rsquo;est la zone la plus proche de l&rsquo;art : des canap\u00e9s pr\u00e8s de la sc\u00e8ne o\u00f9 chaque regard, chaque geste et chaque pas se vivent au premier rang. L&rsquo;ambiance est intime, accueillante et pleine de duende. INCLUS Canap\u00e9s pr\u00e8s de [&hellip;]<\/p>\n","protected":false},"author":1,"featured_media":0,"parent":0,"menu_order":0,"comment_status":"closed","ping_status":"closed","template":"","meta":{"footnotes":""},"class_list":["post-549","page","type-page","status-publish","hentry"],"blocksy_meta":[],"_links":{"self":[{"href":"https:\/\/ritualflamenco.com\/fr\/wp-json\/wp\/v2\/pages\/549","targetHints":{"allow":["GET"]}}],"collection":[{"href":"https:\/\/ritualflamenco.com\/fr\/wp-json\/wp\/v2\/pages"}],"about":[{"href":"https:\/\/ritualflamenco.com\/fr\/wp-json\/wp\/v2\/types\/page"}],"author":[{"embeddable":true,"href":"https:\/\/ritualflamenco.com\/fr\/wp-json\/wp\/v2\/users\/1"}],"replies":[{"embeddable":true,"href":"https:\/\/ritualflamenco.com\/fr\/wp-json\/wp\/v2\/comments?post=549"}],"version-history":[{"count":1,"href":"https:\/\/ritualflamenco.com\/fr\/wp-json\/wp\/v2\/pages\/549\/revisions"}],"predecessor-version":[{"id":550,"href":"https:\/\/ritualflamenco.com\/fr\/wp-json\/wp\/v2\/pages\/549\/revisions\/550"}],"wp:attachment":[{"href":"https:\/\/ritualflamenco.com\/fr\/wp-json\/wp\/v2\/media?parent=549"}],"curies":[{"name":"wp","href":"https:\/\/api.w.org\/{rel}","templated":true}]}}