{"id":608,"date":"2025-09-09T11:47:32","date_gmt":"2025-09-09T11:47:32","guid":{"rendered":"https:\/\/ritualflamenco.com\/accueil\/"},"modified":"2025-10-10T13:02:06","modified_gmt":"2025-10-10T13:02:06","slug":"accueil","status":"publish","type":"page","link":"https:\/\/ritualflamenco.com\/fr\/","title":{"rendered":"Accueil"},"content":{"rendered":"\t\t<div data-elementor-type=\"wp-page\" data-elementor-id=\"608\" class=\"elementor elementor-608 elementor-42\" data-elementor-post-type=\"page\">\n\t\t\t\t<div class=\"elementor-element elementor-element-ba850f2 e-flex e-con-boxed e-con e-parent\" data-id=\"ba850f2\" data-element_type=\"container\">\n\t\t\t\t\t<div class=\"e-con-inner\">\n\t\t<div class=\"elementor-element elementor-element-d17fb20 e-con-full e-flex e-con e-child\" data-id=\"d17fb20\" data-element_type=\"container\">\n\t\t\t\t<div class=\"elementor-element elementor-element-b8028cb elementor-invisible elementor-widget elementor-widget-heading\" data-id=\"b8028cb\" data-element_type=\"widget\" data-settings=\"{&quot;_animation&quot;:&quot;fadeIn&quot;}\" data-widget_type=\"heading.default\">\n\t\t\t\t\t<h1 class=\"elementor-heading-title elementor-size-default\">Ritual<br>Flamenco<br>Majorque<\/h1>\t\t\t\t<\/div>\n\t\t\t\t<div class=\"elementor-element elementor-element-b8fcd36 elementor-invisible elementor-widget elementor-widget-rating\" data-id=\"b8fcd36\" data-element_type=\"widget\" data-settings=\"{&quot;_animation&quot;:&quot;fadeIn&quot;,&quot;_animation_delay&quot;:200}\" data-widget_type=\"rating.default\">\n\t\t\t\t\t\t\t<div class=\"e-rating\" itemtype=\"https:\/\/schema.org\/Rating\" itemscope=\"\" itemprop=\"reviewRating\">\n\t\t\t<meta itemprop=\"worstRating\" content=\"0\">\n\t\t\t<meta itemprop=\"bestRating\" content=\"5\">\n\t\t\t<div class=\"e-rating-wrapper\" itemprop=\"ratingValue\" content=\"5\" role=\"img\" aria-label=\"Not\u00e9 5 sur 5\">\n\t\t\t\t\t\t\t<div class=\"e-icon\">\n\t\t\t\t<div class=\"e-icon-wrapper e-icon-marked\">\n\t\t\t\t\t<svg aria-hidden=\"true\" class=\"e-font-icon-svg e-fas-star\" viewBox=\"0 0 576 512\" xmlns=\"http:\/\/www.w3.org\/2000\/svg\"><path d=\"M259.3 17.8L194 150.2 47.9 171.5c-26.2 3.8-36.7 36.1-17.7 54.6l105.7 103-25 145.5c-4.5 26.3 23.2 46 46.4 33.7L288 439.6l130.7 68.7c23.2 12.2 50.9-7.4 46.4-33.7l-25-145.5 105.7-103c19-18.5 8.5-50.8-17.7-54.6L382 150.2 316.7 17.8c-11.7-23.6-45.6-23.9-57.4 0z\"><\/path><\/svg>\t\t\t\t<\/div>\n\t\t\t\t<div class=\"e-icon-wrapper e-icon-unmarked\">\n\t\t\t\t\t<svg aria-hidden=\"true\" class=\"e-font-icon-svg e-fas-star\" viewBox=\"0 0 576 512\" xmlns=\"http:\/\/www.w3.org\/2000\/svg\"><path d=\"M259.3 17.8L194 150.2 47.9 171.5c-26.2 3.8-36.7 36.1-17.7 54.6l105.7 103-25 145.5c-4.5 26.3 23.2 46 46.4 33.7L288 439.6l130.7 68.7c23.2 12.2 50.9-7.4 46.4-33.7l-25-145.5 105.7-103c19-18.5 8.5-50.8-17.7-54.6L382 150.2 316.7 17.8c-11.7-23.6-45.6-23.9-57.4 0z\"><\/path><\/svg>\t\t\t\t<\/div>\n\t\t\t<\/div>\n\t\t\t\t\t\t<div class=\"e-icon\">\n\t\t\t\t<div class=\"e-icon-wrapper e-icon-marked\">\n\t\t\t\t\t<svg aria-hidden=\"true\" class=\"e-font-icon-svg e-fas-star\" viewBox=\"0 0 576 512\" xmlns=\"http:\/\/www.w3.org\/2000\/svg\"><path d=\"M259.3 17.8L194 150.2 47.9 171.5c-26.2 3.8-36.7 36.1-17.7 54.6l105.7 103-25 145.5c-4.5 26.3 23.2 46 46.4 33.7L288 439.6l130.7 68.7c23.2 12.2 50.9-7.4 46.4-33.7l-25-145.5 105.7-103c19-18.5 8.5-50.8-17.7-54.6L382 150.2 316.7 17.8c-11.7-23.6-45.6-23.9-57.4 0z\"><\/path><\/svg>\t\t\t\t<\/div>\n\t\t\t\t<div class=\"e-icon-wrapper e-icon-unmarked\">\n\t\t\t\t\t<svg aria-hidden=\"true\" class=\"e-font-icon-svg e-fas-star\" viewBox=\"0 0 576 512\" xmlns=\"http:\/\/www.w3.org\/2000\/svg\"><path d=\"M259.3 17.8L194 150.2 47.9 171.5c-26.2 3.8-36.7 36.1-17.7 54.6l105.7 103-25 145.5c-4.5 26.3 23.2 46 46.4 33.7L288 439.6l130.7 68.7c23.2 12.2 50.9-7.4 46.4-33.7l-25-145.5 105.7-103c19-18.5 8.5-50.8-17.7-54.6L382 150.2 316.7 17.8c-11.7-23.6-45.6-23.9-57.4 0z\"><\/path><\/svg>\t\t\t\t<\/div>\n\t\t\t<\/div>\n\t\t\t\t\t\t<div class=\"e-icon\">\n\t\t\t\t<div class=\"e-icon-wrapper e-icon-marked\">\n\t\t\t\t\t<svg aria-hidden=\"true\" class=\"e-font-icon-svg e-fas-star\" viewBox=\"0 0 576 512\" xmlns=\"http:\/\/www.w3.org\/2000\/svg\"><path d=\"M259.3 17.8L194 150.2 47.9 171.5c-26.2 3.8-36.7 36.1-17.7 54.6l105.7 103-25 145.5c-4.5 26.3 23.2 46 46.4 33.7L288 439.6l130.7 68.7c23.2 12.2 50.9-7.4 46.4-33.7l-25-145.5 105.7-103c19-18.5 8.5-50.8-17.7-54.6L382 150.2 316.7 17.8c-11.7-23.6-45.6-23.9-57.4 0z\"><\/path><\/svg>\t\t\t\t<\/div>\n\t\t\t\t<div class=\"e-icon-wrapper e-icon-unmarked\">\n\t\t\t\t\t<svg aria-hidden=\"true\" class=\"e-font-icon-svg e-fas-star\" viewBox=\"0 0 576 512\" xmlns=\"http:\/\/www.w3.org\/2000\/svg\"><path d=\"M259.3 17.8L194 150.2 47.9 171.5c-26.2 3.8-36.7 36.1-17.7 54.6l105.7 103-25 145.5c-4.5 26.3 23.2 46 46.4 33.7L288 439.6l130.7 68.7c23.2 12.2 50.9-7.4 46.4-33.7l-25-145.5 105.7-103c19-18.5 8.5-50.8-17.7-54.6L382 150.2 316.7 17.8c-11.7-23.6-45.6-23.9-57.4 0z\"><\/path><\/svg>\t\t\t\t<\/div>\n\t\t\t<\/div>\n\t\t\t\t\t\t<div class=\"e-icon\">\n\t\t\t\t<div class=\"e-icon-wrapper e-icon-marked\">\n\t\t\t\t\t<svg aria-hidden=\"true\" class=\"e-font-icon-svg e-fas-star\" viewBox=\"0 0 576 512\" xmlns=\"http:\/\/www.w3.org\/2000\/svg\"><path d=\"M259.3 17.8L194 150.2 47.9 171.5c-26.2 3.8-36.7 36.1-17.7 54.6l105.7 103-25 145.5c-4.5 26.3 23.2 46 46.4 33.7L288 439.6l130.7 68.7c23.2 12.2 50.9-7.4 46.4-33.7l-25-145.5 105.7-103c19-18.5 8.5-50.8-17.7-54.6L382 150.2 316.7 17.8c-11.7-23.6-45.6-23.9-57.4 0z\"><\/path><\/svg>\t\t\t\t<\/div>\n\t\t\t\t<div class=\"e-icon-wrapper e-icon-unmarked\">\n\t\t\t\t\t<svg aria-hidden=\"true\" class=\"e-font-icon-svg e-fas-star\" viewBox=\"0 0 576 512\" xmlns=\"http:\/\/www.w3.org\/2000\/svg\"><path d=\"M259.3 17.8L194 150.2 47.9 171.5c-26.2 3.8-36.7 36.1-17.7 54.6l105.7 103-25 145.5c-4.5 26.3 23.2 46 46.4 33.7L288 439.6l130.7 68.7c23.2 12.2 50.9-7.4 46.4-33.7l-25-145.5 105.7-103c19-18.5 8.5-50.8-17.7-54.6L382 150.2 316.7 17.8c-11.7-23.6-45.6-23.9-57.4 0z\"><\/path><\/svg>\t\t\t\t<\/div>\n\t\t\t<\/div>\n\t\t\t\t\t\t<div class=\"e-icon\">\n\t\t\t\t<div class=\"e-icon-wrapper e-icon-marked\">\n\t\t\t\t\t<svg aria-hidden=\"true\" class=\"e-font-icon-svg e-fas-star\" viewBox=\"0 0 576 512\" xmlns=\"http:\/\/www.w3.org\/2000\/svg\"><path d=\"M259.3 17.8L194 150.2 47.9 171.5c-26.2 3.8-36.7 36.1-17.7 54.6l105.7 103-25 145.5c-4.5 26.3 23.2 46 46.4 33.7L288 439.6l130.7 68.7c23.2 12.2 50.9-7.4 46.4-33.7l-25-145.5 105.7-103c19-18.5 8.5-50.8-17.7-54.6L382 150.2 316.7 17.8c-11.7-23.6-45.6-23.9-57.4 0z\"><\/path><\/svg>\t\t\t\t<\/div>\n\t\t\t\t<div class=\"e-icon-wrapper e-icon-unmarked\">\n\t\t\t\t\t<svg aria-hidden=\"true\" class=\"e-font-icon-svg e-fas-star\" viewBox=\"0 0 576 512\" xmlns=\"http:\/\/www.w3.org\/2000\/svg\"><path d=\"M259.3 17.8L194 150.2 47.9 171.5c-26.2 3.8-36.7 36.1-17.7 54.6l105.7 103-25 145.5c-4.5 26.3 23.2 46 46.4 33.7L288 439.6l130.7 68.7c23.2 12.2 50.9-7.4 46.4-33.7l-25-145.5 105.7-103c19-18.5 8.5-50.8-17.7-54.6L382 150.2 316.7 17.8c-11.7-23.6-45.6-23.9-57.4 0z\"><\/path><\/svg>\t\t\t\t<\/div>\n\t\t\t<\/div>\n\t\t\t\t\t\t<\/div>\n\t\t<\/div>\n\t\t\t\t\t\t<\/div>\n\t\t\t\t<div class=\"elementor-element elementor-element-4edbbd8 elementor-invisible elementor-widget elementor-widget-text-editor\" data-id=\"4edbbd8\" data-element_type=\"widget\" data-settings=\"{&quot;_animation&quot;:&quot;fadeIn&quot;,&quot;_animation_delay&quot;:400}\" data-widget_type=\"text-editor.default\">\n\t\t\t\t\t\t\t\t\t<p>\u00ab Une soir\u00e9e au tablao n&rsquo;est pas qu&rsquo;un spectacle, c&rsquo;est un voyage sensoriel au c\u0153ur de la culture espagnole \u00bb<\/p>\t\t\t\t\t\t\t\t<\/div>\n\t\t\t\t<\/div>\n\t\t<div class=\"elementor-element elementor-element-8f395dc e-con-full e-flex e-con e-child\" data-id=\"8f395dc\" data-element_type=\"container\">\n\t\t\t\t<div class=\"elementor-element elementor-element-1dcff3a elementor-invisible elementor-widget elementor-widget-image\" data-id=\"1dcff3a\" data-element_type=\"widget\" data-settings=\"{&quot;_animation&quot;:&quot;fadeIn&quot;}\" data-widget_type=\"image.default\">\n\t\t\t\t\t\t\t\t\t\t\t\t\t\t\t<img fetchpriority=\"high\" decoding=\"async\" width=\"891\" height=\"1024\" src=\"https:\/\/ritualflamenco.com\/wp-content\/uploads\/2025\/09\/ritual-891x1024.jpg\" class=\"attachment-large size-large wp-image-577\" alt=\"\" srcset=\"https:\/\/ritualflamenco.com\/wp-content\/uploads\/2025\/09\/ritual-891x1024.jpg 891w, https:\/\/ritualflamenco.com\/wp-content\/uploads\/2025\/09\/ritual-261x300.jpg 261w, https:\/\/ritualflamenco.com\/wp-content\/uploads\/2025\/09\/ritual-768x883.jpg 768w, https:\/\/ritualflamenco.com\/wp-content\/uploads\/2025\/09\/ritual-1337x1536.jpg 1337w, https:\/\/ritualflamenco.com\/wp-content\/uploads\/2025\/09\/ritual.jpg 1782w\" sizes=\"(max-width: 891px) 100vw, 891px\" \/>\t\t\t\t\t\t\t\t\t\t\t\t\t\t\t<\/div>\n\t\t\t\t<\/div>\n\t\t\t\t\t<\/div>\n\t\t\t\t<\/div>\n\t\t<div class=\"elementor-element elementor-element-cf7e8b2 e-flex e-con-boxed e-con e-parent\" data-id=\"cf7e8b2\" data-element_type=\"container\">\n\t\t\t\t\t<div class=\"e-con-inner\">\n\t\t<div class=\"elementor-element elementor-element-abee549 e-con-full e-flex e-con e-child\" data-id=\"abee549\" data-element_type=\"container\">\n\t\t\t\t<div class=\"elementor-element elementor-element-52e78bd elementor-invisible elementor-widget elementor-widget-image\" data-id=\"52e78bd\" data-element_type=\"widget\" data-settings=\"{&quot;_animation&quot;:&quot;fadeIn&quot;}\" data-widget_type=\"image.default\">\n\t\t\t\t\t\t\t\t\t\t\t\t\t\t\t<img decoding=\"async\" width=\"769\" height=\"1024\" src=\"https:\/\/ritualflamenco.com\/wp-content\/uploads\/2025\/09\/rit2-769x1024.jpg\" class=\"attachment-large size-large wp-image-578\" alt=\"\" srcset=\"https:\/\/ritualflamenco.com\/wp-content\/uploads\/2025\/09\/rit2-769x1024.jpg 769w, https:\/\/ritualflamenco.com\/wp-content\/uploads\/2025\/09\/rit2-225x300.jpg 225w, https:\/\/ritualflamenco.com\/wp-content\/uploads\/2025\/09\/rit2-768x1023.jpg 768w, https:\/\/ritualflamenco.com\/wp-content\/uploads\/2025\/09\/rit2-1153x1536.jpg 1153w, https:\/\/ritualflamenco.com\/wp-content\/uploads\/2025\/09\/rit2.jpg 1537w\" sizes=\"(max-width: 769px) 100vw, 769px\" \/>\t\t\t\t\t\t\t\t\t\t\t\t\t\t\t<\/div>\n\t\t\t\t<\/div>\n\t\t<div class=\"elementor-element elementor-element-6233216 e-con-full e-flex e-con e-child\" data-id=\"6233216\" data-element_type=\"container\">\n\t\t\t\t<div class=\"elementor-element elementor-element-af79797 elementor-widget__width-inherit elementor-invisible elementor-widget elementor-widget-heading\" data-id=\"af79797\" data-element_type=\"widget\" data-settings=\"{&quot;_animation&quot;:&quot;fadeIn&quot;,&quot;_animation_delay&quot;:300}\" data-widget_type=\"heading.default\">\n\t\t\t\t\t<h2 class=\"elementor-heading-title elementor-size-default\">Tablao Flamenco Traditionnel \u00e0 Palma de Majorque<\/h2>\t\t\t\t<\/div>\n\t\t\t\t<div class=\"elementor-element elementor-element-45e39f3 elementor-invisible elementor-widget elementor-widget-text-editor\" data-id=\"45e39f3\" data-element_type=\"widget\" data-settings=\"{&quot;_animation&quot;:&quot;fadeIn&quot;,&quot;_animation_delay&quot;:600}\" data-widget_type=\"text-editor.default\">\n\t\t\t\t\t\t\t\t\t<p>Plongez dans la passion et l&rsquo;art du flamenco dans un authentique tablao, o\u00f9 la tradition prend vie chaque soir. Apparus \u00e0 la fin du XIXe si\u00e8cle, les tablaos ont succ\u00e9d\u00e9 aux anciens caf\u00e9s cantantes, ces espaces vibrants o\u00f9 la culture andalouse s&rsquo;exprimait pleinement \u00e0 travers le chant, la danse et la guitare. <\/p><p>Dans une ambiance chaleureuse et intime, les visiteurs vivent une exp\u00e9rience profond\u00e9ment espagnole, fa\u00e7onn\u00e9e par l&rsquo;\u00e9motion, l&rsquo;intensit\u00e9 et la spontan\u00e9it\u00e9 du flamenco pur. Chaque spectacle est unique : un dialogue visc\u00e9ral entre l&rsquo;art et l&rsquo;\u00e2me, donn\u00e9 vie par des artistes renomm\u00e9s qui, \u00e0 chaque mouvement, incarnent l&rsquo;histoire vivante du sud de l&rsquo;Espagne. <\/p>\t\t\t\t\t\t\t\t<\/div>\n\t\t\t\t<\/div>\n\t\t\t\t\t<\/div>\n\t\t\t\t<\/div>\n\t\t<div class=\"elementor-element elementor-element-970e340 e-flex e-con-boxed e-con e-parent\" data-id=\"970e340\" data-element_type=\"container\">\n\t\t\t\t\t<div class=\"e-con-inner\">\n\t\t\t\t<div class=\"elementor-element elementor-element-a01a679 elementor-widget__width-inherit elementor-invisible elementor-widget elementor-widget-heading\" data-id=\"a01a679\" data-element_type=\"widget\" data-settings=\"{&quot;_animation&quot;:&quot;fadeIn&quot;}\" data-widget_type=\"heading.default\">\n\t\t\t\t\t<h2 class=\"elementor-heading-title elementor-size-default\">Spectacles \u00e0 venir<\/h2>\t\t\t\t<\/div>\n\t\t\t\t<div class=\"elementor-element elementor-element-4307465 elementor-widget elementor-widget-shortcode\" data-id=\"4307465\" data-element_type=\"widget\" data-widget_type=\"shortcode.default\">\n\t\t\t\t\t\t\t<div class=\"elementor-shortcode\">        <div class=\"scm-events\">\n          <div class=\"scm-wrap\">\n            <section class=\"scm-grid\">\n                            <a class=\"scm-card-link\" href=\"https:\/\/tickets.socialclubmallorca.com\/#\/427d1ea7-3bea-4ad5-876d-b605c5edf13d\/select-tickets\" target=\"_blank\" rel=\"noopener\">                <article class=\"scm-card\">\n                  <div class=\"scm-poster\"><img decoding=\"async\" src=\"https:\/\/ritualflamenco.com\/wp-content\/uploads\/2025\/09\/40bfaf3a-d190-4ba3-90b0-474426ccb01a-728x1024.jpeg\" alt=\"Ritual Flamenco\"><\/div>\n                  <div class=\"scm-body-row\">\n                    <div class=\"scm-date\">\n                      <div class=\"scm-day\">15<\/div>\n                      <div class=\"scm-month\">MAY<\/div>\n                    <\/div>\n                    <div class=\"scm-info\">\n                      <h3 class=\"scm-title\">Ritual Flamenco<\/h3>\n                      <div class=\"scm-place\">Social Club Mallorca<\/div>                      <div class=\"scm-time\">vendredi, 19:30<\/div>\n                    <\/div>\n                  <\/div>\n                <\/article>\n              <\/a>                            <a class=\"scm-card-link\" href=\"https:\/\/tickets.socialclubmallorca.com\/#\/bdba2095-4460-49c8-897c-9190ac1e45fc\/select-tickets\" target=\"_blank\" rel=\"noopener\">                <article class=\"scm-card\">\n                  <div class=\"scm-poster\"><img decoding=\"async\" src=\"https:\/\/ritualflamenco.com\/wp-content\/uploads\/2025\/09\/40bfaf3a-d190-4ba3-90b0-474426ccb01a-728x1024.jpeg\" alt=\"Ritual Flamenco\"><\/div>\n                  <div class=\"scm-body-row\">\n                    <div class=\"scm-date\">\n                      <div class=\"scm-day\">22<\/div>\n                      <div class=\"scm-month\">MAY<\/div>\n                    <\/div>\n                    <div class=\"scm-info\">\n                      <h3 class=\"scm-title\">Ritual Flamenco<\/h3>\n                      <div class=\"scm-place\">Social Club Mallorca<\/div>                      <div class=\"scm-time\">vendredi, 19:30<\/div>\n                    <\/div>\n                  <\/div>\n                <\/article>\n              <\/a>                            <a class=\"scm-card-link\" href=\"https:\/\/tickets.socialclubmallorca.com\/#\/023aa751-b052-4cc1-8f36-88634429fdf9\/select-tickets\" target=\"_blank\" rel=\"noopener\">                <article class=\"scm-card\">\n                  <div class=\"scm-poster\"><img decoding=\"async\" src=\"https:\/\/ritualflamenco.com\/wp-content\/uploads\/2025\/09\/40bfaf3a-d190-4ba3-90b0-474426ccb01a-728x1024.jpeg\" alt=\"Ritual Flamenco\"><\/div>\n                  <div class=\"scm-body-row\">\n                    <div class=\"scm-date\">\n                      <div class=\"scm-day\">29<\/div>\n                      <div class=\"scm-month\">MAY<\/div>\n                    <\/div>\n                    <div class=\"scm-info\">\n                      <h3 class=\"scm-title\">Ritual Flamenco<\/h3>\n                      <div class=\"scm-place\">Social Club Mallorca<\/div>                      <div class=\"scm-time\">vendredi, 19:30<\/div>\n                    <\/div>\n                  <\/div>\n                <\/article>\n              <\/a>                            <a class=\"scm-card-link\" href=\"https:\/\/tickets.socialclubmallorca.com\/#\/2cfd82d8-4304-42c6-953d-1614aa847885\/select-tickets\" target=\"_blank\" rel=\"noopener\">                <article class=\"scm-card\">\n                  <div class=\"scm-poster\"><img decoding=\"async\" src=\"https:\/\/ritualflamenco.com\/wp-content\/uploads\/2025\/09\/40bfaf3a-d190-4ba3-90b0-474426ccb01a-728x1024.jpeg\" alt=\"Ritual Flamenco\"><\/div>\n                  <div class=\"scm-body-row\">\n                    <div class=\"scm-date\">\n                      <div class=\"scm-day\">5<\/div>\n                      <div class=\"scm-month\">JUN<\/div>\n                    <\/div>\n                    <div class=\"scm-info\">\n                      <h3 class=\"scm-title\">Ritual Flamenco<\/h3>\n                      <div class=\"scm-place\">Social Club Mallorca<\/div>                      <div class=\"scm-time\">vendredi, 19:30<\/div>\n                    <\/div>\n                  <\/div>\n                <\/article>\n              <\/a>                          <\/section>\n          <\/div>\n        <\/div>\n        <\/div>\n\t\t\t\t\t\t<\/div>\n\t\t\t\t\t<\/div>\n\t\t\t\t<\/div>\n\t\t<div class=\"elementor-element elementor-element-2a875bb e-flex e-con-boxed e-con e-parent\" data-id=\"2a875bb\" data-element_type=\"container\">\n\t\t\t\t\t<div class=\"e-con-inner\">\n\t\t<div class=\"elementor-element elementor-element-8165881 e-con-full e-flex e-con e-child\" data-id=\"8165881\" data-element_type=\"container\">\n\t\t\t\t<div class=\"elementor-element elementor-element-c50a26d elementor-invisible elementor-widget elementor-widget-image\" data-id=\"c50a26d\" data-element_type=\"widget\" data-settings=\"{&quot;_animation&quot;:&quot;fadeIn&quot;}\" data-widget_type=\"image.default\">\n\t\t\t\t\t\t\t\t\t\t\t\t\t\t\t<img decoding=\"async\" width=\"916\" height=\"1024\" src=\"https:\/\/ritualflamenco.com\/wp-content\/uploads\/2025\/09\/tapas-916x1024.png\" class=\"attachment-large size-large wp-image-579\" alt=\"\" srcset=\"https:\/\/ritualflamenco.com\/wp-content\/uploads\/2025\/09\/tapas-916x1024.png 916w, https:\/\/ritualflamenco.com\/wp-content\/uploads\/2025\/09\/tapas-268x300.png 268w, https:\/\/ritualflamenco.com\/wp-content\/uploads\/2025\/09\/tapas-768x859.png 768w, https:\/\/ritualflamenco.com\/wp-content\/uploads\/2025\/09\/tapas-1374x1536.png 1374w, https:\/\/ritualflamenco.com\/wp-content\/uploads\/2025\/09\/tapas-1831x2048.png 1831w\" sizes=\"(max-width: 916px) 100vw, 916px\" \/>\t\t\t\t\t\t\t\t\t\t\t\t\t\t\t<\/div>\n\t\t\t\t<\/div>\n\t\t<div class=\"elementor-element elementor-element-b1477fe e-con-full e-flex e-con e-child\" data-id=\"b1477fe\" data-element_type=\"container\">\n\t\t\t\t<div class=\"elementor-element elementor-element-7b62d01 elementor-widget__width-inherit elementor-invisible elementor-widget elementor-widget-heading\" data-id=\"7b62d01\" data-element_type=\"widget\" data-settings=\"{&quot;_animation&quot;:&quot;fadeIn&quot;,&quot;_animation_delay&quot;:300}\" data-widget_type=\"heading.default\">\n\t\t\t\t\t<h2 class=\"elementor-heading-title elementor-size-default\">Un v\u00e9ritable go\u00fbt de l'Espagne<\/h2>\t\t\t\t<\/div>\n\t\t\t\t<div class=\"elementor-element elementor-element-b252aef elementor-invisible elementor-widget elementor-widget-text-editor\" data-id=\"b252aef\" data-element_type=\"widget\" data-settings=\"{&quot;_animation&quot;:&quot;fadeIn&quot;,&quot;_animation_delay&quot;:600}\" data-widget_type=\"text-editor.default\">\n\t\t\t\t\t\t\t\t\t<p>Pour compl\u00e9ter l&rsquo;exp\u00e9rience unique de notre spectacle de flamenco, les invit\u00e9s peuvent savourer un menu espagnol traditionnel, \u00e9labor\u00e9 avec des produits locaux et des saveurs authentiques qui capturent l&rsquo;essence m\u00eame de notre culture.<\/p>\t\t\t\t\t\t\t\t<\/div>\n\t\t\t\t<div class=\"elementor-element elementor-element-2f22ade elementor-mobile-align-center elementor-invisible elementor-widget elementor-widget-button\" data-id=\"2f22ade\" data-element_type=\"widget\" data-settings=\"{&quot;_animation&quot;:&quot;fadeIn&quot;,&quot;_animation_delay&quot;:900}\" data-widget_type=\"button.default\">\n\t\t\t\t\t\t\t\t\t\t<a class=\"elementor-button elementor-button-link elementor-size-sm\" href=\"#\">\n\t\t\t\t\t\t<span class=\"elementor-button-content-wrapper\">\n\t\t\t\t\t\t\t\t\t<span class=\"elementor-button-text\">Voir le menu<\/span>\n\t\t\t\t\t<\/span>\n\t\t\t\t\t<\/a>\n\t\t\t\t\t\t\t\t<\/div>\n\t\t\t\t<\/div>\n\t\t\t\t\t<\/div>\n\t\t\t\t<\/div>\n\t\t<div class=\"elementor-element elementor-element-fda38f7 e-flex e-con-boxed e-con e-parent\" data-id=\"fda38f7\" data-element_type=\"container\">\n\t\t\t\t\t<div class=\"e-con-inner\">\n\t\t<div class=\"elementor-element elementor-element-344c9bc e-con-full e-flex e-con e-child\" data-id=\"344c9bc\" data-element_type=\"container\">\n\t\t\t\t<div class=\"elementor-element elementor-element-bea3c0e elementor-invisible elementor-widget elementor-widget-image\" data-id=\"bea3c0e\" data-element_type=\"widget\" data-settings=\"{&quot;_animation&quot;:&quot;fadeIn&quot;}\" data-widget_type=\"image.default\">\n\t\t\t\t\t\t\t\t\t\t\t\t\t\t\t<img loading=\"lazy\" decoding=\"async\" width=\"726\" height=\"1024\" src=\"https:\/\/ritualflamenco.com\/wp-content\/uploads\/2025\/09\/flam4-726x1024.jpg\" class=\"attachment-large size-large wp-image-580\" alt=\"\" srcset=\"https:\/\/ritualflamenco.com\/wp-content\/uploads\/2025\/09\/flam4-726x1024.jpg 726w, https:\/\/ritualflamenco.com\/wp-content\/uploads\/2025\/09\/flam4-213x300.jpg 213w, https:\/\/ritualflamenco.com\/wp-content\/uploads\/2025\/09\/flam4-768x1084.jpg 768w, https:\/\/ritualflamenco.com\/wp-content\/uploads\/2025\/09\/flam4-1088x1536.jpg 1088w, https:\/\/ritualflamenco.com\/wp-content\/uploads\/2025\/09\/flam4.jpg 1451w\" sizes=\"(max-width: 726px) 100vw, 726px\" \/>\t\t\t\t\t\t\t\t\t\t\t\t\t\t\t<\/div>\n\t\t\t\t<\/div>\n\t\t<div class=\"elementor-element elementor-element-fbda5ce e-con-full e-flex e-con e-child\" data-id=\"fbda5ce\" data-element_type=\"container\">\n\t\t\t\t<div class=\"elementor-element elementor-element-d3936c2 elementor-widget__width-inherit elementor-invisible elementor-widget elementor-widget-heading\" data-id=\"d3936c2\" data-element_type=\"widget\" data-settings=\"{&quot;_animation&quot;:&quot;fadeIn&quot;,&quot;_animation_delay&quot;:300}\" data-widget_type=\"heading.default\">\n\t\t\t\t\t<h2 class=\"elementor-heading-title elementor-size-default\">Masterclass de flamenco<\/h2>\t\t\t\t<\/div>\n\t\t<div class=\"elementor-element elementor-element-458a88c e-con-full e-flex e-con e-child\" data-id=\"458a88c\" data-element_type=\"container\">\n\t\t\t\t<div class=\"elementor-element elementor-element-06bbda3 elementor-widget__width-auto elementor-invisible elementor-widget elementor-widget-text-editor\" data-id=\"06bbda3\" data-element_type=\"widget\" data-settings=\"{&quot;_animation&quot;:&quot;fadeIn&quot;,&quot;_animation_delay&quot;:600}\" data-widget_type=\"text-editor.default\">\n\t\t\t\t\t\t\t\t\t<p>Options de location priv\u00e9e<\/p>\t\t\t\t\t\t\t\t<\/div>\n\t\t\t\t<div class=\"elementor-element elementor-element-b39cb76 elementor-widget__width-auto elementor-invisible elementor-widget elementor-widget-text-editor\" data-id=\"b39cb76\" data-element_type=\"widget\" data-settings=\"{&quot;_animation&quot;:&quot;fadeIn&quot;,&quot;_animation_delay&quot;:800}\" data-widget_type=\"text-editor.default\">\n\t\t\t\t\t\t\t\t\t<p>Alimentation et boissons<\/p>\t\t\t\t\t\t\t\t<\/div>\n\t\t\t\t<div class=\"elementor-element elementor-element-841813c elementor-widget__width-auto elementor-invisible elementor-widget elementor-widget-text-editor\" data-id=\"841813c\" data-element_type=\"widget\" data-settings=\"{&quot;_animation&quot;:&quot;fadeIn&quot;,&quot;_animation_delay&quot;:1000}\" data-widget_type=\"text-editor.default\">\n\t\t\t\t\t\t\t\t\t<p>D\u00e9gustation de sangria<\/p>\t\t\t\t\t\t\t\t<\/div>\n\t\t\t\t<\/div>\n\t\t\t\t<div class=\"elementor-element elementor-element-ee01aaf elementor-invisible elementor-widget elementor-widget-text-editor\" data-id=\"ee01aaf\" data-element_type=\"widget\" data-settings=\"{&quot;_animation&quot;:&quot;fadeIn&quot;,&quot;_animation_delay&quot;:1300}\" data-widget_type=\"text-editor.default\">\n\t\t\t\t\t\t\t\t\t<p>Les cours d&rsquo;initiation au flamenco au Tablao Ritual sont con\u00e7us comme un voyage \u00e0 la fois th\u00e9orique et pratique dans cette riche tradition culturelle.<\/p>\t\t\t\t\t\t\t\t<\/div>\n\t\t\t\t<div class=\"elementor-element elementor-element-0dcdec7 elementor-mobile-align-center elementor-invisible elementor-widget elementor-widget-button\" data-id=\"0dcdec7\" data-element_type=\"widget\" data-settings=\"{&quot;_animation&quot;:&quot;fadeIn&quot;,&quot;_animation_delay&quot;:1600}\" data-widget_type=\"button.default\">\n\t\t\t\t\t\t\t\t\t\t<a class=\"elementor-button elementor-button-link elementor-size-sm\" href=\"#\">\n\t\t\t\t\t\t<span class=\"elementor-button-content-wrapper\">\n\t\t\t\t\t\t\t\t\t<span class=\"elementor-button-text\">Plus d'information<\/span>\n\t\t\t\t\t<\/span>\n\t\t\t\t\t<\/a>\n\t\t\t\t\t\t\t\t<\/div>\n\t\t\t\t<\/div>\n\t\t\t\t\t<\/div>\n\t\t\t\t<\/div>\n\t\t\t\t<\/div>\n\t\t","protected":false},"excerpt":{"rendered":"<p>RitualFlamencoMajorque \u00ab Une soir\u00e9e au tablao n&rsquo;est pas qu&rsquo;un spectacle, c&rsquo;est un voyage sensoriel au c\u0153ur de la culture espagnole \u00bb Tablao Flamenco Traditionnel \u00e0 Palma de Majorque Plongez dans la passion et l&rsquo;art du flamenco dans un authentique tablao, o\u00f9 la tradition prend vie chaque soir. Apparus \u00e0 la fin du XIXe si\u00e8cle, les [&hellip;]<\/p>\n","protected":false},"author":1,"featured_media":0,"parent":0,"menu_order":0,"comment_status":"closed","ping_status":"closed","template":"","meta":{"footnotes":""},"class_list":["post-608","page","type-page","status-publish","hentry"],"blocksy_meta":[],"_links":{"self":[{"href":"https:\/\/ritualflamenco.com\/fr\/wp-json\/wp\/v2\/pages\/608","targetHints":{"allow":["GET"]}}],"collection":[{"href":"https:\/\/ritualflamenco.com\/fr\/wp-json\/wp\/v2\/pages"}],"about":[{"href":"https:\/\/ritualflamenco.com\/fr\/wp-json\/wp\/v2\/types\/page"}],"author":[{"embeddable":true,"href":"https:\/\/ritualflamenco.com\/fr\/wp-json\/wp\/v2\/users\/1"}],"replies":[{"embeddable":true,"href":"https:\/\/ritualflamenco.com\/fr\/wp-json\/wp\/v2\/comments?post=608"}],"version-history":[{"count":1,"href":"https:\/\/ritualflamenco.com\/fr\/wp-json\/wp\/v2\/pages\/608\/revisions"}],"predecessor-version":[{"id":613,"href":"https:\/\/ritualflamenco.com\/fr\/wp-json\/wp\/v2\/pages\/608\/revisions\/613"}],"wp:attachment":[{"href":"https:\/\/ritualflamenco.com\/fr\/wp-json\/wp\/v2\/media?parent=608"}],"curies":[{"name":"wp","href":"https:\/\/api.w.org\/{rel}","templated":true}]}}