{"id":397,"date":"2025-09-09T11:47:41","date_gmt":"2025-09-09T11:47:41","guid":{"rendered":"https:\/\/ritualflamenco.com\/informazioni\/"},"modified":"2025-10-10T12:57:15","modified_gmt":"2025-10-10T12:57:15","slug":"informazioni","status":"publish","type":"page","link":"https:\/\/ritualflamenco.com\/it\/informazioni\/","title":{"rendered":"Informazioni"},"content":{"rendered":"\t\t<div data-elementor-type=\"wp-page\" data-elementor-id=\"397\" class=\"elementor elementor-397 elementor-44\" data-elementor-post-type=\"page\">\n\t\t\t\t<div class=\"elementor-element elementor-element-446e5a4 e-flex e-con-boxed e-con e-parent\" data-id=\"446e5a4\" data-element_type=\"container\">\n\t\t\t\t\t<div class=\"e-con-inner\">\n\t\t<div class=\"elementor-element elementor-element-444dfbe e-con-full e-flex e-con e-child\" data-id=\"444dfbe\" data-element_type=\"container\">\n\t\t\t\t<div class=\"elementor-element elementor-element-5dc82eb elementor-invisible elementor-widget elementor-widget-heading\" data-id=\"5dc82eb\" data-element_type=\"widget\" data-settings=\"{&quot;_animation&quot;:&quot;fadeIn&quot;}\" data-widget_type=\"heading.default\">\n\t\t\t\t\t<h1 class=\"elementor-heading-title elementor-size-default\">Informazioni su<br>Ritual<br>Flamenco<\/h1>\t\t\t\t<\/div>\n\t\t\t\t<\/div>\n\t\t<div class=\"elementor-element elementor-element-52085d8 e-con-full e-flex e-con e-child\" data-id=\"52085d8\" data-element_type=\"container\">\n\t\t\t\t<div class=\"elementor-element elementor-element-c682d7e elementor-invisible elementor-widget elementor-widget-image\" data-id=\"c682d7e\" data-element_type=\"widget\" data-settings=\"{&quot;_animation&quot;:&quot;fadeIn&quot;}\" data-widget_type=\"image.default\">\n\t\t\t\t\t\t\t\t\t\t\t\t\t\t\t<img fetchpriority=\"high\" decoding=\"async\" width=\"920\" height=\"1024\" src=\"https:\/\/ritualflamenco.com\/wp-content\/uploads\/2025\/09\/about-ritual-920x1024.jpg\" class=\"attachment-large size-large wp-image-387\" alt=\"\" srcset=\"https:\/\/ritualflamenco.com\/wp-content\/uploads\/2025\/09\/about-ritual-920x1024.jpg 920w, https:\/\/ritualflamenco.com\/wp-content\/uploads\/2025\/09\/about-ritual-270x300.jpg 270w, https:\/\/ritualflamenco.com\/wp-content\/uploads\/2025\/09\/about-ritual-768x855.jpg 768w, https:\/\/ritualflamenco.com\/wp-content\/uploads\/2025\/09\/about-ritual-1380x1536.jpg 1380w, https:\/\/ritualflamenco.com\/wp-content\/uploads\/2025\/09\/about-ritual-1841x2048.jpg 1841w\" sizes=\"(max-width: 920px) 100vw, 920px\" \/>\t\t\t\t\t\t\t\t\t\t\t\t\t\t\t<\/div>\n\t\t\t\t<\/div>\n\t\t\t\t\t<\/div>\n\t\t\t\t<\/div>\n\t\t<div class=\"elementor-element elementor-element-e40c18f e-flex e-con-boxed e-con e-parent\" data-id=\"e40c18f\" data-element_type=\"container\">\n\t\t\t\t\t<div class=\"e-con-inner\">\n\t\t<div class=\"elementor-element elementor-element-859dc5c e-con-full e-flex e-con e-child\" data-id=\"859dc5c\" data-element_type=\"container\">\n\t\t\t\t<div class=\"elementor-element elementor-element-fed67b3 elementor-invisible elementor-widget elementor-widget-image\" data-id=\"fed67b3\" data-element_type=\"widget\" data-settings=\"{&quot;_animation&quot;:&quot;fadeIn&quot;}\" data-widget_type=\"image.default\">\n\t\t\t\t\t\t\t\t\t\t\t\t\t\t\t<img decoding=\"async\" width=\"770\" height=\"1024\" src=\"https:\/\/ritualflamenco.com\/wp-content\/uploads\/2025\/09\/ritual4-770x1024.jpg\" class=\"attachment-large size-large wp-image-388\" alt=\"\" srcset=\"https:\/\/ritualflamenco.com\/wp-content\/uploads\/2025\/09\/ritual4-770x1024.jpg 770w, https:\/\/ritualflamenco.com\/wp-content\/uploads\/2025\/09\/ritual4-226x300.jpg 226w, https:\/\/ritualflamenco.com\/wp-content\/uploads\/2025\/09\/ritual4-768x1021.jpg 768w, https:\/\/ritualflamenco.com\/wp-content\/uploads\/2025\/09\/ritual4-1155x1536.jpg 1155w, https:\/\/ritualflamenco.com\/wp-content\/uploads\/2025\/09\/ritual4-1540x2048.jpg 1540w, https:\/\/ritualflamenco.com\/wp-content\/uploads\/2025\/09\/ritual4-scaled.jpg 1925w\" sizes=\"(max-width: 770px) 100vw, 770px\" \/>\t\t\t\t\t\t\t\t\t\t\t\t\t\t\t<\/div>\n\t\t\t\t<\/div>\n\t\t<div class=\"elementor-element elementor-element-f99a370 e-con-full e-flex e-con e-child\" data-id=\"f99a370\" data-element_type=\"container\">\n\t\t\t\t<div class=\"elementor-element elementor-element-a7b8a1a elementor-invisible elementor-widget elementor-widget-text-editor\" data-id=\"a7b8a1a\" data-element_type=\"widget\" data-settings=\"{&quot;_animation&quot;:&quot;fadeIn&quot;}\" data-widget_type=\"text-editor.default\">\n\t\t\t\t\t\t\t\t\t<p><strong data-start=\"205\" data-end=\"224\">Ritual Flamenco<\/strong> \u00e8 pi\u00f9 di una performance: \u00e8 un viaggio nell&#8217;anima viva della forma d&#8217;arte pi\u00f9 appassionata della Spagna.<\/p><p>Con sede a <strong data-start=\"335\" data-end=\"356\">Palma di Maiorca<\/strong>, all&#8217;interno del <strong data-start=\"365\" data-end=\"389\">Social Club Mallorca<\/strong> sul famoso <strong data-start=\"404\" data-end=\"422\">Paseo Mar\u00edtimo<\/strong>, uniamo musica, danza ed emozione in un&#8217;esperienza intima e indimenticabile.<\/p>\t\t\t\t\t\t\t\t<\/div>\n\t\t\t\t<\/div>\n\t\t\t\t\t<\/div>\n\t\t\t\t<\/div>\n\t\t<div class=\"elementor-element elementor-element-f819b5d e-flex e-con-boxed e-con e-parent\" data-id=\"f819b5d\" data-element_type=\"container\">\n\t\t\t\t\t<div class=\"e-con-inner\">\n\t\t<div class=\"elementor-element elementor-element-6030599 e-con-full e-flex e-con e-child\" data-id=\"6030599\" data-element_type=\"container\">\n\t\t\t\t<div class=\"elementor-element elementor-element-4d06e5a elementor-invisible elementor-widget elementor-widget-image\" data-id=\"4d06e5a\" data-element_type=\"widget\" data-settings=\"{&quot;_animation&quot;:&quot;fadeIn&quot;}\" data-widget_type=\"image.default\">\n\t\t\t\t\t\t\t\t\t\t\t\t\t\t\t<img decoding=\"async\" width=\"725\" height=\"1024\" src=\"https:\/\/ritualflamenco.com\/wp-content\/uploads\/2025\/09\/ritual-5-725x1024.jpg\" class=\"attachment-large size-large wp-image-389\" alt=\"\" srcset=\"https:\/\/ritualflamenco.com\/wp-content\/uploads\/2025\/09\/ritual-5-725x1024.jpg 725w, https:\/\/ritualflamenco.com\/wp-content\/uploads\/2025\/09\/ritual-5-213x300.jpg 213w, https:\/\/ritualflamenco.com\/wp-content\/uploads\/2025\/09\/ritual-5-768x1084.jpg 768w, https:\/\/ritualflamenco.com\/wp-content\/uploads\/2025\/09\/ritual-5-1088x1536.jpg 1088w, https:\/\/ritualflamenco.com\/wp-content\/uploads\/2025\/09\/ritual-5-1451x2048.jpg 1451w, https:\/\/ritualflamenco.com\/wp-content\/uploads\/2025\/09\/ritual-5-scaled.jpg 1813w\" sizes=\"(max-width: 725px) 100vw, 725px\" \/>\t\t\t\t\t\t\t\t\t\t\t\t\t\t\t<\/div>\n\t\t\t\t<\/div>\n\t\t<div class=\"elementor-element elementor-element-6b38da8 e-con-full e-flex e-con e-child\" data-id=\"6b38da8\" data-element_type=\"container\">\n\t\t\t\t<div class=\"elementor-element elementor-element-3d3e11e elementor-invisible elementor-widget elementor-widget-heading\" data-id=\"3d3e11e\" data-element_type=\"widget\" data-settings=\"{&quot;_animation&quot;:&quot;fadeIn&quot;}\" data-widget_type=\"heading.default\">\n\t\t\t\t\t<h2 class=\"elementor-heading-title elementor-size-default\">Cos'\u00e8 Ritual Flamenco?<\/h2>\t\t\t\t<\/div>\n\t\t\t\t<div class=\"elementor-element elementor-element-01508a4 elementor-invisible elementor-widget elementor-widget-text-editor\" data-id=\"01508a4\" data-element_type=\"widget\" data-settings=\"{&quot;_animation&quot;:&quot;fadeIn&quot;}\" data-widget_type=\"text-editor.default\">\n\t\t\t\t\t\t\t\t\t<p data-start=\"547\" data-end=\"811\">Il flamenco non \u00e8 solo intrattenimento: \u00e8 un rituale di espressione, nato in Andalusia e tramandato di generazione in generazione. La miscela di canto (<em data-start=\"682\" data-end=\"689\">cante<\/em>), chitarra (<em data-start=\"700\" data-end=\"707\">toque<\/em>), danza (<em data-start=\"717\" data-end=\"724\">baile<\/em>) e battito ritmico delle mani (<em data-start=\"750\" data-end=\"758\">palmas<\/em>) racconta storie di lotta, celebrazione e amore. <\/p><p data-start=\"813\" data-end=\"1174\">Al Ritual Flamenco, i nostri artisti (cantanti, ballerini e chitarristi) sono scelti per la loro autenticit\u00e0 e passione. Ogni spettacolo \u00e8 vivo, improvvisato sul momento e carico di emozioni crude. Ci\u00f2 che ci rende unici \u00e8 la vicinanza tra pubblico e artista. Non ti limiti a guardare, ma senti ogni passo, ogni accordo, ogni grido di <em data-start=\"1142\" data-end=\"1149\">\u00a1ol\u00e9!<\/em> come parte del rituale.   <\/p>\t\t\t\t\t\t\t\t<\/div>\n\t\t\t\t<\/div>\n\t\t\t\t\t<\/div>\n\t\t\t\t<\/div>\n\t\t<div class=\"elementor-element elementor-element-0c8e562 e-flex e-con-boxed e-con e-parent\" data-id=\"0c8e562\" data-element_type=\"container\">\n\t\t\t\t\t<div class=\"e-con-inner\">\n\t\t\t\t<div class=\"elementor-element elementor-element-ffbc5d8 elementor-invisible elementor-widget elementor-widget-heading\" data-id=\"ffbc5d8\" data-element_type=\"widget\" data-settings=\"{&quot;_animation&quot;:&quot;fadeIn&quot;}\" data-widget_type=\"heading.default\">\n\t\t\t\t\t<h2 class=\"elementor-heading-title elementor-size-default\">Palma di Maiorca \u2013 Cultura nel cuore del Mediterraneo<\/h2>\t\t\t\t<\/div>\n\t\t\t\t<div class=\"elementor-element elementor-element-0077c38 elementor-invisible elementor-widget elementor-widget-text-editor\" data-id=\"0077c38\" data-element_type=\"widget\" data-settings=\"{&quot;_animation&quot;:&quot;fadeIn&quot;}\" data-widget_type=\"text-editor.default\">\n\t\t\t\t\t\t\t\t\t<p data-start=\"1239\" data-end=\"1489\">La nostra casa \u00e8 <strong data-start=\"1251\" data-end=\"1260\">Palma<\/strong>, la capitale delle Isole Baleari e una delle citt\u00e0 pi\u00f9 vivaci del Mediterraneo. Famosa per la sua cattedrale gotica, le tortuose strade antiche, le gallerie d&#8217;arte e la vivace scena gastronomica, Palma \u00e8 dove la tradizione incontra l&#8217;energia moderna. <\/p><p data-start=\"1491\" data-end=\"1784\">I visitatori vengono non solo per le spiagge e il sole, ma per esperienze che li connettano allo spirito dell&#8217;isola. Il flamenco, sebbene radicato in Andalusia, appartiene anche a questo luogo. Il ritmo della chitarra riecheggia nei cortili di Palma, mentre la passione della danza riflette il battito del cuore della citt\u00e0.  <\/p>\t\t\t\t\t\t\t\t<\/div>\n\t\t\t\t<div class=\"elementor-element elementor-element-e74cd6b elementor-invisible elementor-widget elementor-widget-image\" data-id=\"e74cd6b\" data-element_type=\"widget\" data-settings=\"{&quot;_animation&quot;:&quot;fadeIn&quot;}\" data-widget_type=\"image.default\">\n\t\t\t\t\t\t\t\t\t\t\t\t\t\t\t<img loading=\"lazy\" decoding=\"async\" width=\"2560\" height=\"1903\" src=\"https:\/\/ritualflamenco.com\/wp-content\/uploads\/2025\/09\/envato-labs-image-edit-scaled.jpg\" class=\"attachment-full size-full wp-image-390\" alt=\"\" srcset=\"https:\/\/ritualflamenco.com\/wp-content\/uploads\/2025\/09\/envato-labs-image-edit-scaled.jpg 2560w, https:\/\/ritualflamenco.com\/wp-content\/uploads\/2025\/09\/envato-labs-image-edit-300x223.jpg 300w, https:\/\/ritualflamenco.com\/wp-content\/uploads\/2025\/09\/envato-labs-image-edit-1024x761.jpg 1024w, https:\/\/ritualflamenco.com\/wp-content\/uploads\/2025\/09\/envato-labs-image-edit-768x571.jpg 768w, https:\/\/ritualflamenco.com\/wp-content\/uploads\/2025\/09\/envato-labs-image-edit-1536x1142.jpg 1536w, https:\/\/ritualflamenco.com\/wp-content\/uploads\/2025\/09\/envato-labs-image-edit-2048x1522.jpg 2048w\" sizes=\"(max-width: 2560px) 100vw, 2560px\" \/>\t\t\t\t\t\t\t\t\t\t\t\t\t\t\t<\/div>\n\t\t\t\t<div class=\"elementor-element elementor-element-6c3fd0a elementor-invisible elementor-widget elementor-widget-heading\" data-id=\"6c3fd0a\" data-element_type=\"widget\" data-settings=\"{&quot;_animation&quot;:&quot;fadeIn&quot;}\" data-widget_type=\"heading.default\">\n\t\t\t\t\t<h2 class=\"elementor-heading-title elementor-size-default\">Il Paseo Mar\u00edtimo \u2013 dove la citt\u00e0 incontra il mare<\/h2>\t\t\t\t<\/div>\n\t\t\t\t<div class=\"elementor-element elementor-element-ae6781e elementor-invisible elementor-widget elementor-widget-text-editor\" data-id=\"ae6781e\" data-element_type=\"widget\" data-settings=\"{&quot;_animation&quot;:&quot;fadeIn&quot;}\" data-widget_type=\"text-editor.default\">\n\t\t\t\t\t\t\t\t\t<p data-start=\"1834\" data-end=\"2158\">Ritual Flamenco si svolge nel cuore del <strong data-start=\"1886\" data-end=\"1904\">Paseo Mar\u00edtimo<\/strong> di Palma, il viale sul lungomare pi\u00f9 iconico della citt\u00e0. Esteso lungo il porto, questo viale alberato di palme \u00e8 pieno di ristoranti, locali musicali e yacht di lusso. \u00c8 il punto d&#8217;incontro delle culture, dove gente del posto e viaggiatori celebrano la vita in riva al mare.  <\/p><p data-start=\"2160\" data-end=\"2370\">Il nostro locale, il <strong data-start=\"2171\" data-end=\"2195\">Social Club Mallorca<\/strong>, \u00e8 uno degli spazi pi\u00f9 eleganti del Paseo Mar\u00edtimo. Qui, tradizione ed eleganza si fondono: gli ospiti godono di un comfort moderno pur essendo immersi nella bellezza cruda del flamenco. <\/p>\t\t\t\t\t\t\t\t<\/div>\n\t\t\t\t\t<\/div>\n\t\t\t\t<\/div>\n\t\t<div class=\"elementor-element elementor-element-e89a27a e-flex e-con-boxed e-con e-parent\" data-id=\"e89a27a\" data-element_type=\"container\">\n\t\t\t\t\t<div class=\"e-con-inner\">\n\t\t<div class=\"elementor-element elementor-element-b7d0f43 e-con-full e-flex elementor-invisible e-con e-child\" data-id=\"b7d0f43\" data-element_type=\"container\" data-settings=\"{&quot;background_background&quot;:&quot;classic&quot;,&quot;animation&quot;:&quot;fadeIn&quot;}\">\n\t\t\t\t<div class=\"elementor-element elementor-element-dd6fcc3 elementor-invisible elementor-widget elementor-widget-text-editor\" data-id=\"dd6fcc3\" data-element_type=\"widget\" data-settings=\"{&quot;_animation&quot;:&quot;fadeIn&quot;}\" data-widget_type=\"text-editor.default\">\n\t\t\t\t\t\t\t\t\t<p data-start=\"2758\" data-end=\"3009\">La nostra missione \u00e8 preservare il flamenco nella sua forma pi\u00f9 pura, condividendolo con il pubblico di tutto il mondo. Che tu lo stia scoprendo per la prima volta o che tu stia tornando alla sua magia, Ritual Flamenco ti commuover\u00e0, ti ispirer\u00e0 e ti accompagner\u00e0. <\/p><p data-start=\"3011\" data-end=\"3111\">Unisciti a noi a <strong data-start=\"3022\" data-end=\"3043\">Palma di Maiorca<\/strong>, sul famoso <strong data-start=\"3059\" data-end=\"3077\">Paseo Mar\u00edtimo<\/strong>, ed entra a far parte del rituale.<\/p>\t\t\t\t\t\t\t\t<\/div>\n\t\t\t\t<div class=\"elementor-element elementor-element-09ee5df elementor-mobile-align-center elementor-align-center elementor-invisible elementor-widget elementor-widget-button\" data-id=\"09ee5df\" data-element_type=\"widget\" data-settings=\"{&quot;_animation&quot;:&quot;fadeIn&quot;,&quot;_animation_delay&quot;:900}\" data-widget_type=\"button.default\">\n\t\t\t\t\t\t\t\t\t\t<a class=\"elementor-button elementor-button-link elementor-size-sm\" href=\"#\">\n\t\t\t\t\t\t<span class=\"elementor-button-content-wrapper\">\n\t\t\t\t\t\t\t\t\t<span class=\"elementor-button-text\">Biglietti<\/span>\n\t\t\t\t\t<\/span>\n\t\t\t\t\t<\/a>\n\t\t\t\t\t\t\t\t<\/div>\n\t\t\t\t<\/div>\n\t\t\t\t\t<\/div>\n\t\t\t\t<\/div>\n\t\t\t\t<\/div>\n\t\t","protected":false},"excerpt":{"rendered":"<p>Informazioni suRitualFlamenco Ritual Flamenco \u00e8 pi\u00f9 di una performance: \u00e8 un viaggio nell&#8217;anima viva della forma d&#8217;arte pi\u00f9 appassionata della Spagna. Con sede a Palma di Maiorca, all&#8217;interno del Social Club Mallorca sul famoso Paseo Mar\u00edtimo, uniamo musica, danza ed emozione in un&#8217;esperienza intima e indimenticabile. Cos&#8217;\u00e8 Ritual Flamenco? Il flamenco non \u00e8 solo intrattenimento: [&hellip;]<\/p>\n","protected":false},"author":1,"featured_media":0,"parent":0,"menu_order":0,"comment_status":"closed","ping_status":"closed","template":"","meta":{"footnotes":""},"class_list":["post-397","page","type-page","status-publish","hentry"],"blocksy_meta":[],"_links":{"self":[{"href":"https:\/\/ritualflamenco.com\/it\/wp-json\/wp\/v2\/pages\/397","targetHints":{"allow":["GET"]}}],"collection":[{"href":"https:\/\/ritualflamenco.com\/it\/wp-json\/wp\/v2\/pages"}],"about":[{"href":"https:\/\/ritualflamenco.com\/it\/wp-json\/wp\/v2\/types\/page"}],"author":[{"embeddable":true,"href":"https:\/\/ritualflamenco.com\/it\/wp-json\/wp\/v2\/users\/1"}],"replies":[{"embeddable":true,"href":"https:\/\/ritualflamenco.com\/it\/wp-json\/wp\/v2\/comments?post=397"}],"version-history":[{"count":1,"href":"https:\/\/ritualflamenco.com\/it\/wp-json\/wp\/v2\/pages\/397\/revisions"}],"predecessor-version":[{"id":400,"href":"https:\/\/ritualflamenco.com\/it\/wp-json\/wp\/v2\/pages\/397\/revisions\/400"}],"wp:attachment":[{"href":"https:\/\/ritualflamenco.com\/it\/wp-json\/wp\/v2\/media?parent=397"}],"curies":[{"name":"wp","href":"https:\/\/api.w.org\/{rel}","templated":true}]}}